{"id":626,"date":"2025-02-03T10:26:56","date_gmt":"2025-02-03T10:26:56","guid":{"rendered":"https:\/\/voitelukeskus.fi\/?post_type=product&#038;p=626"},"modified":"2025-09-30T11:06:25","modified_gmt":"2025-09-30T11:06:25","slug":"k-10-hydro-32-k-vi-190","status":"publish","type":"product","link":"https:\/\/voitelukeskus.fi\/sv\/tuote\/k-10-hydro-32-k-vi-190\/","title":{"rendered":"K-10 HYDRO 32 K SUPER VI 190 hydraulolja 208L"},"content":{"rendered":"<p>HYDRO K-10 Super VI190-oljor \u00e4r superkvalitets HVLP-hydrauloljor tillverkade av paraffiniska mineraloljor f\u00f6r \u00e5ret runt-anv\u00e4ndning under kr\u00e4vande f\u00f6rh\u00e5llanden. De \u00e4r l\u00e4mpliga f\u00f6r b\u00e5de station\u00e4ra och mobila hydraulsystem som arbetar under varierande f\u00f6rh\u00e5llanden och temperaturer.<\/p>\n<p>HYDRO K-10 Super VI190-oljor \u00e4r utformade f\u00f6r att uppfylla kraven p\u00e5 h\u00f6gt tryck och slitstyrka hos modern utrustning som anv\u00e4nds i nordliga f\u00f6rh\u00e5llanden. Deras mycket h\u00f6ga viskositetsindex g\u00f6r att utrustningen kan starta \u00e4ven i mycket kalla f\u00f6rh\u00e5llanden, samtidigt som oljefilmens tjocklek bibeh\u00e5lls \u00e4ven n\u00e4r den \u00e4r varm.<\/p>\n<p><strong>Produktegenskaper:<\/strong><br \/>\n<img fetchpriority=\"high\" decoding=\"async\" class=\"alignnone size-full wp-image-1587\" src=\"https:\/\/voitelukeskus.fi\/wp-content\/uploads\/2025\/02\/V190_ominaisuudet_.jpg\" alt=\"\" width=\"736\" height=\"158\" srcset=\"https:\/\/voitelukeskus.fi\/wp-content\/uploads\/2025\/02\/V190_ominaisuudet_.jpg 736w, https:\/\/voitelukeskus.fi\/wp-content\/uploads\/2025\/02\/V190_ominaisuudet_-300x64.jpg 300w, https:\/\/voitelukeskus.fi\/wp-content\/uploads\/2025\/02\/V190_ominaisuudet_-600x129.jpg 600w\" sizes=\"(max-width: 736px) 100vw, 736px\" \/><\/p>","protected":false},"excerpt":{"rendered":"<p><strong>Uppfylla f\u00f6ljande krav\/klassificeringar:<\/strong><br \/>\nSAE MS 1004; ISO-viskositetsklass 32; DIN 51524-2 (HM)\/-3 (HV); ISO 11158 (HM, HV); ASTM USA D6158; ANSI AGMA 9005-E02-RO; AIST 126\/127; JCMAS P041 HK Hydraulisk specifikation; TYSK ST\u00c5LINDUSTRI SEB 181222; BOSCH REXROTH RE 90220; EATON M-2950-S; EATON I-286-S3; GM LS2; MAG CINCINNATI P-68\/-69\/-70; PARKER DENISON HF-0\/-1\/-2; SPERRY VICKERS M-2950-S; SPERRY VICKERS I-286-S3<\/p>\n<p><strong>F\u00f6rpackningsstorlekar:<\/strong><br \/>\n208 liter och 1000 liter<\/p>","protected":false},"featured_media":627,"comment_status":"open","ping_status":"closed","template":"","meta":{"_acf_changed":false},"product_brand":[135],"product_cat":[41,36],"product_tag":[65,18,66],"class_list":{"0":"post-626","1":"product","2":"type-product","3":"status-publish","4":"has-post-thumbnail","6":"product_brand-k-10","7":"product_cat-hydraulioljyt","8":"product_cat-oljyt","9":"product_tag-hvlp-hydrauliikkaoljy","10":"product_tag-hydrauliikkaoljy","11":"product_tag-korkean-viskositeetti-indeksin-oljy","13":"first","14":"instock","15":"taxable","16":"shipping-taxable","17":"purchasable","18":"product-type-simple"},"acf":[],"_links":{"self":[{"href":"https:\/\/voitelukeskus.fi\/sv\/wp-json\/wp\/v2\/product\/626","targetHints":{"allow":["GET"]}}],"collection":[{"href":"https:\/\/voitelukeskus.fi\/sv\/wp-json\/wp\/v2\/product"}],"about":[{"href":"https:\/\/voitelukeskus.fi\/sv\/wp-json\/wp\/v2\/types\/product"}],"replies":[{"embeddable":true,"href":"https:\/\/voitelukeskus.fi\/sv\/wp-json\/wp\/v2\/comments?post=626"}],"wp:featuredmedia":[{"embeddable":true,"href":"https:\/\/voitelukeskus.fi\/sv\/wp-json\/wp\/v2\/media\/627"}],"wp:attachment":[{"href":"https:\/\/voitelukeskus.fi\/sv\/wp-json\/wp\/v2\/media?parent=626"}],"wp:term":[{"taxonomy":"product_brand","embeddable":true,"href":"https:\/\/voitelukeskus.fi\/sv\/wp-json\/wp\/v2\/product_brand?post=626"},{"taxonomy":"product_cat","embeddable":true,"href":"https:\/\/voitelukeskus.fi\/sv\/wp-json\/wp\/v2\/product_cat?post=626"},{"taxonomy":"product_tag","embeddable":true,"href":"https:\/\/voitelukeskus.fi\/sv\/wp-json\/wp\/v2\/product_tag?post=626"}],"curies":[{"name":"wp","href":"https:\/\/api.w.org\/{rel}","templated":true}]}}