{"id":4607,"date":"2026-03-09T09:37:26","date_gmt":"2026-03-09T07:37:26","guid":{"rendered":"https:\/\/voitelukeskus.fi\/?post_type=product&#038;p=4607"},"modified":"2026-03-09T09:37:35","modified_gmt":"2026-03-09T07:37:35","slug":"k-10-hd-silicon","status":"publish","type":"product","link":"https:\/\/voitelukeskus.fi\/sv\/tuote\/k-10-hd-silicon\/","title":{"rendered":"K-10 HD-kisel"},"content":{"rendered":"<p><strong>Bruksanvisning: <\/strong><br \/>\nRavista ennen k\u00e4ytt\u00f6\u00e4. Ruiskuta kohteeseen. Pyyhi tarvittaessa ylim\u00e4\u00e4r\u00e4inen pois.<\/p>\n<p><strong>F\u00d6R PROFESSIONELL ANV\u00c4NDNING<\/strong><\/p>","protected":false},"excerpt":{"rendered":"<p><strong>Korkealaatuinen voitelu- ja suoja-aine<\/strong><\/p>\n<p><strong>K-10 HD-kisel<\/strong> on korkealaatuinen, v\u00e4rit\u00f6n ja liuotinvapaa silikonispray kumi- ja muovipinnoille. Se voitelee ja suojaa j\u00e4tt\u00e4en n\u00e4kym\u00e4tt\u00f6m\u00e4n, vett\u00e4 hylkiv\u00e4n kalvon, est\u00e4\u00e4 tiivisteiden j\u00e4\u00e4tymist\u00e4 ja pit\u00e4\u00e4 ne joustavina. Poistaa muoviosien kitin\u00e4t ja sopii kohteisiin, joissa rasvaa tai \u00f6ljy\u00e4 ei voida k\u00e4ytt\u00e4\u00e4. Soveltuu kumi-, muovi-, nahka-, lasikuitu-, metalli- ja puupinnoille sek\u00e4 lukkoihin, saranoihin ja muihin mekanismeihin. K\u00e4ytt\u00f6l\u00e4mp\u00f6tila -40 \u00b0C \u2013 +315 \u00b0C. Soveltuu my\u00f6s elintarviketeollisuuteen. <\/p>\n<p><strong>Produkten \u00e4r f\u00f6rpackad i en aerosolburk med en nettovolym p\u00e5 400 ml. F\u00f6rs\u00e4ljningskvantiteten \u00e4r en (1) f\u00f6rpackning inneh\u00e5llande 12 flaskor.<\/strong><\/p>","protected":false},"featured_media":4601,"comment_status":"closed","ping_status":"closed","template":"","meta":{"_acf_changed":false},"product_brand":[135],"product_cat":[38,78],"product_tag":[],"class_list":{"0":"post-4607","1":"product","2":"type-product","3":"status-publish","4":"has-post-thumbnail","6":"product_brand-k-10","7":"product_cat-huoltokemikaalit-ja-puhdistusaineet","8":"product_cat-aerosolit-ja-sprayt","10":"first","11":"instock","12":"taxable","13":"shipping-taxable","14":"purchasable","15":"product-type-simple"},"acf":[],"_links":{"self":[{"href":"https:\/\/voitelukeskus.fi\/sv\/wp-json\/wp\/v2\/product\/4607","targetHints":{"allow":["GET"]}}],"collection":[{"href":"https:\/\/voitelukeskus.fi\/sv\/wp-json\/wp\/v2\/product"}],"about":[{"href":"https:\/\/voitelukeskus.fi\/sv\/wp-json\/wp\/v2\/types\/product"}],"replies":[{"embeddable":true,"href":"https:\/\/voitelukeskus.fi\/sv\/wp-json\/wp\/v2\/comments?post=4607"}],"wp:featuredmedia":[{"embeddable":true,"href":"https:\/\/voitelukeskus.fi\/sv\/wp-json\/wp\/v2\/media\/4601"}],"wp:attachment":[{"href":"https:\/\/voitelukeskus.fi\/sv\/wp-json\/wp\/v2\/media?parent=4607"}],"wp:term":[{"taxonomy":"product_brand","embeddable":true,"href":"https:\/\/voitelukeskus.fi\/sv\/wp-json\/wp\/v2\/product_brand?post=4607"},{"taxonomy":"product_cat","embeddable":true,"href":"https:\/\/voitelukeskus.fi\/sv\/wp-json\/wp\/v2\/product_cat?post=4607"},{"taxonomy":"product_tag","embeddable":true,"href":"https:\/\/voitelukeskus.fi\/sv\/wp-json\/wp\/v2\/product_tag?post=4607"}],"curies":[{"name":"wp","href":"https:\/\/api.w.org\/{rel}","templated":true}]}}