{"id":4602,"date":"2026-03-09T09:38:53","date_gmt":"2026-03-09T07:38:53","guid":{"rendered":"https:\/\/voitelukeskus.fi\/?post_type=product&#038;p=4602"},"modified":"2026-03-09T09:39:03","modified_gmt":"2026-03-09T07:39:03","slug":"k-10-arctic-scr-urealiuos-1000l","status":"publish","type":"product","link":"https:\/\/voitelukeskus.fi\/sv\/tuote\/k-10-arctic-scr-urealiuos-1000l\/","title":{"rendered":"K-10 Arctic SCR++ ureal\u00f6sning 1000 l"},"content":{"rendered":"<p><strong>Bruksanvisning:<\/strong><br \/>\nTills\u00e4tt bara AdBlue-tanken i fordonet.<br \/>\nBlanda inte med br\u00e4nsle.<br \/>\nReng\u00f6r p\u00e5fyllningsh\u00e5let innan du tills\u00e4tter.<\/p>","protected":false},"excerpt":{"rendered":"<p><strong>K-10 Arktisk SRC++<\/strong> \u00e4r en h\u00f6gkvalitativ 32.5 % ureal\u00f6sning f\u00f6r SCR-system i dieselfordon f\u00f6r att minska NOx-utsl\u00e4pp. Produkten inneh\u00e5ller <strong>ett tillsatsmedel som f\u00f6rhindrar kristallisering<\/strong>, vilket minskar risken f\u00f6r kristallisering och igens\u00e4ttning, och <strong>kylmedelstillsats mot k\u00e4rvning<\/strong>, vilket f\u00f6rb\u00e4ttrar SCR-systemets funktionalitet i kalla f\u00f6rh\u00e5llanden. K-10 Arctic SRC++ st\u00f6der tillf\u00f6rlitlig drift av systemet och renare g\u00e5ng.<\/p>","protected":false},"featured_media":4600,"comment_status":"closed","ping_status":"closed","template":"","meta":{"_acf_changed":false},"product_brand":[135],"product_cat":[211],"product_tag":[],"class_list":{"0":"post-4602","1":"product","2":"type-product","3":"status-publish","4":"has-post-thumbnail","6":"product_brand-k-10","7":"product_cat-adblue","9":"first","10":"instock","11":"taxable","12":"shipping-taxable","13":"purchasable","14":"product-type-simple"},"acf":[],"_links":{"self":[{"href":"https:\/\/voitelukeskus.fi\/sv\/wp-json\/wp\/v2\/product\/4602","targetHints":{"allow":["GET"]}}],"collection":[{"href":"https:\/\/voitelukeskus.fi\/sv\/wp-json\/wp\/v2\/product"}],"about":[{"href":"https:\/\/voitelukeskus.fi\/sv\/wp-json\/wp\/v2\/types\/product"}],"replies":[{"embeddable":true,"href":"https:\/\/voitelukeskus.fi\/sv\/wp-json\/wp\/v2\/comments?post=4602"}],"wp:featuredmedia":[{"embeddable":true,"href":"https:\/\/voitelukeskus.fi\/sv\/wp-json\/wp\/v2\/media\/4600"}],"wp:attachment":[{"href":"https:\/\/voitelukeskus.fi\/sv\/wp-json\/wp\/v2\/media?parent=4602"}],"wp:term":[{"taxonomy":"product_brand","embeddable":true,"href":"https:\/\/voitelukeskus.fi\/sv\/wp-json\/wp\/v2\/product_brand?post=4602"},{"taxonomy":"product_cat","embeddable":true,"href":"https:\/\/voitelukeskus.fi\/sv\/wp-json\/wp\/v2\/product_cat?post=4602"},{"taxonomy":"product_tag","embeddable":true,"href":"https:\/\/voitelukeskus.fi\/sv\/wp-json\/wp\/v2\/product_tag?post=4602"}],"curies":[{"name":"wp","href":"https:\/\/api.w.org\/{rel}","templated":true}]}}