{"id":4345,"date":"2025-12-11T13:09:34","date_gmt":"2025-12-11T11:09:34","guid":{"rendered":"https:\/\/voitelukeskus.fi\/tuote\/k-10-central-lionlube-ep-00-18kg\/"},"modified":"2025-12-15T11:34:50","modified_gmt":"2025-12-15T09:34:50","slug":"k-10-central-lionlube-ep-00-18kg","status":"publish","type":"product","link":"https:\/\/voitelukeskus.fi\/sv\/tuote\/k-10-central-lionlube-ep-00-18kg\/","title":{"rendered":"K-10 Central LionLube EP 00 \u2013 18 kg"},"content":{"rendered":"<p><strong>N\u00c4R DU KR\u00c4VER DET B\u00c4STA, V\u00c4LJ ETT SM\u00d6RJMEDEL SOM H\u00c5LLER!<\/strong><\/p>\n<p>Ett premium litium-kalciumfett som skyddar, sm\u00f6rjer och h\u00e5ller l\u00e4nge. H\u00f6gkvalitativt centralsm\u00f6rjfett, NLGI00, f\u00f6r kr\u00e4vande centralsm\u00f6rjsystem. Den unika sammans\u00e4ttningen s\u00e4kerst\u00e4ller utm\u00e4rkt anv\u00e4ndbarhet och en l\u00e5ng livsl\u00e4ngd sparar tid och underh\u00e5llskostnader.<\/p>\n<p>\u25cf Extremt slitageskydd<br \/>\n\u25cf Korrosions- och oxidationsf\u00f6rebyggande<br \/>\n\u25cf Fungerar under alla f\u00f6rh\u00e5llanden (-35 \u00b0C \u2013 +125 \u00b0C)<\/p>","protected":false},"excerpt":{"rendered":"<p><strong>EFFEKTIVT KORROSIONSF\u00d6REBYGGANDE \u2013 EXTREM PRESTANDA<\/strong><br \/>\n<strong>H\u00f6gkvalitativt centralsm\u00f6rjfett, NLGI00<\/strong><\/p>\n<p>Vattenbest\u00e4ndigt centralsm\u00f6rjfett baserat p\u00e5 litium-kalciumtv\u00e5l, med en blandning av h\u00f6graffinerad mineralolja och syntetisk ester. Speciella tillsatser f\u00f6r att f\u00f6rb\u00e4ttra vidh\u00e4ftningen och f\u00f6rhindra oxidation och korrosion. Driftstemperaturomr\u00e5de -35\u00b0C \u2013 +125\u00b0C.<\/p>\n<p><strong>Paketstorlek<\/strong><br \/>\n18 kg<\/p>\n<p><em><strong>Tillverkad i Finland<\/strong><\/em><\/p>","protected":false},"featured_media":4389,"comment_status":"closed","ping_status":"closed","template":"","meta":{"_acf_changed":false},"product_brand":[135],"product_cat":[169,15],"product_tag":[],"class_list":{"0":"post-4345","1":"product","2":"type-product","3":"status-publish","4":"has-post-thumbnail","6":"product_brand-k-10","7":"product_cat-keskuvoitelurasvat","8":"product_cat-rasvat","10":"first","11":"instock","12":"taxable","13":"shipping-taxable","14":"purchasable","15":"product-type-simple"},"acf":[],"_links":{"self":[{"href":"https:\/\/voitelukeskus.fi\/sv\/wp-json\/wp\/v2\/product\/4345","targetHints":{"allow":["GET"]}}],"collection":[{"href":"https:\/\/voitelukeskus.fi\/sv\/wp-json\/wp\/v2\/product"}],"about":[{"href":"https:\/\/voitelukeskus.fi\/sv\/wp-json\/wp\/v2\/types\/product"}],"replies":[{"embeddable":true,"href":"https:\/\/voitelukeskus.fi\/sv\/wp-json\/wp\/v2\/comments?post=4345"}],"wp:featuredmedia":[{"embeddable":true,"href":"https:\/\/voitelukeskus.fi\/sv\/wp-json\/wp\/v2\/media\/4389"}],"wp:attachment":[{"href":"https:\/\/voitelukeskus.fi\/sv\/wp-json\/wp\/v2\/media?parent=4345"}],"wp:term":[{"taxonomy":"product_brand","embeddable":true,"href":"https:\/\/voitelukeskus.fi\/sv\/wp-json\/wp\/v2\/product_brand?post=4345"},{"taxonomy":"product_cat","embeddable":true,"href":"https:\/\/voitelukeskus.fi\/sv\/wp-json\/wp\/v2\/product_cat?post=4345"},{"taxonomy":"product_tag","embeddable":true,"href":"https:\/\/voitelukeskus.fi\/sv\/wp-json\/wp\/v2\/product_tag?post=4345"}],"curies":[{"name":"wp","href":"https:\/\/api.w.org\/{rel}","templated":true}]}}