{"id":4310,"date":"2025-12-09T10:51:11","date_gmt":"2025-12-09T10:51:11","guid":{"rendered":"https:\/\/voitelukeskus.fi\/?post_type=product&#038;p=4310"},"modified":"2025-12-15T11:34:26","modified_gmt":"2025-12-15T09:34:26","slug":"yushimoto-takumi-li-x2-erikoisrasva-418g","status":"publish","type":"product","link":"https:\/\/voitelukeskus.fi\/sv\/tuote\/yushimoto-takumi-li-x2-erikoisrasva-418g\/","title":{"rendered":"Yushimoto Takumi LI-X2 specialfett \u2013 418 g"},"content":{"rendered":"<p><strong>Takumi LI-X2 \u00e4r s\u00e4rskilt l\u00e4mplig f\u00f6r:<\/strong><\/p>\n<ul>\n<li>Rull- och glidlager<\/li>\n<li>Tungt lastad utrustning<\/li>\n<li>Maskiner som arbetar vid h\u00f6ga temperaturer<\/li>\n<li>V\u00e5ta, fuktiga och smutsiga milj\u00f6er<\/li>\n<li>Industri, anl\u00e4ggningsteknik, transport<\/li>\n<\/ul>\n<p>&nbsp;<\/p>\n<p><strong>Toppfunktioner:<\/strong><\/p>\n<ul>\n<li>Mycket h\u00f6g tryckmotst\u00e5ndskraft<\/li>\n<li>T\u00e5l h\u00f6ga temperaturer<\/li>\n<li>Utm\u00e4rkt vatten- och korrosionsbest\u00e4ndighet<\/li>\n<li>Stark vidh\u00e4ftning<\/li>\n<li>L\u00e5ngvarig och \u00e5ldersbest\u00e4ndig<\/li>\n<li>F\u00f6rl\u00e4nger underh\u00e5llsintervallen<\/li>\n<li>Mekaniskt mycket stabil<\/li>\n<li>Kompatibel med m\u00e5nga plastmaterial<\/li>\n<\/ul>","protected":false},"excerpt":{"rendered":"<p><strong>Halvsyntetiskt EP-fett f\u00f6r extrema f\u00f6rh\u00e5llanden<\/strong><\/p>\n<p>Yushimoto Takumi LI-X2 \u00e4r ett h\u00f6gkvalitativt halvsyntetiskt specialfett avsett f\u00f6r l\u00e5ngtidssm\u00f6rjning i kr\u00e4vande f\u00f6rh\u00e5llanden. Det inneh\u00e5ller en effektiv kombination av fasta sm\u00f6rjmedel som s\u00e4kerst\u00e4ller exceptionell prestanda vid b\u00e5de h\u00f6ga temperaturer och tunga belastningar.<\/p>\n<p>Produkten har en neonf\u00e4rgad indikator \u2013 f\u00f6r din och din maskins s\u00e4kerhet<\/p>\n<p><strong>F\u00f6rpackningsstorlekar<\/strong><br \/>\n0,418 kg fettpatron<br \/>\nLevereras 20 st\/kartong<\/p>","protected":false},"featured_media":4309,"comment_status":"closed","ping_status":"closed","template":"","meta":{"_acf_changed":false},"product_brand":[179],"product_cat":[170,15],"product_tag":[],"class_list":{"0":"post-4310","1":"product","2":"type-product","3":"status-publish","4":"has-post-thumbnail","6":"product_brand-yushimoto","7":"product_cat-patruunarasvat","8":"product_cat-rasvat","10":"first","11":"instock","12":"taxable","13":"shipping-taxable","14":"purchasable","15":"product-type-simple"},"acf":[],"_links":{"self":[{"href":"https:\/\/voitelukeskus.fi\/sv\/wp-json\/wp\/v2\/product\/4310","targetHints":{"allow":["GET"]}}],"collection":[{"href":"https:\/\/voitelukeskus.fi\/sv\/wp-json\/wp\/v2\/product"}],"about":[{"href":"https:\/\/voitelukeskus.fi\/sv\/wp-json\/wp\/v2\/types\/product"}],"replies":[{"embeddable":true,"href":"https:\/\/voitelukeskus.fi\/sv\/wp-json\/wp\/v2\/comments?post=4310"}],"wp:featuredmedia":[{"embeddable":true,"href":"https:\/\/voitelukeskus.fi\/sv\/wp-json\/wp\/v2\/media\/4309"}],"wp:attachment":[{"href":"https:\/\/voitelukeskus.fi\/sv\/wp-json\/wp\/v2\/media?parent=4310"}],"wp:term":[{"taxonomy":"product_brand","embeddable":true,"href":"https:\/\/voitelukeskus.fi\/sv\/wp-json\/wp\/v2\/product_brand?post=4310"},{"taxonomy":"product_cat","embeddable":true,"href":"https:\/\/voitelukeskus.fi\/sv\/wp-json\/wp\/v2\/product_cat?post=4310"},{"taxonomy":"product_tag","embeddable":true,"href":"https:\/\/voitelukeskus.fi\/sv\/wp-json\/wp\/v2\/product_tag?post=4310"}],"curies":[{"name":"wp","href":"https:\/\/api.w.org\/{rel}","templated":true}]}}