{"id":4308,"date":"2025-12-09T10:34:03","date_gmt":"2025-12-09T10:34:03","guid":{"rendered":"https:\/\/voitelukeskus.fi\/?post_type=product&#038;p=4308"},"modified":"2025-12-10T10:04:00","modified_gmt":"2025-12-10T08:04:00","slug":"k-10-dirt-master-farmer-huippuluokan-kalustonpesuaine-60l","status":"publish","type":"product","link":"https:\/\/voitelukeskus.fi\/sv\/tuote\/k-10-dirt-master-farmer-huippuluokan-kalustonpesuaine-60l\/","title":{"rendered":"K-10 Dirt Master Farmer f\u00f6rstklassig maskinreng\u00f6ring 60L"},"content":{"rendered":"<p><strong>ENDAST F\u00d6R PROFESSIONELLT BRUK.<\/strong><\/p>\n<p><strong>Bruksanvisning f\u00f6r dosering:<\/strong><br \/>\nSp\u00e4d med vatten till en 2-7%-l\u00f6sning (vattentemperaturen m\u00e5ste vara mellan +5.. +30).<\/p>\n<p><strong>Effekttid:<\/strong><br \/>\nApplicera med l\u00e5gtrycksspruta eller skumspruta p\u00e5 en sval yta nedifr\u00e5n och upp. L\u00e5t verka i 1\u20132 minuter. Sk\u00f6lj ytan noggrant med h\u00f6gtryckstv\u00e4tt, varmt vatten eller \u00e5nga f\u00f6rst\u00e4rker reng\u00f6ringseffekten.<\/p>\n<p><strong>Produkten \u00e4r biologiskt nedbrytbar.<\/strong><\/p>\n<p>NOTERA!<br \/>\nL\u00e5t inte produkten torka p\u00e5 ytan! Undvik att tv\u00e4tta i direkt solljus och ta \u00e4ven h\u00e4nsyn till drag orsakat av vinden f\u00f6r att f\u00f6rhindra att produkten torkar p\u00e5 ytorna som tv\u00e4ttas.<\/p>\n<p>pH-v\u00e4rde 13,6 koncentrat.<br \/>\npH-v\u00e4rde (1 p-%-l\u00f6sning 11)<\/p>\n<p>Inneh\u00e5ll Nonjoniska tensider 15\u201330 %, terpenf\u00f6reningar 1-3%, emulgeringsmedel, komplexbildare och l\u00f6sningsmedelsf\u00f6reningar 1-5%<br \/>\nNatriumhydroxid < 5 %.\n\nPakkaus 10L ja 60L\n\n\n\n<\/p>","protected":false},"excerpt":{"rendered":"<p><strong>Starkt och effektivt alkaliskt reng\u00f6ringskoncentrat f\u00f6r tv\u00e4tt av jordbruksutrustning.<\/strong><\/p>\n<p>Produkten reng\u00f6r effektivt harts, vaselin, g\u00f6dningsmedel och oljerester utan att skada polykarbonatglas eller andra ytor. Produktens kombination av moderna feta tensider-terpener och biologiskt nedbrytbara l\u00f6sningsmedel reng\u00f6r effektivt \u00e4ven envis smuts.<\/p>","protected":false},"featured_media":4290,"comment_status":"closed","ping_status":"closed","template":"","meta":{"_acf_changed":false},"product_brand":[135],"product_cat":[38,90],"product_tag":[],"class_list":{"0":"post-4308","1":"product","2":"type-product","3":"status-publish","4":"has-post-thumbnail","6":"product_brand-k-10","7":"product_cat-huoltokemikaalit-ja-puhdistusaineet","8":"product_cat-pesuaineet","10":"first","11":"instock","12":"taxable","13":"shipping-taxable","14":"purchasable","15":"product-type-simple"},"acf":[],"_links":{"self":[{"href":"https:\/\/voitelukeskus.fi\/sv\/wp-json\/wp\/v2\/product\/4308","targetHints":{"allow":["GET"]}}],"collection":[{"href":"https:\/\/voitelukeskus.fi\/sv\/wp-json\/wp\/v2\/product"}],"about":[{"href":"https:\/\/voitelukeskus.fi\/sv\/wp-json\/wp\/v2\/types\/product"}],"replies":[{"embeddable":true,"href":"https:\/\/voitelukeskus.fi\/sv\/wp-json\/wp\/v2\/comments?post=4308"}],"wp:featuredmedia":[{"embeddable":true,"href":"https:\/\/voitelukeskus.fi\/sv\/wp-json\/wp\/v2\/media\/4290"}],"wp:attachment":[{"href":"https:\/\/voitelukeskus.fi\/sv\/wp-json\/wp\/v2\/media?parent=4308"}],"wp:term":[{"taxonomy":"product_brand","embeddable":true,"href":"https:\/\/voitelukeskus.fi\/sv\/wp-json\/wp\/v2\/product_brand?post=4308"},{"taxonomy":"product_cat","embeddable":true,"href":"https:\/\/voitelukeskus.fi\/sv\/wp-json\/wp\/v2\/product_cat?post=4308"},{"taxonomy":"product_tag","embeddable":true,"href":"https:\/\/voitelukeskus.fi\/sv\/wp-json\/wp\/v2\/product_tag?post=4308"}],"curies":[{"name":"wp","href":"https:\/\/api.w.org\/{rel}","templated":true}]}}