{"id":4305,"date":"2025-12-09T11:07:15","date_gmt":"2025-12-09T11:07:15","guid":{"rendered":"https:\/\/voitelukeskus.fi\/?post_type=product&#038;p=4305"},"modified":"2025-12-10T10:00:48","modified_gmt":"2025-12-10T08:00:48","slug":"k-10-dirt-master-machinery-huippuluokan-pesuaine-10l","status":"publish","type":"product","link":"https:\/\/voitelukeskus.fi\/sv\/tuote\/k-10-dirt-master-machinery-huippuluokan-pesuaine-10l\/","title":{"rendered":"K-10 Dirt Master Maskintv\u00e4ttmedel Premium 10L"},"content":{"rendered":"<p><strong>ENDAST F\u00d6R PROFESSIONELLT BRUK.<\/strong><\/p>\n<p><strong>Bruksanvisning f\u00f6r dosering:<\/strong><br \/>\nSp\u00e4d med vatten till en 1-8%-l\u00f6sning (vattentemperaturen m\u00e5ste vara mellan +5.. +30).<\/p>\n<p><strong>Effekttid:<\/strong><br \/>\nApplicera med l\u00e5gtrycksspruta eller skumspruta p\u00e5 en sval yta nedifr\u00e5n och upp. L\u00e5t verka i 1\u20132 minuter. Sk\u00f6lj ytan noggrant med h\u00f6gtryckstv\u00e4tt, varmt vatten eller \u00e5nga f\u00f6rst\u00e4rker reng\u00f6ringseffekten.<\/p>\n<p><strong>Produkten \u00e4r biologiskt nedbrytbar.<\/strong><\/p>\n<p>NOTERA!<br \/>\nL\u00e5t inte produkten torka p\u00e5 ytan! Undvik att tv\u00e4tta i direkt solljus och ta \u00e4ven h\u00e4nsyn till drag orsakat av vinden f\u00f6r att f\u00f6rhindra att produkten torkar p\u00e5 ytorna som tv\u00e4ttas. <\/p>\n<p>pH-v\u00e4rde 13,9 koncentrat.<br \/>\npH-v\u00e4rde (1 p-%-l\u00f6sning 12)<\/p>","protected":false},"excerpt":{"rendered":"<p><strong>Mycket starkt och effektivt alkaliskt reng\u00f6ringskoncentrat f\u00f6r tv\u00e4tt av gr\u00e4vmaskiner, hjullastare, schaktmaskiner och annan tung utrustning.<\/strong><\/p>\n<p>Avl\u00e4gsnar effektivt sand- och stendamm, fett, oljerester och annan sv\u00e5rbehandlad smuts utan att skada polykarbonatlinser eller andra ytor. Den moderna formulan kombinerar effektiva komplexbildare, tv\u00e5 l\u00f6sningsmedel och en fet tensid-terpenf\u00f6rening, som l\u00f6ser upp envis smuts snabbt och grundligt.<\/p>","protected":false},"featured_media":4295,"comment_status":"closed","ping_status":"closed","template":"","meta":{"_acf_changed":false},"product_brand":[135],"product_cat":[38,90],"product_tag":[],"class_list":{"0":"post-4305","1":"product","2":"type-product","3":"status-publish","4":"has-post-thumbnail","6":"product_brand-k-10","7":"product_cat-huoltokemikaalit-ja-puhdistusaineet","8":"product_cat-pesuaineet","10":"first","11":"instock","12":"taxable","13":"shipping-taxable","14":"purchasable","15":"product-type-simple"},"acf":[],"_links":{"self":[{"href":"https:\/\/voitelukeskus.fi\/sv\/wp-json\/wp\/v2\/product\/4305","targetHints":{"allow":["GET"]}}],"collection":[{"href":"https:\/\/voitelukeskus.fi\/sv\/wp-json\/wp\/v2\/product"}],"about":[{"href":"https:\/\/voitelukeskus.fi\/sv\/wp-json\/wp\/v2\/types\/product"}],"replies":[{"embeddable":true,"href":"https:\/\/voitelukeskus.fi\/sv\/wp-json\/wp\/v2\/comments?post=4305"}],"wp:featuredmedia":[{"embeddable":true,"href":"https:\/\/voitelukeskus.fi\/sv\/wp-json\/wp\/v2\/media\/4295"}],"wp:attachment":[{"href":"https:\/\/voitelukeskus.fi\/sv\/wp-json\/wp\/v2\/media?parent=4305"}],"wp:term":[{"taxonomy":"product_brand","embeddable":true,"href":"https:\/\/voitelukeskus.fi\/sv\/wp-json\/wp\/v2\/product_brand?post=4305"},{"taxonomy":"product_cat","embeddable":true,"href":"https:\/\/voitelukeskus.fi\/sv\/wp-json\/wp\/v2\/product_cat?post=4305"},{"taxonomy":"product_tag","embeddable":true,"href":"https:\/\/voitelukeskus.fi\/sv\/wp-json\/wp\/v2\/product_tag?post=4305"}],"curies":[{"name":"wp","href":"https:\/\/api.w.org\/{rel}","templated":true}]}}