{"id":4303,"date":"2025-12-09T11:08:03","date_gmt":"2025-12-09T11:08:03","guid":{"rendered":"https:\/\/voitelukeskus.fi\/?post_type=product&#038;p=4303"},"modified":"2025-12-10T09:57:38","modified_gmt":"2025-12-10T07:57:38","slug":"k-10-dirt-master-harvester-huippuluokan-kalustonpesuaine-10l","status":"publish","type":"product","link":"https:\/\/voitelukeskus.fi\/sv\/tuote\/k-10-dirt-master-harvester-huippuluokan-kalustonpesuaine-10l\/","title":{"rendered":"K-10 Dirt Master Harvester h\u00f6gklassig utrustningsreng\u00f6ring 10L"},"content":{"rendered":"<p><strong>ENDAST F\u00d6R PROFESSIONELLT BRUK.<\/strong><\/p>\n<p><strong>Bruksanvisning f\u00f6r dosering:<\/strong><br \/>\nSp\u00e4d med vatten till en 1-10%-l\u00f6sning (vattentemperaturen m\u00e5ste vara mellan +5.. +30).<\/p>\n<p><strong>Effekttid:<\/strong><br \/>\nApplicera med l\u00e5gtrycksspruta eller skumspruta p\u00e5 en sval yta nedifr\u00e5n och upp. L\u00e5t verka i 1\u20132 minuter. Sk\u00f6lj ytan noggrant med h\u00f6gtryckstv\u00e4tt, varmt vatten eller \u00e5nga f\u00f6rst\u00e4rker reng\u00f6ringseffekten.<\/p>\n<p><strong>Produkten \u00e4r biologiskt nedbrytbar.<\/strong><\/p>\n<p>NOTERA!<br \/>\nL\u00e5t inte produkten torka p\u00e5 ytan! Undvik att tv\u00e4tta i direkt solljus och ta \u00e4ven h\u00e4nsyn till drag orsakat av vinden f\u00f6r att f\u00f6rhindra att produkten torkar p\u00e5 ytorna som tv\u00e4ttas.<\/p>\n<p>pH-v\u00e4rde 13,9 koncentrat.<br \/>\npH-v\u00e4rde (1 p-%-l\u00f6sning 11,8)<\/p>\n<p>Inneh\u00e5ll Nonjoniska tensider 15\u201330 %, terpenf\u00f6reningar 1\u20133%, emulgeringsmedel, komplexbildare och l\u00f6sningsmedelsf\u00f6reningar 5\u201310%<br \/>\nNatriumhydroxid &lt; 5 %.<\/p>\n<p>F\u00f6rpackning 10L och 60L<\/p>","protected":false},"excerpt":{"rendered":"<p><strong>Mycket starkt och effektivt alkaliskt reng\u00f6ringskoncentrat f\u00f6r tv\u00e4tt av skogsmaskiner och utrustning. <\/strong><\/p>\n<p>Produkten reng\u00f6r effektivt harts, vaselin, f\u00e4rg\u00e4mnen och oljerester utan att skada polykarbonatlinser eller andra ytor.<\/p>\n<p>Produktens moderna formula kombinerar effektiva komplexbildare, tv\u00e5 l\u00f6sningsmedel och en fet tensid-terpenf\u00f6rening, som tillsammans snabbt l\u00f6ser upp envis och sv\u00e5rbehandlad smuts.<\/p>","protected":false},"featured_media":4292,"comment_status":"closed","ping_status":"closed","template":"","meta":{"_acf_changed":false},"product_brand":[135],"product_cat":[38,90],"product_tag":[],"class_list":{"0":"post-4303","1":"product","2":"type-product","3":"status-publish","4":"has-post-thumbnail","6":"product_brand-k-10","7":"product_cat-huoltokemikaalit-ja-puhdistusaineet","8":"product_cat-pesuaineet","10":"first","11":"instock","12":"taxable","13":"shipping-taxable","14":"purchasable","15":"product-type-simple"},"acf":[],"_links":{"self":[{"href":"https:\/\/voitelukeskus.fi\/sv\/wp-json\/wp\/v2\/product\/4303","targetHints":{"allow":["GET"]}}],"collection":[{"href":"https:\/\/voitelukeskus.fi\/sv\/wp-json\/wp\/v2\/product"}],"about":[{"href":"https:\/\/voitelukeskus.fi\/sv\/wp-json\/wp\/v2\/types\/product"}],"replies":[{"embeddable":true,"href":"https:\/\/voitelukeskus.fi\/sv\/wp-json\/wp\/v2\/comments?post=4303"}],"wp:featuredmedia":[{"embeddable":true,"href":"https:\/\/voitelukeskus.fi\/sv\/wp-json\/wp\/v2\/media\/4292"}],"wp:attachment":[{"href":"https:\/\/voitelukeskus.fi\/sv\/wp-json\/wp\/v2\/media?parent=4303"}],"wp:term":[{"taxonomy":"product_brand","embeddable":true,"href":"https:\/\/voitelukeskus.fi\/sv\/wp-json\/wp\/v2\/product_brand?post=4303"},{"taxonomy":"product_cat","embeddable":true,"href":"https:\/\/voitelukeskus.fi\/sv\/wp-json\/wp\/v2\/product_cat?post=4303"},{"taxonomy":"product_tag","embeddable":true,"href":"https:\/\/voitelukeskus.fi\/sv\/wp-json\/wp\/v2\/product_tag?post=4303"}],"curies":[{"name":"wp","href":"https:\/\/api.w.org\/{rel}","templated":true}]}}