{"id":4302,"date":"2025-12-09T11:08:25","date_gmt":"2025-12-09T11:08:25","guid":{"rendered":"https:\/\/voitelukeskus.fi\/?post_type=product&#038;p=4302"},"modified":"2025-12-09T11:15:22","modified_gmt":"2025-12-09T11:15:22","slug":"k-10-dirt-master-hand-wash","status":"publish","type":"product","link":"https:\/\/voitelukeskus.fi\/sv\/tuote\/k-10-dirt-master-hand-wash\/","title":{"rendered":"K-10 Dirt Master Handtv\u00e4tt 4\u00d72,5L"},"content":{"rendered":"<p><strong>K-10 Dirt Master HandWash \u00e4r en effektiv men skonsam handreng\u00f6ring f\u00f6r kr\u00e4vande anv\u00e4ndning.<\/strong> Avl\u00e4gsnar effektivt olja, fett, tj\u00e4ra, beck, f\u00e4rsk f\u00e4rg, bromsv\u00e4tska och annan tuff smuts. Inneh\u00e5ller naturliga slipkorn av kosmetisk kvalitet som f\u00f6rb\u00e4ttrar handreng\u00f6ringen. Inneh\u00e5ller inga l\u00f6sningsmedel \u2013 produkten \u00e4r biologiskt nedbrytbar och milj\u00f6v\u00e4nlig.<\/p>\n<p>Gener\u00f6s formula: en liten m\u00e4ngd r\u00e4cker. Efter tv\u00e4tt \u00e4r h\u00e4nderna rena, mjuka och v\u00e4lv\u00e5rdade. Inneh\u00e5ller lanolin, som skyddar och \u00e5terfuktar huden. L\u00e4mplig f\u00f6r k\u00e4nslig hud, hypoallergen och f\u00f6r daglig anv\u00e4ndning. <\/p>\n<p>Behaglig mild citrusdoft. pH 6,0.<\/p>\n<p><strong>BRUKSANVISNING:<\/strong><br \/>\n1. Ta en liten m\u00e4ngd av produkten och gnugga h\u00e4nderna mot varandra.<br \/>\n2. Tills\u00e4tt lite vatten och forts\u00e4tt massera h\u00e4nderna.<br \/>\n3. Sk\u00f6lj h\u00e4nderna noggrant.<br \/>\nF\u00f6rvaras utom r\u00e4ckh\u00e5ll f\u00f6r barn. Om l\u00e4karv\u00e5rd beh\u00f6vs, visa beh\u00e5llaren eller varningsetiketten.<\/p>\n<p><strong>F\u00d6R PROFESSIONELL ANV\u00c4NDNING<\/strong><\/p>","protected":false},"excerpt":{"rendered":"<p><strong>K-10 Dirt Master HandWash \u00e4r en effektiv men skonsam handreng\u00f6ring f\u00f6r kr\u00e4vande anv\u00e4ndning.<\/strong><\/p>\n<p>\u2022 Mycket effektivt handsprit<br \/>\n\u2022 Avl\u00e4gsnar h\u00e5rt sittande smuts och fett<br \/>\n\u2022 V\u00e5rdar h\u00e4nderna efter tv\u00e4tt<br \/>\n\u2022 L\u00f6sningsmedelsfri och biologiskt nedbrytbar<\/p>\n<p><strong>F\u00f6rs\u00e4ljningsparti: 4 x 2,5L<\/strong><\/p>","protected":false},"featured_media":4299,"comment_status":"closed","ping_status":"closed","template":"","meta":{"_acf_changed":false},"product_brand":[135],"product_cat":[38,90],"product_tag":[],"class_list":{"0":"post-4302","1":"product","2":"type-product","3":"status-publish","4":"has-post-thumbnail","6":"product_brand-k-10","7":"product_cat-huoltokemikaalit-ja-puhdistusaineet","8":"product_cat-pesuaineet","10":"first","11":"instock","12":"taxable","13":"shipping-taxable","14":"purchasable","15":"product-type-simple"},"acf":[],"_links":{"self":[{"href":"https:\/\/voitelukeskus.fi\/sv\/wp-json\/wp\/v2\/product\/4302","targetHints":{"allow":["GET"]}}],"collection":[{"href":"https:\/\/voitelukeskus.fi\/sv\/wp-json\/wp\/v2\/product"}],"about":[{"href":"https:\/\/voitelukeskus.fi\/sv\/wp-json\/wp\/v2\/types\/product"}],"replies":[{"embeddable":true,"href":"https:\/\/voitelukeskus.fi\/sv\/wp-json\/wp\/v2\/comments?post=4302"}],"wp:featuredmedia":[{"embeddable":true,"href":"https:\/\/voitelukeskus.fi\/sv\/wp-json\/wp\/v2\/media\/4299"}],"wp:attachment":[{"href":"https:\/\/voitelukeskus.fi\/sv\/wp-json\/wp\/v2\/media?parent=4302"}],"wp:term":[{"taxonomy":"product_brand","embeddable":true,"href":"https:\/\/voitelukeskus.fi\/sv\/wp-json\/wp\/v2\/product_brand?post=4302"},{"taxonomy":"product_cat","embeddable":true,"href":"https:\/\/voitelukeskus.fi\/sv\/wp-json\/wp\/v2\/product_cat?post=4302"},{"taxonomy":"product_tag","embeddable":true,"href":"https:\/\/voitelukeskus.fi\/sv\/wp-json\/wp\/v2\/product_tag?post=4302"}],"curies":[{"name":"wp","href":"https:\/\/api.w.org\/{rel}","templated":true}]}}