{"id":3951,"date":"2025-09-10T09:15:44","date_gmt":"2025-09-10T09:15:44","guid":{"rendered":"https:\/\/voitelukeskus.fi\/?post_type=product&#038;p=3951"},"modified":"2026-03-18T15:08:47","modified_gmt":"2026-03-18T13:08:47","slug":"k-10-elite-s-46-hydraulioljy-208l","status":"publish","type":"product","link":"https:\/\/voitelukeskus.fi\/sv\/tuote\/k-10-elite-s-46-hydraulioljy-208l\/","title":{"rendered":"K-10 ELITE S 46 hydraulolja 208L"},"content":{"rendered":"<p data-start=\"438\" data-end=\"766\">ELITE S-oljor \u00e4r h\u00f6gkvalitativa HVLP-hydrauloljor tillverkade av paraffiniska mineraloljor f\u00f6r \u00e5retruntbruk. De \u00e4r l\u00e4mpliga f\u00f6r b\u00e5de station\u00e4ra och mobila hydraulsystem som arbetar under varierande f\u00f6rh\u00e5llanden och temperaturer.<\/p>\n<p data-start=\"768\" data-end=\"1006\">ELITE S-oljor \u00e4r utformade f\u00f6r att m\u00f6ta kraven fr\u00e5n modern utrustning vad g\u00e4ller b\u00e5de tryckbest\u00e4ndighet och slitageskydd. Deras h\u00f6ga viskositetsindex g\u00f6r att utrustningen kan starta \u00e4ven i kalla f\u00f6rh\u00e5llanden.<\/p>\n<p data-start=\"768\" data-end=\"1006\"><strong>Produktegenskaper:<\/strong><\/p>\n<p data-start=\"768\" data-end=\"1006\"><strong><img fetchpriority=\"high\" decoding=\"async\" class=\"alignnone wp-image-3945\" src=\"https:\/\/voitelukeskus.fi\/wp-content\/uploads\/2025\/09\/K-10-ELITE-S-32-46-tuoteominaisuudet.png\" alt=\"\" width=\"741\" height=\"209\" srcset=\"https:\/\/voitelukeskus.fi\/wp-content\/uploads\/2025\/09\/K-10-ELITE-S-32-46-tuoteominaisuudet.png 2000w, https:\/\/voitelukeskus.fi\/wp-content\/uploads\/2025\/09\/K-10-ELITE-S-32-46-tuoteominaisuudet-300x84.png 300w, https:\/\/voitelukeskus.fi\/wp-content\/uploads\/2025\/09\/K-10-ELITE-S-32-46-tuoteominaisuudet-1024x288.png 1024w, https:\/\/voitelukeskus.fi\/wp-content\/uploads\/2025\/09\/K-10-ELITE-S-32-46-tuoteominaisuudet-768x216.png 768w, https:\/\/voitelukeskus.fi\/wp-content\/uploads\/2025\/09\/K-10-ELITE-S-32-46-tuoteominaisuudet-1536x432.png 1536w, https:\/\/voitelukeskus.fi\/wp-content\/uploads\/2025\/09\/K-10-ELITE-S-32-46-tuoteominaisuudet-18x5.png 18w, https:\/\/voitelukeskus.fi\/wp-content\/uploads\/2025\/09\/K-10-ELITE-S-32-46-tuoteominaisuudet-600x169.png 600w\" sizes=\"(max-width: 741px) 100vw, 741px\" \/><\/strong><\/p>\n<p data-start=\"768\" data-end=\"1006\">","protected":false},"excerpt":{"rendered":"<p><strong>Uppfyller f\u00f6ljande krav\/klassificeringar:<\/strong><br \/>\nISO 6743-4, ISO-L-HV, DIN 51524-3 (HVLP), AFNOR NF E 48-603 (HV), Sperry Vickers I-286-S, US-st\u00e5l 126 och 127<\/p>\n<p><strong>F\u00f6rpackningsstorlekar:<\/strong><br \/>\n20L och 208L<\/p>","protected":false},"featured_media":3960,"comment_status":"closed","ping_status":"closed","template":"","meta":{"_acf_changed":false},"product_brand":[135],"product_cat":[41,36],"product_tag":[],"class_list":{"0":"post-3951","1":"product","2":"type-product","3":"status-publish","4":"has-post-thumbnail","6":"product_brand-k-10","7":"product_cat-hydraulioljyt","8":"product_cat-oljyt","10":"first","11":"instock","12":"taxable","13":"shipping-taxable","14":"purchasable","15":"product-type-simple"},"acf":[],"_links":{"self":[{"href":"https:\/\/voitelukeskus.fi\/sv\/wp-json\/wp\/v2\/product\/3951","targetHints":{"allow":["GET"]}}],"collection":[{"href":"https:\/\/voitelukeskus.fi\/sv\/wp-json\/wp\/v2\/product"}],"about":[{"href":"https:\/\/voitelukeskus.fi\/sv\/wp-json\/wp\/v2\/types\/product"}],"replies":[{"embeddable":true,"href":"https:\/\/voitelukeskus.fi\/sv\/wp-json\/wp\/v2\/comments?post=3951"}],"wp:featuredmedia":[{"embeddable":true,"href":"https:\/\/voitelukeskus.fi\/sv\/wp-json\/wp\/v2\/media\/3960"}],"wp:attachment":[{"href":"https:\/\/voitelukeskus.fi\/sv\/wp-json\/wp\/v2\/media?parent=3951"}],"wp:term":[{"taxonomy":"product_brand","embeddable":true,"href":"https:\/\/voitelukeskus.fi\/sv\/wp-json\/wp\/v2\/product_brand?post=3951"},{"taxonomy":"product_cat","embeddable":true,"href":"https:\/\/voitelukeskus.fi\/sv\/wp-json\/wp\/v2\/product_cat?post=3951"},{"taxonomy":"product_tag","embeddable":true,"href":"https:\/\/voitelukeskus.fi\/sv\/wp-json\/wp\/v2\/product_tag?post=3951"}],"curies":[{"name":"wp","href":"https:\/\/api.w.org\/{rel}","templated":true}]}}