{"id":3566,"date":"2025-08-05T10:05:55","date_gmt":"2025-08-05T10:05:55","guid":{"rendered":"https:\/\/voitelukeskus.fi\/?post_type=product&#038;p=3566"},"modified":"2025-08-11T10:03:21","modified_gmt":"2025-08-11T10:03:21","slug":"petro-canada-og2-red-400g-30-kpl","status":"publish","type":"product","link":"https:\/\/voitelukeskus.fi\/sv\/tuote\/petro-canada-og2-red-400g-30-kpl\/","title":{"rendered":"Petro-Canada OG2 RED \u2013 400g 30 st"},"content":{"rendered":"<h2>PEERLESS\u2122 LLG &amp; OG kalciumsulfonatfetter<\/h2>\n<div class=\"tuotekuvaus\">\n<p>Petro-Canada PEERLESS\u2122-fetter \u00e4r premium-multifunktionsfetter utformade f\u00f6r att minska driftskostnaderna och ge ut\u00f6kat skydd vid h\u00f6ga temperaturer eller v\u00e5ta driftsf\u00f6rh\u00e5llanden. PEERLESS-serien av extremt tryck (EP) h\u00f6gtemperatur-multifunktionsfetter \u00e4r speciellt formulerade f\u00f6r att fungera effektivt i v\u00e5ta och marina milj\u00f6er. Ett speciellt kalciumsulfonatkomplexf\u00f6rtjockningsmedel g\u00f6r att dessa fetter kan absorbera m\u00e5ttliga m\u00e4ngder vatten utan att mjukna, \u00e4ndra konsistens eller f\u00f6rlora sitt korrosionsskydd.<\/p>\n<div class=\"ominaisuudet\">\n<h3 class=\"bold\">Funktioner och f\u00f6rdelar med PEERLESS LLG:<\/h3>\n<ul class=\"lista\">\n<li>L\u00e5ng h\u00e5llbarhet vid h\u00f6ga temperaturer ger l\u00e5ngvarigt skydd f\u00f6r enheten.<\/li>\n<li>Utm\u00e4rkt vattenbest\u00e4ndighet ger bra rost- och korrosionsskydd.<\/li>\n<li>H\u00f6g mekanisk stabilitet under sv\u00e5ra driftsf\u00f6rh\u00e5llanden.<\/li>\n<li>Minskar lagerslitage och f\u00f6rl\u00e4nger utrustningens livsl\u00e4ngd.<\/li>\n<\/ul>\n<\/div>\n<div class=\"ominaisuudet\">\n<h3 class=\"bold\">Funktioner och f\u00f6rdelar med PEERLESS OG Fats:<\/h3>\n<ul class=\"lista\">\n<li>Utm\u00e4rkt prestanda i vatten, h\u00e5ller sig p\u00e5 plats i v\u00e5ta och marina applikationer.<\/li>\n<li>Brett temperatur-\/tryckomr\u00e5de tack vare speciellt f\u00f6rtjockningsmedel.<\/li>\n<li>Utm\u00e4rkt rost- och korrosionsskydd.<\/li>\n<li>Utm\u00e4rkta vidh\u00e4ftningsegenskaper skyddar roterande delar och minskar utrustningskostnaderna.<\/li>\n<\/ul>\n<\/div>\n<div class=\"sovellukset\">\n<h3 class=\"bold\">Anv\u00e4ndningsomr\u00e5den:<\/h3>\n<p>PEERLESS LLG- och OG-fetter \u00e4r utformade f\u00f6r att ge utm\u00e4rkt sm\u00f6rjning inom en m\u00e4ngd olika till\u00e4mpningar, s\u00e4rskilt vid h\u00f6ga temperaturer och mycket v\u00e5ta driftsf\u00f6rh\u00e5llanden. De rekommenderas f\u00f6r anv\u00e4ndning i en m\u00e4ngd olika industriella och automatiserade till\u00e4mpningar, inklusive:<\/p>\n<ul class=\"lista\">\n<li>Allm\u00e4n tillverkning<\/li>\n<li>Skogsbruk<\/li>\n<li>Kraftproduktion<\/li>\n<li>Fordon<\/li>\n<li>Brytning<\/li>\n<\/ul>\n<\/div>\n<\/div>","protected":false},"excerpt":{"rendered":"<p>Petro-Canada PEERLESS\u2122-fetter \u00e4r premium-multifunktionsfetter utformade f\u00f6r att minska driftskostnaderna och ge ut\u00f6kat skydd vid h\u00f6ga temperaturer eller v\u00e5ta driftsf\u00f6rh\u00e5llanden. PEERLESS-serien av extremt tryck (EP) h\u00f6gtemperatur-multifunktionsfetter \u00e4r speciellt formulerade f\u00f6r att fungera effektivt i v\u00e5ta och marina milj\u00f6er. Ett speciellt kalciumsulfonatkomplexf\u00f6rtjockningsmedel g\u00f6r att dessa fetter kan absorbera m\u00e5ttliga m\u00e4ngder vatten utan att mjukna, \u00e4ndra konsistens eller f\u00f6rlora sitt korrosionsskydd.<\/p>\n<p><strong>F\u00f6rpackningsstorlekar<\/strong><br \/>\n0,400 kg fettpatron<br \/>\nLevereras 30 st\/kartong<\/p>","protected":false},"featured_media":3523,"comment_status":"closed","ping_status":"closed","template":"","meta":{"_acf_changed":false},"product_brand":[140],"product_cat":[170,46,15],"product_tag":[182,180,181,173],"class_list":{"0":"post-3566","1":"product","2":"type-product","3":"status-publish","4":"has-post-thumbnail","6":"product_brand-petro-canada","7":"product_cat-patruunarasvat","8":"product_cat-petro-canada","9":"product_cat-rasvat","10":"product_tag-monikayttorasva","11":"product_tag-og2","12":"product_tag-petro-canada","13":"product_tag-tuubirasva","15":"first","16":"outofstock","17":"taxable","18":"shipping-taxable","19":"purchasable","20":"product-type-simple"},"acf":[],"_links":{"self":[{"href":"https:\/\/voitelukeskus.fi\/sv\/wp-json\/wp\/v2\/product\/3566","targetHints":{"allow":["GET"]}}],"collection":[{"href":"https:\/\/voitelukeskus.fi\/sv\/wp-json\/wp\/v2\/product"}],"about":[{"href":"https:\/\/voitelukeskus.fi\/sv\/wp-json\/wp\/v2\/types\/product"}],"replies":[{"embeddable":true,"href":"https:\/\/voitelukeskus.fi\/sv\/wp-json\/wp\/v2\/comments?post=3566"}],"wp:featuredmedia":[{"embeddable":true,"href":"https:\/\/voitelukeskus.fi\/sv\/wp-json\/wp\/v2\/media\/3523"}],"wp:attachment":[{"href":"https:\/\/voitelukeskus.fi\/sv\/wp-json\/wp\/v2\/media?parent=3566"}],"wp:term":[{"taxonomy":"product_brand","embeddable":true,"href":"https:\/\/voitelukeskus.fi\/sv\/wp-json\/wp\/v2\/product_brand?post=3566"},{"taxonomy":"product_cat","embeddable":true,"href":"https:\/\/voitelukeskus.fi\/sv\/wp-json\/wp\/v2\/product_cat?post=3566"},{"taxonomy":"product_tag","embeddable":true,"href":"https:\/\/voitelukeskus.fi\/sv\/wp-json\/wp\/v2\/product_tag?post=3566"}],"curies":[{"name":"wp","href":"https:\/\/api.w.org\/{rel}","templated":true}]}}