{"id":3539,"date":"2025-07-31T10:29:33","date_gmt":"2025-07-31T10:29:33","guid":{"rendered":"https:\/\/voitelukeskus.fi\/?post_type=product&#038;p=3539"},"modified":"2025-07-31T10:36:33","modified_gmt":"2025-07-31T10:36:33","slug":"valvoline-hvlp-ultramax-46-hydrauliikkaoljy-200l-k-10-lionlube-rasva-20kpl","status":"publish","type":"product","link":"https:\/\/voitelukeskus.fi\/sv\/tuote\/valvoline-hvlp-ultramax-46-hydrauliikkaoljy-200l-k-10-lionlube-rasva-20kpl\/","title":{"rendered":"Valvoline HVLP Ultramax 46 hydraulolja 200L + K-10 LionLube fett 20 st"},"content":{"rendered":"<h4 data-start=\"0\" data-end=\"335\"><strong>Nu till ett fantastiskt paketpris!<\/strong><\/h4>\n<h4 data-start=\"0\" data-end=\"335\"><strong>200 liter Valvoline HVLP Ultramax 46 hydraulolja + 20 st K-10 LionLube-fett.<\/strong><\/h4>\n<h4 data-start=\"0\" data-end=\"335\"><strong>Fri frakt!<\/strong><\/h4>\n<p>&nbsp;<\/p>\n<p data-start=\"0\" data-end=\"335\"><strong data-start=\"0\" data-end=\"17\">Applikationer<\/strong><br data-start=\"17\" data-end=\"20\" \/>Valvoline Ultramax HVLP- och HLP-hydrauloljor \u00e4r avsiktligt utvecklade f\u00f6r att passa en m\u00e4ngd olika till\u00e4mpningar. Deras f\u00f6rm\u00e5ga att motst\u00e5 ett brett temperaturomr\u00e5de och tunga belastningar g\u00f6r dem till idealiska hydrauloljor f\u00f6r kr\u00e4vande f\u00f6rh\u00e5llanden d\u00e4r utm\u00e4rkt skydd och prestanda kr\u00e4vs.<\/p>\n<p data-start=\"337\" data-end=\"622\">Oljorna rekommenderas f\u00f6r b\u00e5de mobila och station\u00e4ra hydraulsystem, samt f\u00f6r industriella, terr\u00e4ng-, bygg-, v\u00e4gbyggnads- och gruvapplikationer. Vissa Valvoline Ultramax HVLP- och HLP-hydrauloljor kan \u00e4ven anv\u00e4ndas som luftkompressoroljor.<\/p>\n<p data-start=\"624\" data-end=\"878\"><strong data-start=\"624\" data-end=\"634\">F\u00f6rdelar<\/strong><br data-start=\"634\" data-end=\"637\" \/>Valvoline Ultramax HVLP- och HLP-hydrauloljor \u00e4r formulerade med h\u00f6gkvalitativa basoljor och tillsatser av premiumkvalitet f\u00f6r att ge exceptionellt skydd och prestanda i h\u00f6g belastning. Viktiga funktioner inkluderar:<\/p>\n<ul data-start=\"880\" data-end=\"1469\">\n<li data-start=\"880\" data-end=\"1057\">\n<p data-start=\"882\" data-end=\"1057\">Utm\u00e4rkt oxidationsbest\u00e4ndighet och goda rostskydds-, korrosionsskydds-, skumd\u00e4mpnings- och slamskyddsegenskaper m\u00f6jligg\u00f6r anv\u00e4ndning \u00e4ven under kr\u00e4vande f\u00f6rh\u00e5llanden.<\/p>\n<\/li>\n<li data-start=\"1058\" data-end=\"1203\">\n<p data-start=\"1060\" data-end=\"1203\">L\u00e5g flytpunkt, h\u00f6gt viskositetsindex och utm\u00e4rkta flytegenskaper s\u00e4kerst\u00e4ller stabilitet och minskar effekten av temperaturfluktuationer.<\/p>\n<\/li>\n<li data-start=\"1204\" data-end=\"1254\">\n<p data-start=\"1206\" data-end=\"1254\">H\u00f6g belastningsmotst\u00e5nd och tryckmotst\u00e5nd.<\/p>\n<\/li>\n<li data-start=\"1255\" data-end=\"1353\">\n<p data-start=\"1257\" data-end=\"1353\">Utm\u00e4rkt viskositets-temperaturf\u00f6rh\u00e5llande och god l\u00e5ngsiktig viskositetsstabilitet.<\/p>\n<\/li>\n<li data-start=\"1354\" data-end=\"1469\">\n<p data-start=\"1356\" data-end=\"1469\">Utm\u00e4rkta slitageskyddande egenskaper ger \u00f6verl\u00e4gset skydd och bidrar till att f\u00f6rl\u00e4nga livsl\u00e4ngden p\u00e5 din utrustning.<\/p>\n<\/li>\n<\/ul>","protected":false},"excerpt":{"rendered":"<article class=\"text-token-text-primary w-full focus:outline-none scroll-mt-[calc(var(--header-height)+min(200px,max(70px,20svh)))]\" dir=\"auto\" tabindex=\"-1\" data-turn-id=\"aeb30ab1-bd35-41a4-98cf-04db4abddf11\" data-testid=\"conversation-turn-2\" data-scroll-anchor=\"true\" data-turn=\"assistant\">\n<div class=\"text-base my-auto mx-auto pb-10 [--thread-content-margin:--spacing(4)] @[37rem]:[--thread-content-margin:--spacing(6)] @[72rem]:[--thread-content-margin:--spacing(16)] px-(--thread-content-margin)\">\n<div class=\"[--thread-content-max-width:32rem] @[34rem]:[--thread-content-max-width:40rem] @[64rem]:[--thread-content-max-width:48rem] mx-auto max-w-(--thread-content-max-width) flex-1 group\/turn-messages focus-visible:outline-hidden relative flex w-full min-w-0 flex-col agent-turn\" tabindex=\"-1\">\n<div class=\"flex max-w-full flex-col grow\">\n<div class=\"min-h-8 text-message relative flex w-full flex-col items-end gap-2 text-start break-words whitespace-normal [.text-message+&amp;]:mt-5\" dir=\"auto\" data-message-author-role=\"assistant\" data-message-id=\"23469ec8-e922-493d-aeb9-c20a21f6eb21\" data-message-model-slug=\"gpt-4o\">\n<div class=\"flex w-full flex-col gap-1 empty:hidden first:pt-[3px]\">\n<div class=\"markdown prose dark:prose-invert w-full break-words light\">\n<p data-start=\"0\" data-end=\"478\" data-is-last-node=\"\" data-is-only-node=\"\">Valvoline Ultramax HVLP- ja HLP-hydrauliikka\u00f6ljyt ovat ensiluokkaisia, raskaan k\u00e4yt\u00f6n hydrauliikka\u00f6ljyj\u00e4, jotka on suunniteltu tarjoamaan erinomaista suojaa kulumista vastaan. N\u00e4m\u00e4 suorituskykyiset \u00f6ljyt on kehitetty kest\u00e4m\u00e4\u00e4n \u00e4\u00e4ril\u00e4mp\u00f6tiloja, ja niit\u00e4 voidaan k\u00e4ytt\u00e4\u00e4 laajasti erilaisissa hydrauliikkaj\u00e4rjestelmiss\u00e4 teollisuus-, tie- ja kaivosrakentamisen sek\u00e4 maanrakennuskoneissa. Valvoline Ultramax HVLP- ja HLP-hydrauliikka\u00f6ljyj\u00e4 on saatavana eri ISO-viskositeettiluokissa.<\/p>\n<\/div>\n<\/div>\n<\/div>\n<\/div>\n<\/div>\n<\/div>\n<\/article>\n<div class=\"pointer-events-none h-px w-px\" aria-hidden=\"true\" data-edge=\"true\"><\/div>\n","protected":false},"featured_media":3532,"comment_status":"closed","ping_status":"closed","template":"","meta":{"_acf_changed":false},"product_brand":[135],"product_cat":[41,36,170,15,49],"product_tag":[],"class_list":{"0":"post-3539","1":"product","2":"type-product","3":"status-publish","4":"has-post-thumbnail","6":"product_brand-k-10","7":"product_cat-hydraulioljyt","8":"product_cat-oljyt","9":"product_cat-patruunarasvat","10":"product_cat-rasvat","11":"product_cat-valvoline","13":"first","14":"instock","15":"taxable","16":"shipping-taxable","17":"purchasable","18":"product-type-simple"},"acf":[],"_links":{"self":[{"href":"https:\/\/voitelukeskus.fi\/sv\/wp-json\/wp\/v2\/product\/3539","targetHints":{"allow":["GET"]}}],"collection":[{"href":"https:\/\/voitelukeskus.fi\/sv\/wp-json\/wp\/v2\/product"}],"about":[{"href":"https:\/\/voitelukeskus.fi\/sv\/wp-json\/wp\/v2\/types\/product"}],"replies":[{"embeddable":true,"href":"https:\/\/voitelukeskus.fi\/sv\/wp-json\/wp\/v2\/comments?post=3539"}],"wp:featuredmedia":[{"embeddable":true,"href":"https:\/\/voitelukeskus.fi\/sv\/wp-json\/wp\/v2\/media\/3532"}],"wp:attachment":[{"href":"https:\/\/voitelukeskus.fi\/sv\/wp-json\/wp\/v2\/media?parent=3539"}],"wp:term":[{"taxonomy":"product_brand","embeddable":true,"href":"https:\/\/voitelukeskus.fi\/sv\/wp-json\/wp\/v2\/product_brand?post=3539"},{"taxonomy":"product_cat","embeddable":true,"href":"https:\/\/voitelukeskus.fi\/sv\/wp-json\/wp\/v2\/product_cat?post=3539"},{"taxonomy":"product_tag","embeddable":true,"href":"https:\/\/voitelukeskus.fi\/sv\/wp-json\/wp\/v2\/product_tag?post=3539"}],"curies":[{"name":"wp","href":"https:\/\/api.w.org\/{rel}","templated":true}]}}