{"id":3504,"date":"2025-07-16T10:39:41","date_gmt":"2025-07-16T10:39:41","guid":{"rendered":"https:\/\/voitelukeskus.fi\/?post_type=product&#038;p=3504"},"modified":"2025-07-16T10:40:37","modified_gmt":"2025-07-16T10:40:37","slug":"pemco-hydro-hv-iso-46-hydraulioljy-1000l","status":"publish","type":"product","link":"https:\/\/voitelukeskus.fi\/sv\/tuote\/pemco-hydro-hv-iso-46-hydraulioljy-1000l\/","title":{"rendered":"Pemco Hydro HV ISO 46 hydraulolja 1000L"},"content":{"rendered":"<p>HYDRO HV-oljor \u00e4r h\u00f6gkvalitativa hydrauloljor av HVLP-kvalitet tillverkade av paraffiniska mineraloljor f\u00f6r \u00e5retruntbruk. De \u00e4r l\u00e4mpliga f\u00f6r b\u00e5de station\u00e4ra och mobila hydraulsystem som arbetar under varierande f\u00f6rh\u00e5llanden och temperaturer.<\/p>\n<p>HYDRO HV-oljor \u00e4r utformade f\u00f6r att m\u00f6ta kraven fr\u00e5n modern utrustning vad g\u00e4ller b\u00e5de tryckbest\u00e4ndighet och slitageskydd. Deras h\u00f6ga viskositetsindex g\u00f6r att utrustningen kan starta \u00e4ven i kalla f\u00f6rh\u00e5llanden.<\/p>\n<p><strong>Pemco HV hydrauloljors egenskaper:<\/strong><br \/>\n<img fetchpriority=\"high\" decoding=\"async\" class=\"alignnone size-full wp-image-1067\" src=\"https:\/\/www.hitech.fi\/hitech\/wp-content\/uploads\/2023\/11\/Pemco_hydraulioljy_ominaisuudet.jpg\" alt=\"\" width=\"635\" height=\"134\" \/><\/p>","protected":false},"excerpt":{"rendered":"<p><strong>Uppfyller f\u00f6ljande krav\/klassificeringar:<\/strong><br \/>\nSAE MS 1004<br \/>\nISO-viskositetsklass 46<br \/>\nDIN 51524-2 (HM)\/-3 (HV)<br \/>\nISO 11158 (HM, HV)<\/p>\n<p>ASTM USA D6158; ANSI AGMA 9005-E02-RO; AIST 126\/127; JCMAS P041 HK Hydraulisk specifikation; TYSK ST\u00c5LINDUSTRI SEB 181222; BOSCH REXROTH RE 90220; EATON M-2950-S; EATON I-286-S3; GM LS2; MAG CINCINNATI P-68\/-69\/-70; PARKER DENISON HF-0\/-1\/-2; SPERRY VICKERS M-2950-S; SPERRY VICKERS I-286-S3<\/p>\n<p><strong>F\u00f6rpackningsstorlekar:<\/strong><br \/>\n20 liter, 208 liter och 1000 liter<\/p>","protected":false},"featured_media":1196,"comment_status":"closed","ping_status":"closed","template":"","meta":{"_acf_changed":false},"product_brand":[134],"product_cat":[41,36],"product_tag":[65,18,131],"class_list":{"0":"post-3504","1":"product","2":"type-product","3":"status-publish","4":"has-post-thumbnail","6":"product_brand-pemco","7":"product_cat-hydraulioljyt","8":"product_cat-oljyt","9":"product_tag-hvlp-hydrauliikkaoljy","10":"product_tag-hydrauliikkaoljy","11":"product_tag-pemco","13":"first","14":"instock","15":"featured","16":"taxable","17":"shipping-taxable","18":"purchasable","19":"product-type-simple"},"acf":[],"_links":{"self":[{"href":"https:\/\/voitelukeskus.fi\/sv\/wp-json\/wp\/v2\/product\/3504","targetHints":{"allow":["GET"]}}],"collection":[{"href":"https:\/\/voitelukeskus.fi\/sv\/wp-json\/wp\/v2\/product"}],"about":[{"href":"https:\/\/voitelukeskus.fi\/sv\/wp-json\/wp\/v2\/types\/product"}],"replies":[{"embeddable":true,"href":"https:\/\/voitelukeskus.fi\/sv\/wp-json\/wp\/v2\/comments?post=3504"}],"wp:featuredmedia":[{"embeddable":true,"href":"https:\/\/voitelukeskus.fi\/sv\/wp-json\/wp\/v2\/media\/1196"}],"wp:attachment":[{"href":"https:\/\/voitelukeskus.fi\/sv\/wp-json\/wp\/v2\/media?parent=3504"}],"wp:term":[{"taxonomy":"product_brand","embeddable":true,"href":"https:\/\/voitelukeskus.fi\/sv\/wp-json\/wp\/v2\/product_brand?post=3504"},{"taxonomy":"product_cat","embeddable":true,"href":"https:\/\/voitelukeskus.fi\/sv\/wp-json\/wp\/v2\/product_cat?post=3504"},{"taxonomy":"product_tag","embeddable":true,"href":"https:\/\/voitelukeskus.fi\/sv\/wp-json\/wp\/v2\/product_tag?post=3504"}],"curies":[{"name":"wp","href":"https:\/\/api.w.org\/{rel}","templated":true}]}}