{"id":3502,"date":"2025-07-16T10:34:59","date_gmt":"2025-07-16T10:34:59","guid":{"rendered":"https:\/\/voitelukeskus.fi\/?post_type=product&#038;p=3502"},"modified":"2025-12-09T23:36:03","modified_gmt":"2025-12-09T23:36:03","slug":"pemco-diesel-g-7-uhpd-10w-40-raskaankaluston-moottorioljy-208l","status":"publish","type":"product","link":"https:\/\/voitelukeskus.fi\/sv\/tuote\/pemco-diesel-g-7-uhpd-10w-40-raskaankaluston-moottorioljy-208l\/","title":{"rendered":"Pemco Diesel G-7 UHPD 10W-40 motorolja f\u00f6r tung drift 208 l"},"content":{"rendered":"<p>Syntetisk dieselolja f\u00f6r tunga dieselmotorer f\u00f6r \u00e5ret-runt-bruk i moderna, naturligt aspirerade och kompressormatade tunga dieselmotorer. Produkten \u00e4r \u00e4ven l\u00e4mplig f\u00f6r motorer utrustade med partikelfilter (DPF). Produkten har officiella godk\u00e4nnanden fr\u00e5n VOLVO, Mercedes-Benz, MAN, MACK och RENAULT f\u00f6r att klara laboratorie- och f\u00e4lttester.<\/p>\n<p><strong>Produktegenskaper:<\/strong><br \/>\n<img fetchpriority=\"high\" decoding=\"async\" class=\"alignnone size-full wp-image-1087\" src=\"https:\/\/www.hitech.fi\/hitech\/wp-content\/uploads\/2023\/12\/G-7_ominaisuudet.jpg\" alt=\"\" width=\"637\" height=\"184\" \/><\/p>","protected":false},"excerpt":{"rendered":"<p><strong>Uppfyller f\u00f6ljande krav:<\/strong><br \/>\n<strong>Gradering:<\/strong><br \/>\nSAE 10W-40; API CK-4\/CJ-4; ACEA E8\/E11; DAF (ACEA E6); IVECO (ACEA E6); CATERPILLAR ECF-3; CUMMINS CES 20086; DETROIT DIESEL DDC 93K222; DEUTZ DQC IV-18 LA; MAN M 3775; MB 228,31<\/p>\n<p><strong>Godk\u00e4nnanden:<\/strong><br \/>\nMACK EOS-4.5-godk\u00e4nnande; MAN M 3477-godk\u00e4nnande; MB-godk\u00e4nnande 228.51; RENAULT VI RLD-3-godk\u00e4nnande; VOLVO VDS-4.5-godk\u00e4nnande<\/p>\n<p><strong>F\u00f6rpackningsstorlekar:<\/strong><br \/>\n20 liter \/ 208 liter<\/p>","protected":false},"featured_media":1362,"comment_status":"closed","ping_status":"closed","template":"","meta":{"_acf_changed":false},"product_brand":[134],"product_cat":[36,40],"product_tag":[160,131,133],"class_list":{"0":"post-3502","1":"product","2":"type-product","3":"status-publish","4":"has-post-thumbnail","6":"product_brand-pemco","7":"product_cat-oljyt","8":"product_cat-raskaan-kaluston-moottorioljyt","9":"product_tag-10w-40","10":"product_tag-pemco","11":"product_tag-raskaan-kaluston-moottorioljyt","13":"first","14":"instock","15":"featured","16":"taxable","17":"shipping-taxable","18":"purchasable","19":"product-type-simple"},"acf":[],"_links":{"self":[{"href":"https:\/\/voitelukeskus.fi\/sv\/wp-json\/wp\/v2\/product\/3502","targetHints":{"allow":["GET"]}}],"collection":[{"href":"https:\/\/voitelukeskus.fi\/sv\/wp-json\/wp\/v2\/product"}],"about":[{"href":"https:\/\/voitelukeskus.fi\/sv\/wp-json\/wp\/v2\/types\/product"}],"replies":[{"embeddable":true,"href":"https:\/\/voitelukeskus.fi\/sv\/wp-json\/wp\/v2\/comments?post=3502"}],"wp:featuredmedia":[{"embeddable":true,"href":"https:\/\/voitelukeskus.fi\/sv\/wp-json\/wp\/v2\/media\/1362"}],"wp:attachment":[{"href":"https:\/\/voitelukeskus.fi\/sv\/wp-json\/wp\/v2\/media?parent=3502"}],"wp:term":[{"taxonomy":"product_brand","embeddable":true,"href":"https:\/\/voitelukeskus.fi\/sv\/wp-json\/wp\/v2\/product_brand?post=3502"},{"taxonomy":"product_cat","embeddable":true,"href":"https:\/\/voitelukeskus.fi\/sv\/wp-json\/wp\/v2\/product_cat?post=3502"},{"taxonomy":"product_tag","embeddable":true,"href":"https:\/\/voitelukeskus.fi\/sv\/wp-json\/wp\/v2\/product_tag?post=3502"}],"curies":[{"name":"wp","href":"https:\/\/api.w.org\/{rel}","templated":true}]}}