{"id":3489,"date":"2025-07-16T08:31:12","date_gmt":"2025-07-16T08:31:12","guid":{"rendered":"https:\/\/voitelukeskus.fi\/?post_type=product&#038;p=3489"},"modified":"2025-07-16T08:31:59","modified_gmt":"2025-07-16T08:31:59","slug":"elite-max-view-88-c-huippuluokan-tuulilasinpesuneste-200l","status":"publish","type":"product","link":"https:\/\/voitelukeskus.fi\/sv\/tuote\/elite-max-view-88-c-huippuluokan-tuulilasinpesuneste-200l\/","title":{"rendered":"ELITE Max View -88 \u00b0C premium spolarv\u00e4tska f\u00f6r vindrutan 200 l"},"content":{"rendered":"<p><strong>Inneh\u00e5lla<\/strong><br \/>\nVitmedel, nonjoniska tensider, metanol<\/p>\n<p><strong>Frostbest\u00e4ndighet<\/strong><br \/>\n1:0 = -88\u00b0C<br \/>\n1:1 = -37\u00b0C<br \/>\n1:2 = -23\u00b0C<\/p>","protected":false},"excerpt":{"rendered":"<p><strong>Maxsikt -88 \u00b0C garanterar sikt \u00e4ven under sv\u00e5ra f\u00f6rh\u00e5llanden!<\/strong><\/p>\n<p>Max View -88 \u00b0C \u00e4r en metanolbaserad spolarv\u00e4tska som fungerar extremt bra i kalla f\u00f6rh\u00e5llanden. Den reng\u00f6r effektivt vindrutan fr\u00e5n smuts och insekter, vilket s\u00e4kerst\u00e4ller perfekt sikt i alla v\u00e4derf\u00f6rh\u00e5llanden. Produkten avdunstar utm\u00e4rkt fr\u00e5n rutan och l\u00e4mnar ingen irriterande hinna efter sig.<\/p>\n<p>Max View -88 \u00b0C \u00e4r anv\u00e4ndarv\u00e4nlig tack vare sin n\u00e4stan luktfria doft och mycket ekonomisk tack vare sitt r\u00e5koncentrat. Produkten inneh\u00e5ller ett vitmedel och \u00e4r bl\u00e5 till f\u00e4rgen.<\/p>\n<p><strong>F\u00f6rpackningsstorlekar:<\/strong><br \/>\n10 liters, 200 liters och 1000 liters IBC-beh\u00e5llare<\/p>","protected":false},"featured_media":1413,"comment_status":"closed","ping_status":"closed","template":"","meta":{"_acf_changed":false},"product_brand":[152],"product_cat":[38,114],"product_tag":[],"class_list":{"0":"post-3489","1":"product","2":"type-product","3":"status-publish","4":"has-post-thumbnail","6":"product_brand-elite","7":"product_cat-huoltokemikaalit-ja-puhdistusaineet","8":"product_cat-tuulilasinpesunesteet","10":"first","11":"instock","12":"taxable","13":"shipping-taxable","14":"purchasable","15":"product-type-simple"},"acf":[],"_links":{"self":[{"href":"https:\/\/voitelukeskus.fi\/sv\/wp-json\/wp\/v2\/product\/3489","targetHints":{"allow":["GET"]}}],"collection":[{"href":"https:\/\/voitelukeskus.fi\/sv\/wp-json\/wp\/v2\/product"}],"about":[{"href":"https:\/\/voitelukeskus.fi\/sv\/wp-json\/wp\/v2\/types\/product"}],"replies":[{"embeddable":true,"href":"https:\/\/voitelukeskus.fi\/sv\/wp-json\/wp\/v2\/comments?post=3489"}],"wp:featuredmedia":[{"embeddable":true,"href":"https:\/\/voitelukeskus.fi\/sv\/wp-json\/wp\/v2\/media\/1413"}],"wp:attachment":[{"href":"https:\/\/voitelukeskus.fi\/sv\/wp-json\/wp\/v2\/media?parent=3489"}],"wp:term":[{"taxonomy":"product_brand","embeddable":true,"href":"https:\/\/voitelukeskus.fi\/sv\/wp-json\/wp\/v2\/product_brand?post=3489"},{"taxonomy":"product_cat","embeddable":true,"href":"https:\/\/voitelukeskus.fi\/sv\/wp-json\/wp\/v2\/product_cat?post=3489"},{"taxonomy":"product_tag","embeddable":true,"href":"https:\/\/voitelukeskus.fi\/sv\/wp-json\/wp\/v2\/product_tag?post=3489"}],"curies":[{"name":"wp","href":"https:\/\/api.w.org\/{rel}","templated":true}]}}