{"id":3484,"date":"2025-07-15T10:33:20","date_gmt":"2025-07-15T10:33:20","guid":{"rendered":"https:\/\/voitelukeskus.fi\/?post_type=product&#038;p=3484"},"modified":"2025-07-15T10:34:37","modified_gmt":"2025-07-15T10:34:37","slug":"elite-raakaliuotin-voimakas-esipesuliuotin-200l","status":"publish","type":"product","link":"https:\/\/voitelukeskus.fi\/sv\/tuote\/elite-raakaliuotin-voimakas-esipesuliuotin-200l\/","title":{"rendered":"ELITE Raw Solvent Starkt f\u00f6rtv\u00e4ttmedel 1000L"},"content":{"rendered":"<p><strong>Bruksanvisning:<\/strong><br \/>\nAnv\u00e4nd outsp\u00e4dd. Applicera med l\u00e5gtrycksspruta p\u00e5 en torr yta. L\u00e5t verka i 1\u20133 minuter. Applicera reng\u00f6ringsmedel f\u00f6r utrustning och l\u00e5t verka i ytterligare 5 minuter. Sk\u00f6lj slutligen med rikligt med vatten. Applicera inte p\u00e5 ytor \u00f6ver 35 \u00b0C (handvarma).<\/p>","protected":false},"excerpt":{"rendered":"<p>Elite Raw Solvent \u00e4r en mycket effektiv f\u00f6rtv\u00e4tt f\u00f6r smutsig utrustning. Reng\u00f6r effektivt feta delar, sm\u00e5 br\u00e4nslespill fr\u00e5n lackytor och sv\u00e5rbehandlad v\u00e4gsmuts. Sk\u00f6ljs enkelt av tack vare emulgeringsmedlet som finns i produkten.<\/p>\n<p>Skadar inte lack- eller lackytor, metaller, aluminium eller glas. Tack vare korrosionsinhibitorn skadar den inte heller l\u00e4ttmetaller, till exempel vid motortv\u00e4tt. Fungerar utm\u00e4rkt \u00e4ven i kalla f\u00f6rh\u00e5llanden. L\u00e4mpar sig \u00e4ven f\u00f6r grundlig reng\u00f6ring av borstar p\u00e5 borstmaskiner och reng\u00f6ring av delar.<br \/>\nFryspunkt -12 \u00b0C.<\/p>\n<p><strong>F\u00f6rpackningsstorlekar:<\/strong><br \/>\n20L, 200L, 1000L IBC<\/p>","protected":false},"featured_media":1484,"comment_status":"closed","ping_status":"closed","template":"","meta":{"_acf_changed":false},"product_brand":[152],"product_cat":[38,90],"product_tag":[],"class_list":{"0":"post-3484","1":"product","2":"type-product","3":"status-publish","4":"has-post-thumbnail","6":"product_brand-elite","7":"product_cat-huoltokemikaalit-ja-puhdistusaineet","8":"product_cat-pesuaineet","10":"first","11":"instock","12":"taxable","13":"shipping-taxable","14":"purchasable","15":"product-type-simple"},"acf":[],"_links":{"self":[{"href":"https:\/\/voitelukeskus.fi\/sv\/wp-json\/wp\/v2\/product\/3484","targetHints":{"allow":["GET"]}}],"collection":[{"href":"https:\/\/voitelukeskus.fi\/sv\/wp-json\/wp\/v2\/product"}],"about":[{"href":"https:\/\/voitelukeskus.fi\/sv\/wp-json\/wp\/v2\/types\/product"}],"replies":[{"embeddable":true,"href":"https:\/\/voitelukeskus.fi\/sv\/wp-json\/wp\/v2\/comments?post=3484"}],"wp:featuredmedia":[{"embeddable":true,"href":"https:\/\/voitelukeskus.fi\/sv\/wp-json\/wp\/v2\/media\/1484"}],"wp:attachment":[{"href":"https:\/\/voitelukeskus.fi\/sv\/wp-json\/wp\/v2\/media?parent=3484"}],"wp:term":[{"taxonomy":"product_brand","embeddable":true,"href":"https:\/\/voitelukeskus.fi\/sv\/wp-json\/wp\/v2\/product_brand?post=3484"},{"taxonomy":"product_cat","embeddable":true,"href":"https:\/\/voitelukeskus.fi\/sv\/wp-json\/wp\/v2\/product_cat?post=3484"},{"taxonomy":"product_tag","embeddable":true,"href":"https:\/\/voitelukeskus.fi\/sv\/wp-json\/wp\/v2\/product_tag?post=3484"}],"curies":[{"name":"wp","href":"https:\/\/api.w.org\/{rel}","templated":true}]}}