{"id":3483,"date":"2025-07-15T10:21:30","date_gmt":"2025-07-15T10:21:30","guid":{"rendered":"https:\/\/voitelukeskus.fi\/?post_type=product&#038;p=3483"},"modified":"2025-07-15T10:22:06","modified_gmt":"2025-07-15T10:22:06","slug":"elite-super-af-green-vihrea-100-1000l","status":"publish","type":"product","link":"https:\/\/voitelukeskus.fi\/sv\/tuote\/elite-super-af-green-vihrea-100-1000l\/","title":{"rendered":"ELITE Super AF Gr\u00f6n \u2013 Gr\u00f6n 100% 1000L"},"content":{"rendered":"<p>Produkten inneh\u00e5ller: Monoetylenglykol, h\u00e4mmare, f\u00e4rg\u00e4mne. Rekommenderat utbytesintervall 1\u20132 \u00e5r.<\/p>\n<p>Frostbest\u00e4ndighet vid blandning med vatten 1:1 = -36 \u00b0C<\/p>","protected":false},"excerpt":{"rendered":"<p>Super AF Green frostskyddsmedel \u00e4r traditionellt och h\u00f6gkvalitativt.<\/p>\n<p>Kylv\u00e4tskan ger utm\u00e4rkt korrosions- och frysskydd f\u00f6r motorer och kylsystem. Den \u00e4r l\u00e4mplig som kylv\u00e4tska f\u00f6r b\u00e5de bilar och entreprenadmaskiner. \u00d6vertr\u00e4ffar kraven i BS 6580: 1992. Inneh\u00e5ller inte nitriter, aminer eller fosfater.<\/p>\n<p><strong>F\u00f6rpackningsstorlekar: <\/strong><br \/>\n10L\/200L\/1000L IBC<\/p>","protected":false},"featured_media":1481,"comment_status":"closed","ping_status":"closed","template":"","meta":{"_acf_changed":false},"product_brand":[152],"product_cat":[38,129],"product_tag":[],"class_list":{"0":"post-3483","1":"product","2":"type-product","3":"status-publish","4":"has-post-thumbnail","6":"product_brand-elite","7":"product_cat-huoltokemikaalit-ja-puhdistusaineet","8":"product_cat-jaahdytinnesteet","10":"first","11":"instock","12":"taxable","13":"shipping-taxable","14":"purchasable","15":"product-type-simple"},"acf":[],"_links":{"self":[{"href":"https:\/\/voitelukeskus.fi\/sv\/wp-json\/wp\/v2\/product\/3483","targetHints":{"allow":["GET"]}}],"collection":[{"href":"https:\/\/voitelukeskus.fi\/sv\/wp-json\/wp\/v2\/product"}],"about":[{"href":"https:\/\/voitelukeskus.fi\/sv\/wp-json\/wp\/v2\/types\/product"}],"replies":[{"embeddable":true,"href":"https:\/\/voitelukeskus.fi\/sv\/wp-json\/wp\/v2\/comments?post=3483"}],"wp:featuredmedia":[{"embeddable":true,"href":"https:\/\/voitelukeskus.fi\/sv\/wp-json\/wp\/v2\/media\/1481"}],"wp:attachment":[{"href":"https:\/\/voitelukeskus.fi\/sv\/wp-json\/wp\/v2\/media?parent=3483"}],"wp:term":[{"taxonomy":"product_brand","embeddable":true,"href":"https:\/\/voitelukeskus.fi\/sv\/wp-json\/wp\/v2\/product_brand?post=3483"},{"taxonomy":"product_cat","embeddable":true,"href":"https:\/\/voitelukeskus.fi\/sv\/wp-json\/wp\/v2\/product_cat?post=3483"},{"taxonomy":"product_tag","embeddable":true,"href":"https:\/\/voitelukeskus.fi\/sv\/wp-json\/wp\/v2\/product_tag?post=3483"}],"curies":[{"name":"wp","href":"https:\/\/api.w.org\/{rel}","templated":true}]}}