{"id":3481,"date":"2025-07-15T09:01:55","date_gmt":"2025-07-15T09:01:55","guid":{"rendered":"https:\/\/voitelukeskus.fi\/?post_type=product&#038;p=3481"},"modified":"2025-07-15T09:02:30","modified_gmt":"2025-07-15T09:02:30","slug":"elite-super-af-red-punainen-100-1000l","status":"publish","type":"product","link":"https:\/\/voitelukeskus.fi\/sv\/tuote\/elite-super-af-red-punainen-100-1000l\/","title":{"rendered":"ELITE Super AF R\u00f6d \u2013 R\u00f6d 100% 1000L"},"content":{"rendered":"<p><strong>Super AF Red \u00e4r godk\u00e4nd av bland annat f\u00f6ljande motortillverkare:<\/strong><br \/>\nASTM D3306 Typ I, ASTM D6210 Typ I-FF, GB 29743-2013, JIS K 2234, SAE J1034, SAE J1941, Caterpillar Motors GCM34, Deutz DQC CB-14, DFS 93K217, Fiat 9.55523, Ford WSS-M97B44-D, GMW 3420 (DEX-COOL), Komatsu 07.892 (AF-NAC), MAN 324 Typ SNF, MB 325.3 (koncentrat), MB 326.3 (klar att anv\u00e4nda), Skoda 61-0-0257, STJLR.03.5212, Volvo VCS-2 \/ VCS-1, VW TL-774-F (G12+), VW TL-774-D (G12).<\/p>\n<p>Produkten inneh\u00e5ller inte nitriter, aminer, silikater, borater eller fosfater.<\/p>\n<p>Produkten inneh\u00e5ller: Monoetylenglykol, h\u00e4mmare, f\u00e4rg\u00e4mne<\/p>\n<p>Rekommenderat utbytesintervall 3\u20135 \u00e5r. Frostbest\u00e4ndighet vid blandning med vatten 1:1 = -38 \u00b0C<\/p>","protected":false},"excerpt":{"rendered":"<p>Super AF Red \u00e4r en modern och h\u00f6gkvalitativ kylv\u00e4tska med l\u00e5nga bytesintervall. Super AF Red ger utm\u00e4rkt korrosions- och frysskydd f\u00f6r motorer och kylsystem. Tack vare den nya typen av tillsatsmedel \u00e4r den utm\u00e4rkt l\u00e4mpad f\u00f6r moderna motorer och kylsystem som anv\u00e4nder aluminium, koppar, m\u00e4ssing, plast och l\u00e4ttmetalllegeringar ut\u00f6ver traditionella material.<\/p>\n<p><strong>F\u00f6rpackningsstorlekar: <\/strong><br \/>\n10L\/20L\/200L\/1000L IBC<\/p>","protected":false},"featured_media":1482,"comment_status":"closed","ping_status":"closed","template":"","meta":{"_acf_changed":false},"product_brand":[152],"product_cat":[38,129],"product_tag":[],"class_list":{"0":"post-3481","1":"product","2":"type-product","3":"status-publish","4":"has-post-thumbnail","6":"product_brand-elite","7":"product_cat-huoltokemikaalit-ja-puhdistusaineet","8":"product_cat-jaahdytinnesteet","10":"first","11":"instock","12":"taxable","13":"shipping-taxable","14":"purchasable","15":"product-type-simple"},"acf":[],"_links":{"self":[{"href":"https:\/\/voitelukeskus.fi\/sv\/wp-json\/wp\/v2\/product\/3481","targetHints":{"allow":["GET"]}}],"collection":[{"href":"https:\/\/voitelukeskus.fi\/sv\/wp-json\/wp\/v2\/product"}],"about":[{"href":"https:\/\/voitelukeskus.fi\/sv\/wp-json\/wp\/v2\/types\/product"}],"replies":[{"embeddable":true,"href":"https:\/\/voitelukeskus.fi\/sv\/wp-json\/wp\/v2\/comments?post=3481"}],"wp:featuredmedia":[{"embeddable":true,"href":"https:\/\/voitelukeskus.fi\/sv\/wp-json\/wp\/v2\/media\/1482"}],"wp:attachment":[{"href":"https:\/\/voitelukeskus.fi\/sv\/wp-json\/wp\/v2\/media?parent=3481"}],"wp:term":[{"taxonomy":"product_brand","embeddable":true,"href":"https:\/\/voitelukeskus.fi\/sv\/wp-json\/wp\/v2\/product_brand?post=3481"},{"taxonomy":"product_cat","embeddable":true,"href":"https:\/\/voitelukeskus.fi\/sv\/wp-json\/wp\/v2\/product_cat?post=3481"},{"taxonomy":"product_tag","embeddable":true,"href":"https:\/\/voitelukeskus.fi\/sv\/wp-json\/wp\/v2\/product_tag?post=3481"}],"curies":[{"name":"wp","href":"https:\/\/api.w.org\/{rel}","templated":true}]}}