{"id":3473,"date":"2025-07-15T08:47:21","date_gmt":"2025-07-15T08:47:21","guid":{"rendered":"https:\/\/voitelukeskus.fi\/?post_type=product&#038;p=3473"},"modified":"2025-07-15T08:52:14","modified_gmt":"2025-07-15T08:52:14","slug":"elite-super-af-yellow-keltainen-100-200l","status":"publish","type":"product","link":"https:\/\/voitelukeskus.fi\/sv\/tuote\/elite-super-af-yellow-keltainen-100-200l\/","title":{"rendered":"ELITE Super AF Gul \u2013 Gul 100% 200L"},"content":{"rendered":"<p>Super AF Yellow \u00e4r godk\u00e4nd av bland annat f\u00f6ljande motortillverkare:<br \/>\nFord WSS-M97B44-D, Mercedes-Benz 325.3, Renault 41-01-001, General Motors GM 6277M, Volvo VCS, Volkswagen VAG TL 774 D &amp; F, MAN 324 SNF.<\/p>\n<p>Produkten inneh\u00e5ller inte nitriter, aminer, silikater, borater eller fosfater.<\/p>\n<p>Produkten inneh\u00e5ller: Monoetylenglykol, h\u00e4mmare, f\u00e4rg\u00e4mne.<\/p>\n<p>Rekommenderat utbytesintervall 3\u20135 \u00e5r. Frostbest\u00e4ndighet vid blandning med vatten 1:1 = -38 \u00b0C<\/p>","protected":false},"excerpt":{"rendered":"<p>Super AF Yellow \u00e4r en modern och h\u00f6gkvalitativ kylv\u00e4tska med l\u00e5nga bytesintervall. Super AF Yellow ger utm\u00e4rkt korrosions- och frostskydd f\u00f6r motorer och kylsystem. En ny typ av tillsats<br \/>\nDetta g\u00f6r den idealisk f\u00f6r moderna motorer och kylsystem, som anv\u00e4nder traditionella material som aluminium, koppar, m\u00e4ssing samt plast och l\u00e4ttmetalllegeringar.<\/p>\n<p><strong>F\u00f6rpackningsstorlekar: <\/strong><br \/>\n10L\/200L\/1000L IBC<\/p>","protected":false},"featured_media":1483,"comment_status":"closed","ping_status":"closed","template":"","meta":{"_acf_changed":false},"product_brand":[152],"product_cat":[38,129],"product_tag":[],"class_list":{"0":"post-3473","1":"product","2":"type-product","3":"status-publish","4":"has-post-thumbnail","6":"product_brand-elite","7":"product_cat-huoltokemikaalit-ja-puhdistusaineet","8":"product_cat-jaahdytinnesteet","10":"first","11":"instock","12":"taxable","13":"shipping-taxable","14":"purchasable","15":"product-type-simple"},"acf":[],"_links":{"self":[{"href":"https:\/\/voitelukeskus.fi\/sv\/wp-json\/wp\/v2\/product\/3473","targetHints":{"allow":["GET"]}}],"collection":[{"href":"https:\/\/voitelukeskus.fi\/sv\/wp-json\/wp\/v2\/product"}],"about":[{"href":"https:\/\/voitelukeskus.fi\/sv\/wp-json\/wp\/v2\/types\/product"}],"replies":[{"embeddable":true,"href":"https:\/\/voitelukeskus.fi\/sv\/wp-json\/wp\/v2\/comments?post=3473"}],"wp:featuredmedia":[{"embeddable":true,"href":"https:\/\/voitelukeskus.fi\/sv\/wp-json\/wp\/v2\/media\/1483"}],"wp:attachment":[{"href":"https:\/\/voitelukeskus.fi\/sv\/wp-json\/wp\/v2\/media?parent=3473"}],"wp:term":[{"taxonomy":"product_brand","embeddable":true,"href":"https:\/\/voitelukeskus.fi\/sv\/wp-json\/wp\/v2\/product_brand?post=3473"},{"taxonomy":"product_cat","embeddable":true,"href":"https:\/\/voitelukeskus.fi\/sv\/wp-json\/wp\/v2\/product_cat?post=3473"},{"taxonomy":"product_tag","embeddable":true,"href":"https:\/\/voitelukeskus.fi\/sv\/wp-json\/wp\/v2\/product_tag?post=3473"}],"curies":[{"name":"wp","href":"https:\/\/api.w.org\/{rel}","templated":true}]}}