{"id":3467,"date":"2025-07-10T09:52:36","date_gmt":"2025-07-10T09:52:36","guid":{"rendered":"https:\/\/voitelukeskus.fi\/?post_type=product&#038;p=3467"},"modified":"2025-12-10T10:12:20","modified_gmt":"2025-12-10T08:12:20","slug":"teho-roadex-strong-kalustonpesuaine-1000l","status":"publish","type":"product","link":"https:\/\/voitelukeskus.fi\/sv\/tuote\/teho-roadex-strong-kalustonpesuaine-1000l\/","title":{"rendered":"TEHO Roadex Strong - fordonsreng\u00f6ring 1000L"},"content":{"rendered":"<p><strong>Mycket effektivt reng\u00f6ringskoncentrat f\u00f6r fordon och tung utrustning <em>f\u00f6r vintertv\u00e4tt<\/em> och <em>f\u00f6r att ta bort envis smuts<\/em>Ger ett gl\u00e4nsande tv\u00e4ttresultat.<\/strong><\/p>\n<p>Utm\u00e4rkt f\u00f6r tv\u00e4tt av bilar, maskiner, lastbilar, presenningar, f\u00e4lgar och tankar. Kan anv\u00e4ndas i borsttv\u00e4ttar och borstl\u00f6sa tv\u00e4ttmaskiner, h\u00f6gtryckstv\u00e4ttar och handtv\u00e4tt. \u00c4ven l\u00e4mplig f\u00f6r tv\u00e4tt av golv och arbetsytor, samt motorer och mekanisk utrustning.<\/p>\n<p><strong>POWER Roadex Strong<\/strong> Avl\u00e4gsnar effektivt smuts, salt, olja, diesel och insektsrester fr\u00e5n v\u00e4gar. N\u00e4r den anv\u00e4nds tillsammans med en skummare bildas ett tjockt skum som l\u00e4tt sk\u00f6ljs bort. Vid normal anv\u00e4ndning skadar den inte m\u00e5lade ytor. Produkten \u00e4r biologiskt nedbrytbar.<\/p>\n<p>&nbsp;<\/p>\n<p><strong>OBS: ENDAST F\u00d6R PROFESSIONELLT BRUK!<\/strong><\/p>\n<p><strong>BRUKSANVISNING:<\/strong><\/p>\n<ol>\n<li>F\u00f6r normal reng\u00f6ring, anv\u00e4nd 1-5% som arbetsl\u00f6sning, f\u00f6r problematisk smuts, anv\u00e4nd 5-10%. F\u00f6r vaxborttagning f\u00f6re vaxning, anv\u00e4nd 10-15%.<\/li>\n<li>Applicera genom sprayning eller skumning p\u00e5 ytan som ska tv\u00e4ttas nerifr\u00e5n och upp.<\/li>\n<li>L\u00e5t det verka i 1\u20135 minuter.<\/li>\n<li>Sk\u00f6lj med h\u00f6gtryckstv\u00e4tt (120 bar) eller borstmaskin under tv\u00e4ttning. Vid sk\u00f6ljning med h\u00f6gtryckstv\u00e4tt, f\u00f6rst nerifr\u00e5n och upp och slutligen uppifr\u00e5n och ner.<\/li>\n<li>OBS! L\u00e5t inte reng\u00f6ringsmedlet torka p\u00e5 ytan som ska reng\u00f6ras. Rekommenderas inte f\u00f6r applicering p\u00e5 ytor med temperaturer \u00f6ver +35\u00b0C eller s\u00e5 b\u00f6r kontakttiden f\u00f6rkortas.<\/li>\n<li>Vid handtv\u00e4tt, blanda 1\u20134 kapslar tv\u00e4ttmedel i en hink p\u00e5 10\u201320 liter. Anv\u00e4nd en svamp eller tv\u00e4ttvante och sk\u00f6lj sedan med rikligt med vatten med h\u00f6gtryckstv\u00e4tt eller vattenslang.<\/li>\n<\/ol>\n<p><strong>pH: <\/strong>13,5 (Koncentrat)<\/p>\n<p>Produktnummer: 2299<\/p>\n<p>F\u00f6r professionellt bruk.<\/p>","protected":false},"excerpt":{"rendered":"<p><strong>POWER Roadex Strong<\/strong> \u00e4r ett mycket effektivt tv\u00e4ttmedelskoncentrat f\u00f6r vintertv\u00e4tt av fordon och tung utrustning samt f\u00f6r att avl\u00e4gsna sv\u00e5r smuts. Ger ett gl\u00e4nsande tv\u00e4ttresultat.<\/p>\n<p><strong>F\u00f6rpackningsstorlekar:<\/strong><br \/>\n20 liter, 200 liter och 1000 liter<\/p>","protected":false},"featured_media":1135,"comment_status":"closed","ping_status":"closed","template":"","meta":{"_acf_changed":false},"product_brand":[136],"product_cat":[38,90],"product_tag":[],"class_list":{"0":"post-3467","1":"product","2":"type-product","3":"status-publish","4":"has-post-thumbnail","6":"product_brand-teho","7":"product_cat-huoltokemikaalit-ja-puhdistusaineet","8":"product_cat-pesuaineet","10":"first","11":"instock","12":"taxable","13":"shipping-taxable","14":"purchasable","15":"product-type-simple"},"acf":[],"_links":{"self":[{"href":"https:\/\/voitelukeskus.fi\/sv\/wp-json\/wp\/v2\/product\/3467","targetHints":{"allow":["GET"]}}],"collection":[{"href":"https:\/\/voitelukeskus.fi\/sv\/wp-json\/wp\/v2\/product"}],"about":[{"href":"https:\/\/voitelukeskus.fi\/sv\/wp-json\/wp\/v2\/types\/product"}],"replies":[{"embeddable":true,"href":"https:\/\/voitelukeskus.fi\/sv\/wp-json\/wp\/v2\/comments?post=3467"}],"wp:featuredmedia":[{"embeddable":true,"href":"https:\/\/voitelukeskus.fi\/sv\/wp-json\/wp\/v2\/media\/1135"}],"wp:attachment":[{"href":"https:\/\/voitelukeskus.fi\/sv\/wp-json\/wp\/v2\/media?parent=3467"}],"wp:term":[{"taxonomy":"product_brand","embeddable":true,"href":"https:\/\/voitelukeskus.fi\/sv\/wp-json\/wp\/v2\/product_brand?post=3467"},{"taxonomy":"product_cat","embeddable":true,"href":"https:\/\/voitelukeskus.fi\/sv\/wp-json\/wp\/v2\/product_cat?post=3467"},{"taxonomy":"product_tag","embeddable":true,"href":"https:\/\/voitelukeskus.fi\/sv\/wp-json\/wp\/v2\/product_tag?post=3467"}],"curies":[{"name":"wp","href":"https:\/\/api.w.org\/{rel}","templated":true}]}}