{"id":3451,"date":"2025-07-09T11:17:14","date_gmt":"2025-07-09T11:17:14","guid":{"rendered":"https:\/\/voitelukeskus.fi\/?post_type=product&#038;p=3451"},"modified":"2025-10-15T10:58:23","modified_gmt":"2025-10-15T10:58:23","slug":"k-10-artic-scr-urea-booster-50ml-x-50kpl","status":"publish","type":"product","link":"https:\/\/voitelukeskus.fi\/sv\/tuote\/k-10-artic-scr-urea-booster-50ml-x-50kpl\/","title":{"rendered":"K-10 Artic SCR Urea Booster 50ml x 50st"},"content":{"rendered":"<p><strong>BRUKSANVISNING<\/strong><\/p>\n<p><em><strong>Vid p\u00e5fyllning i en 1000-liters tank:<\/strong><\/em><br \/>\nTills\u00e4tt SCR Crystal Terminator till lagringstanken (1 l \/ 1000 l).<br \/>\nTills\u00e4tt Ice Protector i lagringstanken (3 l \/ 1000 l).<\/p>\n<p><em><strong>50 ml doseringsm\u00e4ngd:<\/strong><\/em><br \/>\nEn 50 ml flaska r\u00e4cker till att bearbeta 20 liter AdBlue-v\u00e4tska<\/p>","protected":false},"excerpt":{"rendered":"<p>K-10 Arctic Artic SCR Urea Booster best\u00e5r av tv\u00e5 olika produkter, vilka b\u00e5da tills\u00e4tts i en 1000-liters AdBlue-lagringstank f\u00f6r att f\u00f6rb\u00e4ttra frostbest\u00e4ndigheten:<\/p>\n<p>SCR Crystal Terminator \u00e4r ett tillsatsmedel f\u00f6r SCR-systemet i fordon som f\u00f6rhindrar kristallisering av ureal\u00f6sning och bryter ner kristaller som redan har bildats.<\/p>\n<p>SCR Ice Protector \u00e4r ett tillsatsmedel f\u00f6r SCR-systemet i fordon som h\u00f6jer fryspunkten f\u00f6r AdBlue ureal\u00f6sning fr\u00e5n -11 \u00b0C till -17,5 \u00b0C.<\/p>\n<p>Dessutom finns det \u00e4ven en 50 ml f\u00e4rdig att anv\u00e4nda flaska med ovanst\u00e5ende funktioner.<\/p>\n<p><strong>F\u00f6rs\u00e4ljningsartiklar:<\/strong><br \/>\n3L+1L \u2013 1000 L AdBlue-lagringstank<br \/>\n50 ml \u2013 F\u00e4rdig att anv\u00e4nda dispenseringsflaska (F\u00f6rs\u00e4ljningsparti 50 st\/kartong)<\/p>","protected":false},"featured_media":1725,"comment_status":"closed","ping_status":"closed","template":"","meta":{"_acf_changed":false},"product_brand":[135],"product_cat":[126,45],"product_tag":[174],"class_list":{"0":"post-3451","1":"product","2":"type-product","3":"status-publish","4":"has-post-thumbnail","6":"product_brand-k-10","7":"product_cat-lisaaineet","8":"product_cat-lisaaineet-dieseliin-ja-adblue-sailioon","9":"product_tag-adblue-lisaaine","11":"first","12":"instock","13":"taxable","14":"shipping-taxable","15":"purchasable","16":"product-type-simple"},"acf":[],"_links":{"self":[{"href":"https:\/\/voitelukeskus.fi\/sv\/wp-json\/wp\/v2\/product\/3451","targetHints":{"allow":["GET"]}}],"collection":[{"href":"https:\/\/voitelukeskus.fi\/sv\/wp-json\/wp\/v2\/product"}],"about":[{"href":"https:\/\/voitelukeskus.fi\/sv\/wp-json\/wp\/v2\/types\/product"}],"replies":[{"embeddable":true,"href":"https:\/\/voitelukeskus.fi\/sv\/wp-json\/wp\/v2\/comments?post=3451"}],"wp:featuredmedia":[{"embeddable":true,"href":"https:\/\/voitelukeskus.fi\/sv\/wp-json\/wp\/v2\/media\/1725"}],"wp:attachment":[{"href":"https:\/\/voitelukeskus.fi\/sv\/wp-json\/wp\/v2\/media?parent=3451"}],"wp:term":[{"taxonomy":"product_brand","embeddable":true,"href":"https:\/\/voitelukeskus.fi\/sv\/wp-json\/wp\/v2\/product_brand?post=3451"},{"taxonomy":"product_cat","embeddable":true,"href":"https:\/\/voitelukeskus.fi\/sv\/wp-json\/wp\/v2\/product_cat?post=3451"},{"taxonomy":"product_tag","embeddable":true,"href":"https:\/\/voitelukeskus.fi\/sv\/wp-json\/wp\/v2\/product_tag?post=3451"}],"curies":[{"name":"wp","href":"https:\/\/api.w.org\/{rel}","templated":true}]}}