{"id":3439,"date":"2025-07-07T04:18:13","date_gmt":"2025-07-07T04:18:13","guid":{"rendered":"https:\/\/voitelukeskus.fi\/?post_type=product&#038;p=3439"},"modified":"2025-07-09T10:16:21","modified_gmt":"2025-07-09T10:16:21","slug":"yushimoto-takumi-mpx-erikoisrasva-418g-lubeshuttle","status":"publish","type":"product","link":"https:\/\/voitelukeskus.fi\/sv\/tuote\/yushimoto-takumi-mpx-erikoisrasva-418g-lubeshuttle\/","title":{"rendered":"Yushimoto Takumi MPX specialfett \u2013 418 g (Lubeshuttle)"},"content":{"rendered":"<p><strong>Takumi MPX \u00e4r s\u00e4rskilt l\u00e4mplig f\u00f6r:<\/strong><\/p>\n<ul>\n<li>F\u00f6r sm\u00f6rjning av h\u00e5rt belastade och l\u00e5ngsamt roterande rull- och glidlager, samt glidbanor<\/li>\n<li>F\u00f6r sm\u00f6rjning av leder<\/li>\n<li>F\u00f6r l\u00e5ngtidssm\u00f6rjning av sv\u00e4ngkranar f\u00f6r tornkranar<\/li>\n<li>F\u00f6r sm\u00f6rjning av lager i krossanl\u00e4ggningar, transportband och excenterpressar<\/li>\n<\/ul>\n<p>&nbsp;<\/p>\n<p><strong>Toppfunktioner:<\/strong><\/p>\n<ul>\n<li><strong>Mycket h\u00f6g tryckmotst\u00e5ndskraft<\/strong><\/li>\n<li><strong>T\u00e5l h\u00f6ga temperaturer<\/strong><\/li>\n<li><strong>Utm\u00e4rkt oxidationsbest\u00e4ndighet och korrosionsskydd<\/strong><\/li>\n<li><strong>Vattent\u00e5lig och mekaniskt stabil<\/strong><\/li>\n<li><strong>L\u00e5ngvarig och \u00e5ldersbest\u00e4ndig<\/strong><\/li>\n<li><strong>F\u00f6rl\u00e4nger underh\u00e5llsintervallen<\/strong><\/li>\n<li><strong>Exceptionell vidh\u00e4ftning \u2013 sitter kvar \u00e4ven under kr\u00e4vande f\u00f6rh\u00e5llanden<\/strong><\/li>\n<\/ul>","protected":false},"excerpt":{"rendered":"<p><strong>Specialfett utformat f\u00f6r extrema f\u00f6rh\u00e5llanden<\/strong><\/p>\n<p>Yushimoto Takumi MPX \u00e4r ett h\u00f6gpresterande och h\u00e5llbart premiumspecialfett baserat p\u00e5 en halvsyntetisk basolja. Det erbjuder exceptionellt h\u00f6g b\u00e4rf\u00f6rm\u00e5ga och utm\u00e4rkt vidh\u00e4ftning, och bildar en t\u00e4t, vatten- och dammavvisande skyddsfilm som s\u00e4kerst\u00e4ller l\u00e5ngvarigt skydd \u00e4ven under kr\u00e4vande f\u00f6rh\u00e5llanden, f\u00f6rl\u00e4nger underh\u00e5llsintervallen och minskar risken f\u00f6r driftstopp.<\/p>\n<p><strong>F\u00f6rpackningsstorlekar<\/strong><br \/>\n0,418 kg fettpatron (Lubeshuttle)<br \/>\nLevereras 20 st\/kartong<\/p>","protected":false},"featured_media":3446,"comment_status":"closed","ping_status":"closed","template":"","meta":{"_acf_changed":false},"product_brand":[179],"product_cat":[170,15],"product_tag":[],"class_list":{"0":"post-3439","1":"product","2":"type-product","3":"status-publish","4":"has-post-thumbnail","6":"product_brand-yushimoto","7":"product_cat-patruunarasvat","8":"product_cat-rasvat","10":"first","11":"instock","12":"taxable","13":"shipping-taxable","14":"purchasable","15":"product-type-simple"},"acf":[],"_links":{"self":[{"href":"https:\/\/voitelukeskus.fi\/sv\/wp-json\/wp\/v2\/product\/3439","targetHints":{"allow":["GET"]}}],"collection":[{"href":"https:\/\/voitelukeskus.fi\/sv\/wp-json\/wp\/v2\/product"}],"about":[{"href":"https:\/\/voitelukeskus.fi\/sv\/wp-json\/wp\/v2\/types\/product"}],"replies":[{"embeddable":true,"href":"https:\/\/voitelukeskus.fi\/sv\/wp-json\/wp\/v2\/comments?post=3439"}],"wp:featuredmedia":[{"embeddable":true,"href":"https:\/\/voitelukeskus.fi\/sv\/wp-json\/wp\/v2\/media\/3446"}],"wp:attachment":[{"href":"https:\/\/voitelukeskus.fi\/sv\/wp-json\/wp\/v2\/media?parent=3439"}],"wp:term":[{"taxonomy":"product_brand","embeddable":true,"href":"https:\/\/voitelukeskus.fi\/sv\/wp-json\/wp\/v2\/product_brand?post=3439"},{"taxonomy":"product_cat","embeddable":true,"href":"https:\/\/voitelukeskus.fi\/sv\/wp-json\/wp\/v2\/product_cat?post=3439"},{"taxonomy":"product_tag","embeddable":true,"href":"https:\/\/voitelukeskus.fi\/sv\/wp-json\/wp\/v2\/product_tag?post=3439"}],"curies":[{"name":"wp","href":"https:\/\/api.w.org\/{rel}","templated":true}]}}