{"id":3104,"date":"2025-06-10T11:26:03","date_gmt":"2025-06-10T11:26:03","guid":{"rendered":"https:\/\/voitelukeskus.fi\/?post_type=product&#038;p=3104"},"modified":"2026-03-02T08:32:55","modified_gmt":"2026-03-02T06:32:55","slug":"k-10-power-2t-pienmoottoribensiini","status":"publish","type":"product","link":"https:\/\/voitelukeskus.fi\/sv\/tuote\/k-10-power-2t-pienmoottoribensiini\/","title":{"rendered":"K-10 Power 2T liten motor bensin 54 st"},"content":{"rendered":"<p>K-10 Power 2T \u00e4r en h\u00f6gkvalitativ tv\u00e5taktsalkylatbensin speciellt framtagen f\u00f6r behoven hos sm\u00e5 f\u00f6rbr\u00e4nningsmotorer. Den \u00e4r l\u00e4mplig f\u00f6r ett brett utbud av hobby- och professionell utrustning, s\u00e5som motors\u00e5gar, r\u00f6js\u00e5gar, trimmers, motocrosscyklar och mopeder.<\/p>\n<p>Br\u00e4nslet minskar motorns f\u00f6roreningar, s\u00e4nker driftstemperaturerna och f\u00f6rhindrar k\u00e4rvning, vilket f\u00f6rl\u00e4nger motorns livsl\u00e4ngd. Dessutom inneh\u00e5ller avgaserna mindre sot och skadliga \u00e4mnen, vilket f\u00f6rb\u00e4ttrar milj\u00f6kvaliteten och luften vi andas. K-10 Power 2T bensinmotor f\u00f6r sm\u00e5 motorer har l\u00e5ng h\u00e5llbarhet.<\/p>\n<p>Det rekommenderas att tanka under l\u00e5ngtidsf\u00f6rvaring, vilket s\u00e4kerst\u00e4ller problemfri drift och enkel start efter f\u00f6rvaring.<\/p>\n<p>Inneh\u00e5ller 2 % biologiskt nedbrytbara, helsyntetiska 2T-oljor<\/p>","protected":false},"excerpt":{"rendered":"<p><strong>H\u00f6gkvalitativ bensin f\u00f6r sm\u00e5 motorer f\u00f6r tv\u00e5taktsmotorer<\/strong><\/p>\n<ul>\n<li>\u00d6ka prestandan<\/li>\n<li>S\u00e4nker driftstemperaturen<\/li>\n<li>Brinner rent, minskar motornedsmutsning<\/li>\n<li>F\u00f6rl\u00e4nger motorns livsl\u00e4ngd<\/li>\n<li>Utm\u00e4rkt h\u00e5llbarhet<\/li>\n<\/ul>\n<p>&nbsp;<\/p>\n<p><strong>F\u00f6rs\u00e4ljningsparti: 54 st x 5L-beh\u00e5llare<\/strong><\/p>","protected":false},"featured_media":3098,"comment_status":"closed","ping_status":"closed","template":"","meta":{"_acf_changed":false},"product_brand":[135],"product_cat":[177],"product_tag":[178],"class_list":{"0":"post-3104","1":"product","2":"type-product","3":"status-publish","4":"has-post-thumbnail","6":"product_brand-k-10","7":"product_cat-pienmoottoribensiinit","8":"product_tag-korkealaatuinen-pienmoottoribensiini","10":"first","11":"instock","12":"taxable","13":"shipping-taxable","14":"purchasable","15":"product-type-simple"},"acf":[],"_links":{"self":[{"href":"https:\/\/voitelukeskus.fi\/sv\/wp-json\/wp\/v2\/product\/3104","targetHints":{"allow":["GET"]}}],"collection":[{"href":"https:\/\/voitelukeskus.fi\/sv\/wp-json\/wp\/v2\/product"}],"about":[{"href":"https:\/\/voitelukeskus.fi\/sv\/wp-json\/wp\/v2\/types\/product"}],"replies":[{"embeddable":true,"href":"https:\/\/voitelukeskus.fi\/sv\/wp-json\/wp\/v2\/comments?post=3104"}],"wp:featuredmedia":[{"embeddable":true,"href":"https:\/\/voitelukeskus.fi\/sv\/wp-json\/wp\/v2\/media\/3098"}],"wp:attachment":[{"href":"https:\/\/voitelukeskus.fi\/sv\/wp-json\/wp\/v2\/media?parent=3104"}],"wp:term":[{"taxonomy":"product_brand","embeddable":true,"href":"https:\/\/voitelukeskus.fi\/sv\/wp-json\/wp\/v2\/product_brand?post=3104"},{"taxonomy":"product_cat","embeddable":true,"href":"https:\/\/voitelukeskus.fi\/sv\/wp-json\/wp\/v2\/product_cat?post=3104"},{"taxonomy":"product_tag","embeddable":true,"href":"https:\/\/voitelukeskus.fi\/sv\/wp-json\/wp\/v2\/product_tag?post=3104"}],"curies":[{"name":"wp","href":"https:\/\/api.w.org\/{rel}","templated":true}]}}