{"id":2941,"date":"2025-05-27T04:11:42","date_gmt":"2025-05-27T04:11:42","guid":{"rendered":"https:\/\/voitelukeskus.fi\/?post_type=product&#038;p=2941"},"modified":"2026-03-17T12:00:36","modified_gmt":"2026-03-17T10:00:36","slug":"stardust-pcl-red-2-400g-lubeshuttle","status":"publish","type":"product","link":"https:\/\/voitelukeskus.fi\/sv\/tuote\/stardust-pcl-red-2-400g-lubeshuttle\/","title":{"rendered":"Stardust PCL R\u00f6d 2 \u2013 400 g (Lubeshuttle)"},"content":{"rendered":"<p>Stardust PCL RED 2 \u00e4r ett h\u00f6gkvalitativt extremtrycksfett som inneh\u00e5ller hydrokeramiska ingredienser. Fettet skyddar mot slitage, rost och korrosion och f\u00f6rhindrar vattenurtv\u00e4ttning och oxidation \u00e4ven vid h\u00f6ga temperaturer. Fettet inneh\u00e5ller avancerade keramiska ingredienser som ger ytterligare skydd mot slitage.<\/p>\n<p>PCL RED 2 \u00e4r ett kraftigt, m\u00e5ngsidigt fordonsfett l\u00e4mpligt f\u00f6r personbilar, lastbilar, jordbrukstraktorer, bygg- och gruvmaskiner och annan mobil utrustning. Fettet har ett rekommenderat driftstemperaturomr\u00e5de p\u00e5 -30\u00b0C\u2026+130\u00b0C.<\/p>\n<p>Eftersom den keramiska kopparsulfiden i Stardust PCL RED 2-fettet f\u00f6rb\u00e4ttrar slitstyrkan \u00e4r det s\u00e4rskilt l\u00e4mpligt f\u00f6r sm\u00f6rjning av tungt belastade lager som uts\u00e4tts f\u00f6r vibrationer eller glidning.<\/p>\n<p><strong>Drag:<\/strong><br \/>\n<img decoding=\"async\" class=\"alignnone size-full wp-image-1635\" src=\"https:\/\/www.hitech.fi\/hitech\/wp-content\/uploads\/2024\/02\/Stardust_PCL_RED2_ominaisuudet.jpg\" alt=\"\" \/><\/p>","protected":false},"excerpt":{"rendered":"<p><strong>H\u00f6gkvalitativt universalfett, NLGI 2<\/strong><\/p>\n<p>H\u00f6gkvalitativt h\u00f6gtrycksfett inneh\u00e5llande hydrokeramiska ingredienser, vilket ger extra skydd mot slitage. Kalciumbaserat och vattenbest\u00e4ndigt. Driftstemperaturomr\u00e5de -30 \u00b0C \u2013 +120 \u00b0C.<\/p>\n<p><strong>F\u00f6rpackningsstorlekar<\/strong><br \/>\n0,4 kg fettpatron (Lubeshuttle)<br \/>\nLevereras 20 st\/kartong<\/p>","protected":false},"featured_media":1417,"comment_status":"closed","ping_status":"closed","template":"","meta":{"_acf_changed":false},"product_brand":[137],"product_cat":[170,15],"product_tag":[171,173],"class_list":{"0":"post-2941","1":"product","2":"type-product","3":"status-publish","4":"has-post-thumbnail","6":"product_brand-stradust","7":"product_cat-patruunarasvat","8":"product_cat-rasvat","9":"product_tag-korkeapainerasvat","10":"product_tag-tuubirasva","12":"first","13":"instock","14":"taxable","15":"shipping-taxable","16":"purchasable","17":"product-type-simple"},"acf":[],"_links":{"self":[{"href":"https:\/\/voitelukeskus.fi\/sv\/wp-json\/wp\/v2\/product\/2941","targetHints":{"allow":["GET"]}}],"collection":[{"href":"https:\/\/voitelukeskus.fi\/sv\/wp-json\/wp\/v2\/product"}],"about":[{"href":"https:\/\/voitelukeskus.fi\/sv\/wp-json\/wp\/v2\/types\/product"}],"replies":[{"embeddable":true,"href":"https:\/\/voitelukeskus.fi\/sv\/wp-json\/wp\/v2\/comments?post=2941"}],"wp:featuredmedia":[{"embeddable":true,"href":"https:\/\/voitelukeskus.fi\/sv\/wp-json\/wp\/v2\/media\/1417"}],"wp:attachment":[{"href":"https:\/\/voitelukeskus.fi\/sv\/wp-json\/wp\/v2\/media?parent=2941"}],"wp:term":[{"taxonomy":"product_brand","embeddable":true,"href":"https:\/\/voitelukeskus.fi\/sv\/wp-json\/wp\/v2\/product_brand?post=2941"},{"taxonomy":"product_cat","embeddable":true,"href":"https:\/\/voitelukeskus.fi\/sv\/wp-json\/wp\/v2\/product_cat?post=2941"},{"taxonomy":"product_tag","embeddable":true,"href":"https:\/\/voitelukeskus.fi\/sv\/wp-json\/wp\/v2\/product_tag?post=2941"}],"curies":[{"name":"wp","href":"https:\/\/api.w.org\/{rel}","templated":true}]}}