{"id":2939,"date":"2025-05-27T04:05:14","date_gmt":"2025-05-27T04:05:14","guid":{"rendered":"https:\/\/voitelukeskus.fi\/?post_type=product&#038;p=2939"},"modified":"2026-03-17T11:55:20","modified_gmt":"2026-03-17T09:55:20","slug":"stardust-pcl-extreme-400g-lubeshuttle","status":"publish","type":"product","link":"https:\/\/voitelukeskus.fi\/sv\/tuote\/stardust-pcl-extreme-400g-lubeshuttle\/","title":{"rendered":"Stardust PCL Extreme \u2013 400 g (Lubeshuttle)"},"content":{"rendered":"<p>Stardust PCL Extreme \u00e4r ett h\u00f6gpresterande extremtrycksfett som inneh\u00e5ller litiumkomplex och hydrokeramiska ingredienser. Fettet skyddar mot slitage, rost och korrosion, och f\u00f6rhindrar vattenurtv\u00e4ttning och oxidation \u00e4ven vid h\u00f6ga temperaturer. Fettet inneh\u00e5ller litium och avancerade keramiska ingredienser som ger ytterligare skydd mot slitage.<\/p>\n<p>PCL Extreme \u00e4r ett kraftigt, m\u00e5ngsidigt fordonsfett l\u00e4mpligt f\u00f6r bilar, lastbilar, jordbrukstraktorer, bygg- och gruvmaskiner och annan mobil utrustning. Fettet har ett rekommenderat driftstemperaturomr\u00e5de p\u00e5 -30 \u00b0C\u2026+140 \u00b0C. Komponenterna i Stardust PCL EXTREME-fettet ger h\u00f6g temperaturbest\u00e4ndighet och extremt slitageskydd vid h\u00f6g belastning.<\/p>\n<p>PCL Extreme \u2013 sm\u00f6rjfett uppfyller VOLVO-standard 1277.2 f\u00f6r sm\u00f6rjfetter och NLGI-standard GC-LB f\u00f6r chassi- och hjullagerfetter.<\/p>\n<p><strong>Drag:<\/strong><br \/>\n<img decoding=\"async\" class=\"alignnone size-full wp-image-1644\" src=\"https:\/\/www.hitech.fi\/hitech\/wp-content\/uploads\/2024\/02\/Stardust_PCL_Extreme_ominaisuudet_.jpg\" alt=\"\" \/><\/p>","protected":false},"excerpt":{"rendered":"<p><strong>H\u00f6gkvalitativt universalfett, NLGI 2<\/strong><\/p>\n<p>H\u00f6gkvalitativt h\u00f6gtrycksfett f\u00f6r kraftig anv\u00e4ndning inneh\u00e5llande litiumkomplex och hydrokeramiska ingredienser. Ger extra skydd mot slitage. Litiumbaserad kvalitet. Driftstemperaturomr\u00e5de -30 \u00b0C \u2013 +140 \u00b0C.<\/p>\n<p><strong>F\u00f6rpackningsstorlekar<\/strong><br \/>\n0,4 kg fettpatron (Lubeshuttle)<br \/>\nLevereras 20 st\/kartong<\/p>","protected":false},"featured_media":1418,"comment_status":"closed","ping_status":"closed","template":"","meta":{"_acf_changed":false},"product_brand":[137],"product_cat":[170,15],"product_tag":[171,173],"class_list":{"0":"post-2939","1":"product","2":"type-product","3":"status-publish","4":"has-post-thumbnail","6":"product_brand-stradust","7":"product_cat-patruunarasvat","8":"product_cat-rasvat","9":"product_tag-korkeapainerasvat","10":"product_tag-tuubirasva","12":"first","13":"instock","14":"taxable","15":"shipping-taxable","16":"purchasable","17":"product-type-simple"},"acf":[],"_links":{"self":[{"href":"https:\/\/voitelukeskus.fi\/sv\/wp-json\/wp\/v2\/product\/2939","targetHints":{"allow":["GET"]}}],"collection":[{"href":"https:\/\/voitelukeskus.fi\/sv\/wp-json\/wp\/v2\/product"}],"about":[{"href":"https:\/\/voitelukeskus.fi\/sv\/wp-json\/wp\/v2\/types\/product"}],"replies":[{"embeddable":true,"href":"https:\/\/voitelukeskus.fi\/sv\/wp-json\/wp\/v2\/comments?post=2939"}],"wp:featuredmedia":[{"embeddable":true,"href":"https:\/\/voitelukeskus.fi\/sv\/wp-json\/wp\/v2\/media\/1418"}],"wp:attachment":[{"href":"https:\/\/voitelukeskus.fi\/sv\/wp-json\/wp\/v2\/media?parent=2939"}],"wp:term":[{"taxonomy":"product_brand","embeddable":true,"href":"https:\/\/voitelukeskus.fi\/sv\/wp-json\/wp\/v2\/product_brand?post=2939"},{"taxonomy":"product_cat","embeddable":true,"href":"https:\/\/voitelukeskus.fi\/sv\/wp-json\/wp\/v2\/product_cat?post=2939"},{"taxonomy":"product_tag","embeddable":true,"href":"https:\/\/voitelukeskus.fi\/sv\/wp-json\/wp\/v2\/product_tag?post=2939"}],"curies":[{"name":"wp","href":"https:\/\/api.w.org\/{rel}","templated":true}]}}