{"id":2131,"date":"2025-05-14T07:20:14","date_gmt":"2025-05-14T07:20:14","guid":{"rendered":"https:\/\/voitelukeskus.fi\/?post_type=product&#038;p=2131"},"modified":"2025-08-12T09:12:17","modified_gmt":"2025-08-12T09:12:17","slug":"k-10-lionlube-litium-kalsium-418g","status":"publish","type":"product","link":"https:\/\/voitelukeskus.fi\/sv\/tuote\/k-10-lionlube-litium-kalsium-418g\/","title":{"rendered":"K-10 LionLube Litiumkalcium \u2013 418 g"},"content":{"rendered":"<p><strong>N\u00c4R DU KR\u00c4VER DET B\u00c4STA \u2013 V\u00c4LJ ETT SM\u00d6RJMEDEL SOM H\u00c5LLER!<\/strong><\/p>\n<p>Ett premium litium-kalciumfett som skyddar, sm\u00f6rjer och h\u00e5ller l\u00e4nge. Utvecklat f\u00f6r kr\u00e4vande f\u00f6rh\u00e5llanden. Den unika formuleringen s\u00e4kerst\u00e4ller utm\u00e4rkt anv\u00e4ndbarhet och en l\u00e5ng livsl\u00e4ngd sparar tid och underh\u00e5llskostnader.<\/p>\n<p>\u25cf Extremt slitageskydd<br \/>\n\u25cf Korrosions- och oxidationsskydd<br \/>\n\u25cf Fungerar under alla f\u00f6rh\u00e5llanden (-35 \u00b0C \u2013 +125 \u00b0C)<\/p>\n<p><img fetchpriority=\"high\" decoding=\"async\" class=\"alignnone size-full wp-image-2132\" src=\"https:\/\/voitelukeskus.fi\/wp-content\/uploads\/2025\/05\/K-10_LionLube_ominaisuudet.jpg\" alt=\"\" width=\"574\" height=\"252\" srcset=\"https:\/\/voitelukeskus.fi\/wp-content\/uploads\/2025\/05\/K-10_LionLube_ominaisuudet.jpg 574w, https:\/\/voitelukeskus.fi\/wp-content\/uploads\/2025\/05\/K-10_LionLube_ominaisuudet-300x132.jpg 300w\" sizes=\"(max-width: 574px) 100vw, 574px\" \/><\/p>","protected":false},"excerpt":{"rendered":"<p><strong>EFFEKTIVT KORROSIONSF\u00d6REBYGGANDE \u2013 EXTREM PRESTANDA<\/strong><br \/>\n<strong>H\u00f6gkvalitativt universalfett, NLGI2<\/strong><\/p>\n<p>Vattenbest\u00e4ndigt universalfett baserat p\u00e5 litium-kalciumtv\u00e5l med en blandning av h\u00f6graffinerad mineralolja och syntetisk ester. Speciella tillsatser f\u00f6r att f\u00f6rb\u00e4ttra vidh\u00e4ftning, oxidations- och korrosionsskydd. Driftstemperaturomr\u00e5de -35\u00b0C \u2013 +125\u00b0C.<\/p>\n<p><strong>F\u00f6rpackningsstorlekar<\/strong><br \/>\n0,418 kg fettpatron<br \/>\nLevereras 20 st\/kartong<\/p>\n<p><em><strong>Tillverkad i Finland<\/strong><\/em><\/p>","protected":false},"featured_media":2146,"comment_status":"closed","ping_status":"closed","template":"","meta":{"_acf_changed":false},"product_brand":[135],"product_cat":[170,15],"product_tag":[],"class_list":{"0":"post-2131","1":"product","2":"type-product","3":"status-publish","4":"has-post-thumbnail","6":"product_brand-k-10","7":"product_cat-patruunarasvat","8":"product_cat-rasvat","10":"first","11":"instock","12":"featured","13":"taxable","14":"shipping-taxable","15":"purchasable","16":"product-type-simple"},"acf":[],"_links":{"self":[{"href":"https:\/\/voitelukeskus.fi\/sv\/wp-json\/wp\/v2\/product\/2131","targetHints":{"allow":["GET"]}}],"collection":[{"href":"https:\/\/voitelukeskus.fi\/sv\/wp-json\/wp\/v2\/product"}],"about":[{"href":"https:\/\/voitelukeskus.fi\/sv\/wp-json\/wp\/v2\/types\/product"}],"replies":[{"embeddable":true,"href":"https:\/\/voitelukeskus.fi\/sv\/wp-json\/wp\/v2\/comments?post=2131"}],"wp:featuredmedia":[{"embeddable":true,"href":"https:\/\/voitelukeskus.fi\/sv\/wp-json\/wp\/v2\/media\/2146"}],"wp:attachment":[{"href":"https:\/\/voitelukeskus.fi\/sv\/wp-json\/wp\/v2\/media?parent=2131"}],"wp:term":[{"taxonomy":"product_brand","embeddable":true,"href":"https:\/\/voitelukeskus.fi\/sv\/wp-json\/wp\/v2\/product_brand?post=2131"},{"taxonomy":"product_cat","embeddable":true,"href":"https:\/\/voitelukeskus.fi\/sv\/wp-json\/wp\/v2\/product_cat?post=2131"},{"taxonomy":"product_tag","embeddable":true,"href":"https:\/\/voitelukeskus.fi\/sv\/wp-json\/wp\/v2\/product_tag?post=2131"}],"curies":[{"name":"wp","href":"https:\/\/api.w.org\/{rel}","templated":true}]}}