{"id":1640,"date":"2025-04-15T11:01:58","date_gmt":"2025-04-15T11:01:58","guid":{"rendered":"https:\/\/voitelukeskus.fi\/?post_type=product&#038;p=1640"},"modified":"2025-11-11T08:24:10","modified_gmt":"2025-11-11T08:24:10","slug":"k-10-diesel-booster","status":"publish","type":"product","link":"https:\/\/voitelukeskus.fi\/sv\/tuote\/k-10-diesel-booster\/","title":{"rendered":"K-10 Dieselbooster 5L"},"content":{"rendered":"<p><strong>Rekommenderas f\u00f6r anv\u00e4ndning i alla dieselmotorer och med alla dieselkvaliteter:<\/strong><br \/>\n\u25cf Lastbilar<br \/>\n\u25cf Maskiner och traktorer<br \/>\n\u25cf Personbilar och sk\u00e5pbilar<br \/>\n\u25cf Diesel- och eldningsoljev\u00e4rmare<\/p>\n<p><strong>Bruksanvisning:<\/strong><br \/>\n1. Tills\u00e4tt i tanken\/beh\u00e5llaren f\u00f6re tankning.<br \/>\n2. Dosering:<br \/>\n\u2022 Rekommendation f\u00f6r kontinuerlig anv\u00e4ndning 1:500, dvs. 2 l produkt f\u00f6r 1000 l br\u00e4nsle<br \/>\n\u2022 Intensivbehandling och reng\u00f6ring 1:300, dvs. 3,3 l produkt per 1000 liter br\u00e4nsle (f\u00f6r 1\u20132 tankar)<br \/>\n\u2022 Rekommenderas inte f\u00f6r anv\u00e4ndning i en blandning starkare \u00e4n 1:300<\/p>","protected":false},"excerpt":{"rendered":"<p><strong>K-10 Diesel Booster \u00e4r ett effektivt och h\u00f6gkvalitativt tillsatsmedel f\u00f6r alla dieselmotorer.<\/strong><\/p>\n<p>Den reng\u00f6r och sm\u00f6rjer insprutningssystemet, f\u00f6rb\u00e4ttrar f\u00f6rbr\u00e4nningen och \u00f6kar cetantalet, minskar avgasutsl\u00e4pp, f\u00f6rb\u00e4ttrar br\u00e4nsleekonomin och optimerar motorns prestanda.<\/p>\n<p>\u00c4mnet avl\u00e4gsnar vatten och f\u00f6rhindrar oxidation och bakterietillv\u00e4xt i br\u00e4nslesystemet. S\u00e4ker att anv\u00e4nda i nya och gamla dieselmotorer. Regelbunden anv\u00e4ndning rekommenderas.<\/p>\n<p><strong>F\u00f6rpackningsstorlekar:<\/strong><br \/>\n5L-beh\u00e5llare<br \/>\n50 ml doseringsflaska (F\u00f6rs\u00e4ljningsparti 50 st\/f\u00f6rpackning)<\/p>","protected":false},"featured_media":1728,"comment_status":"closed","ping_status":"closed","template":"","meta":{"_acf_changed":false},"product_brand":[135],"product_cat":[126,45],"product_tag":[167],"class_list":{"0":"post-1640","1":"product","2":"type-product","3":"status-publish","4":"has-post-thumbnail","6":"product_brand-k-10","7":"product_cat-lisaaineet","8":"product_cat-lisaaineet-dieseliin-ja-adblue-sailioon","9":"product_tag-diesel-lisaaineet","11":"first","12":"instock","13":"featured","14":"taxable","15":"shipping-taxable","16":"purchasable","17":"product-type-simple"},"acf":[],"_links":{"self":[{"href":"https:\/\/voitelukeskus.fi\/sv\/wp-json\/wp\/v2\/product\/1640","targetHints":{"allow":["GET"]}}],"collection":[{"href":"https:\/\/voitelukeskus.fi\/sv\/wp-json\/wp\/v2\/product"}],"about":[{"href":"https:\/\/voitelukeskus.fi\/sv\/wp-json\/wp\/v2\/types\/product"}],"replies":[{"embeddable":true,"href":"https:\/\/voitelukeskus.fi\/sv\/wp-json\/wp\/v2\/comments?post=1640"}],"wp:featuredmedia":[{"embeddable":true,"href":"https:\/\/voitelukeskus.fi\/sv\/wp-json\/wp\/v2\/media\/1728"}],"wp:attachment":[{"href":"https:\/\/voitelukeskus.fi\/sv\/wp-json\/wp\/v2\/media?parent=1640"}],"wp:term":[{"taxonomy":"product_brand","embeddable":true,"href":"https:\/\/voitelukeskus.fi\/sv\/wp-json\/wp\/v2\/product_brand?post=1640"},{"taxonomy":"product_cat","embeddable":true,"href":"https:\/\/voitelukeskus.fi\/sv\/wp-json\/wp\/v2\/product_cat?post=1640"},{"taxonomy":"product_tag","embeddable":true,"href":"https:\/\/voitelukeskus.fi\/sv\/wp-json\/wp\/v2\/product_tag?post=1640"}],"curies":[{"name":"wp","href":"https:\/\/api.w.org\/{rel}","templated":true}]}}