{"id":1635,"date":"2025-04-15T10:19:24","date_gmt":"2025-04-15T10:19:24","guid":{"rendered":"https:\/\/voitelukeskus.fi\/?post_type=product&#038;p=1635"},"modified":"2025-05-14T08:20:48","modified_gmt":"2025-05-14T08:20:48","slug":"ii-96-oljynimeytystuote","status":"publish","type":"product","link":"https:\/\/voitelukeskus.fi\/sv\/tuote\/ii-96-oljynimeytystuote\/","title":{"rendered":"II-96 Oljebeteckning produkt"},"content":{"rendered":"<p><strong>L\u00e4mplig f\u00f6r att absorbera alla v\u00e4tskor som \u00e4r l\u00e4ttare \u00e4n vatten (oljiga), s\u00e5som:<\/strong><br \/>\n\u2022 Olja<br \/>\n\u2022 Diesel<br \/>\n\u2022 Bensin<br \/>\n\u2022 Kylv\u00e4tskor<br \/>\n\u2022 Kolv\u00e4tebaserade l\u00f6sningsmedel<\/p>\n<p><strong>Rekommenderas f\u00f6r anv\u00e4ndning:<\/strong><br \/>\n\u2022 Verkstads- och industrigolv<br \/>\n\u2022 Asfalterade omr\u00e5den<br \/>\n\u2022 Bensinstationer<br \/>\n\u2022 Tr\u00e4dg\u00e5rdsomr\u00e5den<br \/>\n\u2022 Oljeutvinning fr\u00e5n vatten<br \/>\n\u2022 Oljeseparationsbrunnar<br \/>\n\u2022 B\u00e5tars och fartygs l\u00e4ns<\/p>\n<p><strong>Instruktioner f\u00f6r anv\u00e4ndning och hantering:<\/strong><\/p>\n<p><strong>II-96 anv\u00e4ndning vid olja i vatten:<\/strong><br \/>\nF\u00f6rdela produkten j\u00e4mnt \u00f6ver oljan som ska absorberas. II-96 absorberar oljan och l\u00e4cker inte. Produkten absorberar inte vatten och flyter \u00e4ven n\u00e4r den \u00e4r helt absorberad, vilket g\u00f6r att oljan kan samlas upp fr\u00e5n vattnet som en fast massa.<\/p>\n<p><strong>II-96 anv\u00e4ndning vid oljning av fasta ytor:<\/strong><br \/>\nF\u00f6rdela produkten j\u00e4mnt \u00f6ver oljan som ska absorberas, produkten kommer att absorbera oljan och kommer inte att l\u00e4cka. Den absorberade massan kan samlas upp genom att borsta, kontrollera ytan och applicera produkten igen vid behov.<\/p>","protected":false},"excerpt":{"rendered":"<p><strong>II-96 \u00e4r den mest absorberande produkten f\u00f6r oljespillskontroll p\u00e5 marknaden. Ett effektivt, l\u00e4ttanv\u00e4nt och milj\u00f6v\u00e4nligt val f\u00f6r oljespillskontroll.<\/strong><\/p>\n<p>Den \u00e4r baserad p\u00e5 en ny generation kemi och kan absorbera mer \u00e4n 90% av sin egen v\u00e4tskevolym utan att \u00e4ndra \u00e4mnets volym. Dess fina, granul\u00e4ra sammans\u00e4ttning m\u00f6jligg\u00f6r enkel applicering av absorptionsprodukten p\u00e5 det behandlade objektet och effektiv \u00e5tervinning av avfall \u00e4ven p\u00e5 por\u00f6sa ytor.<\/p>\n<p>Produkten \u00e4r giftfri och icke-absorberande, vilket g\u00f6r den idealisk f\u00f6r att separera oljiga v\u00e4tskor fr\u00e5n vatten. Det \u00e5tervunna avfallet inneh\u00e5ller endast olja och absorberande grus, vilket minskar m\u00e4ngden avfall som ska kasseras och s\u00e4nker kostnaderna.<\/p>\n<p><strong>Produkten \u00e4r f\u00f6rpackad i en 15-liters plasthink.<\/strong><\/p>","protected":false},"featured_media":1636,"comment_status":"closed","ping_status":"closed","template":"","meta":{"_acf_changed":false},"product_brand":[],"product_cat":[38,106],"product_tag":[168],"class_list":{"0":"post-1635","1":"product","2":"type-product","3":"status-publish","4":"has-post-thumbnail","6":"product_cat-huoltokemikaalit-ja-puhdistusaineet","7":"product_cat-imeytysaineet","8":"product_tag-oljynimeytys","10":"first","11":"instock","12":"featured","13":"taxable","14":"shipping-taxable","15":"purchasable","16":"product-type-simple"},"acf":[],"_links":{"self":[{"href":"https:\/\/voitelukeskus.fi\/sv\/wp-json\/wp\/v2\/product\/1635","targetHints":{"allow":["GET"]}}],"collection":[{"href":"https:\/\/voitelukeskus.fi\/sv\/wp-json\/wp\/v2\/product"}],"about":[{"href":"https:\/\/voitelukeskus.fi\/sv\/wp-json\/wp\/v2\/types\/product"}],"replies":[{"embeddable":true,"href":"https:\/\/voitelukeskus.fi\/sv\/wp-json\/wp\/v2\/comments?post=1635"}],"wp:featuredmedia":[{"embeddable":true,"href":"https:\/\/voitelukeskus.fi\/sv\/wp-json\/wp\/v2\/media\/1636"}],"wp:attachment":[{"href":"https:\/\/voitelukeskus.fi\/sv\/wp-json\/wp\/v2\/media?parent=1635"}],"wp:term":[{"taxonomy":"product_brand","embeddable":true,"href":"https:\/\/voitelukeskus.fi\/sv\/wp-json\/wp\/v2\/product_brand?post=1635"},{"taxonomy":"product_cat","embeddable":true,"href":"https:\/\/voitelukeskus.fi\/sv\/wp-json\/wp\/v2\/product_cat?post=1635"},{"taxonomy":"product_tag","embeddable":true,"href":"https:\/\/voitelukeskus.fi\/sv\/wp-json\/wp\/v2\/product_tag?post=1635"}],"curies":[{"name":"wp","href":"https:\/\/api.w.org\/{rel}","templated":true}]}}