{"id":1601,"date":"2025-04-14T09:57:11","date_gmt":"2025-04-14T09:57:11","guid":{"rendered":"https:\/\/voitelukeskus.fi\/?post_type=product&#038;p=1601"},"modified":"2025-10-28T08:43:39","modified_gmt":"2025-10-28T08:43:39","slug":"k-10-elite-r-s-32-vi-175-hydraulioljy","status":"publish","type":"product","link":"https:\/\/voitelukeskus.fi\/sv\/tuote\/k-10-elite-r-s-32-vi-175-hydraulioljy\/","title":{"rendered":"K-10 ELITE RS 32 VI 175 hydraulolja 208L"},"content":{"rendered":"<p>ELITE RS-oljor \u00e4r h\u00f6gkvalitativa HVLP-hydrauloljor tillverkade av paraffiniska mineraloljor f\u00f6r \u00e5retruntbruk. De \u00e4r l\u00e4mpliga f\u00f6r b\u00e5de station\u00e4ra och mobila hydraulsystem som arbetar under varierande f\u00f6rh\u00e5llanden och temperaturer.<\/p>\n<p>ELITE RS-oljor \u00e4r utformade f\u00f6r att m\u00f6ta kraven fr\u00e5n modern utrustning vad g\u00e4ller b\u00e5de tryckbest\u00e4ndighet och slitageskydd. Deras h\u00f6ga viskositetsindex g\u00f6r att utrustningen kan starta \u00e4ven i kalla f\u00f6rh\u00e5llanden.<\/p>\n<p><strong>Produktegenskaper:<\/strong><br \/>\n<img fetchpriority=\"high\" decoding=\"async\" class=\"alignnone size-full wp-image-1605\" src=\"https:\/\/voitelukeskus.fi\/wp-content\/uploads\/2025\/04\/V175_ominaisuudet_.jpg\" alt=\"\" width=\"793\" height=\"198\" srcset=\"https:\/\/voitelukeskus.fi\/wp-content\/uploads\/2025\/04\/V175_ominaisuudet_.jpg 793w, https:\/\/voitelukeskus.fi\/wp-content\/uploads\/2025\/04\/V175_ominaisuudet_-300x75.jpg 300w, https:\/\/voitelukeskus.fi\/wp-content\/uploads\/2025\/04\/V175_ominaisuudet_-768x192.jpg 768w, https:\/\/voitelukeskus.fi\/wp-content\/uploads\/2025\/04\/V175_ominaisuudet_-600x150.jpg 600w\" sizes=\"(max-width: 793px) 100vw, 793px\" \/><\/p>","protected":false},"excerpt":{"rendered":"<p><strong>Uppfyller f\u00f6ljande krav\/klassificeringar:<\/strong><br \/>\nISO 6743-4; ISO-L-HV: DIN 51524-3 (HVLP); AFNOR NF E 48-603 (HV); Sperry Vickers I-286-S; US-st\u00e5l 126 och 127<\/p>\n<p><strong>F\u00f6rpackningsstorlekar:<\/strong><br \/>\n208 liter och 1000 liter<\/p>","protected":false},"featured_media":1611,"comment_status":"closed","ping_status":"closed","template":"","meta":{"_acf_changed":false},"product_brand":[135],"product_cat":[41,36],"product_tag":[65,18,66],"class_list":{"0":"post-1601","1":"product","2":"type-product","3":"status-publish","4":"has-post-thumbnail","6":"product_brand-k-10","7":"product_cat-hydraulioljyt","8":"product_cat-oljyt","9":"product_tag-hvlp-hydrauliikkaoljy","10":"product_tag-hydrauliikkaoljy","11":"product_tag-korkean-viskositeetti-indeksin-oljy","13":"first","14":"instock","15":"taxable","16":"shipping-taxable","17":"purchasable","18":"product-type-simple"},"acf":[],"_links":{"self":[{"href":"https:\/\/voitelukeskus.fi\/sv\/wp-json\/wp\/v2\/product\/1601","targetHints":{"allow":["GET"]}}],"collection":[{"href":"https:\/\/voitelukeskus.fi\/sv\/wp-json\/wp\/v2\/product"}],"about":[{"href":"https:\/\/voitelukeskus.fi\/sv\/wp-json\/wp\/v2\/types\/product"}],"replies":[{"embeddable":true,"href":"https:\/\/voitelukeskus.fi\/sv\/wp-json\/wp\/v2\/comments?post=1601"}],"wp:featuredmedia":[{"embeddable":true,"href":"https:\/\/voitelukeskus.fi\/sv\/wp-json\/wp\/v2\/media\/1611"}],"wp:attachment":[{"href":"https:\/\/voitelukeskus.fi\/sv\/wp-json\/wp\/v2\/media?parent=1601"}],"wp:term":[{"taxonomy":"product_brand","embeddable":true,"href":"https:\/\/voitelukeskus.fi\/sv\/wp-json\/wp\/v2\/product_brand?post=1601"},{"taxonomy":"product_cat","embeddable":true,"href":"https:\/\/voitelukeskus.fi\/sv\/wp-json\/wp\/v2\/product_cat?post=1601"},{"taxonomy":"product_tag","embeddable":true,"href":"https:\/\/voitelukeskus.fi\/sv\/wp-json\/wp\/v2\/product_tag?post=1601"}],"curies":[{"name":"wp","href":"https:\/\/api.w.org\/{rel}","templated":true}]}}