{"id":1512,"date":"2025-03-24T09:28:13","date_gmt":"2025-03-24T09:28:13","guid":{"rendered":"https:\/\/voitelukeskus.fi\/?post_type=product&#038;p=1512"},"modified":"2025-06-05T08:46:57","modified_gmt":"2025-06-05T08:46:57","slug":"pemco-345-5w-30-kevyenkaluston-moottorioljy","status":"publish","type":"product","link":"https:\/\/voitelukeskus.fi\/sv\/tuote\/pemco-345-5w-30-kevyenkaluston-moottorioljy\/","title":{"rendered":"Pemco 345 5W-30 motorolja f\u00f6r l\u00e4tt lastbil"},"content":{"rendered":"<p>En h\u00f6gkvalitativ syntetisk esterbaserad motorolja f\u00f6r moderna naturligt aspirerade och \u00f6verladdade diesel- och bensinmotorer. Produkten rekommenderas s\u00e4rskilt f\u00f6r turboladdade dieselmotorer med direktinsprutning. Produkten har utformats f\u00f6r att uppfylla de krav som Mercedes Benz st\u00e4ller f\u00f6r oljor.<\/p>\n<p><strong>Produktegenskaper:<\/strong><br \/>\n<img fetchpriority=\"high\" decoding=\"async\" class=\"alignnone size-full wp-image-1140\" src=\"https:\/\/www.hitech.fi\/hitech\/wp-content\/uploads\/2023\/12\/PM_345_ominaisuudet_FIN.jpg\" alt=\"\" width=\"641\" height=\"175\" \/><\/p>","protected":false},"excerpt":{"rendered":"<p><strong>Uppfyller f\u00f6ljande krav:<\/strong><br \/>\nSAE 5W-30; API SN\/CH-4; ACEA C2\/C3; VW 505 01; BMW LL-04; MB 229.52; MB 229.51; MB 229.31; MB 226.5; GM dexos2; RENAULT RN0700; RENAULT RN0710<\/p>\n<p><strong>F\u00f6rpackningsstorlekar:<\/strong><br \/>\n208L<\/p>","protected":false},"featured_media":1517,"comment_status":"closed","ping_status":"closed","template":"","meta":{"_acf_changed":false},"product_brand":[134],"product_cat":[39,36],"product_tag":[159,157,131],"class_list":{"0":"post-1512","1":"product","2":"type-product","3":"status-publish","4":"has-post-thumbnail","6":"product_brand-pemco","7":"product_cat-henkiloautojen-moottorioljyt","8":"product_cat-oljyt","9":"product_tag-5w-30","10":"product_tag-kevyen-kaluston-moottorioljy","11":"product_tag-pemco","13":"first","14":"instock","15":"taxable","16":"shipping-taxable","17":"product-type-simple"},"acf":[],"_links":{"self":[{"href":"https:\/\/voitelukeskus.fi\/sv\/wp-json\/wp\/v2\/product\/1512","targetHints":{"allow":["GET"]}}],"collection":[{"href":"https:\/\/voitelukeskus.fi\/sv\/wp-json\/wp\/v2\/product"}],"about":[{"href":"https:\/\/voitelukeskus.fi\/sv\/wp-json\/wp\/v2\/types\/product"}],"replies":[{"embeddable":true,"href":"https:\/\/voitelukeskus.fi\/sv\/wp-json\/wp\/v2\/comments?post=1512"}],"wp:featuredmedia":[{"embeddable":true,"href":"https:\/\/voitelukeskus.fi\/sv\/wp-json\/wp\/v2\/media\/1517"}],"wp:attachment":[{"href":"https:\/\/voitelukeskus.fi\/sv\/wp-json\/wp\/v2\/media?parent=1512"}],"wp:term":[{"taxonomy":"product_brand","embeddable":true,"href":"https:\/\/voitelukeskus.fi\/sv\/wp-json\/wp\/v2\/product_brand?post=1512"},{"taxonomy":"product_cat","embeddable":true,"href":"https:\/\/voitelukeskus.fi\/sv\/wp-json\/wp\/v2\/product_cat?post=1512"},{"taxonomy":"product_tag","embeddable":true,"href":"https:\/\/voitelukeskus.fi\/sv\/wp-json\/wp\/v2\/product_tag?post=1512"}],"curies":[{"name":"wp","href":"https:\/\/api.w.org\/{rel}","templated":true}]}}