{"id":1496,"date":"2025-03-24T09:23:39","date_gmt":"2025-03-24T09:23:39","guid":{"rendered":"https:\/\/voitelukeskus.fi\/?post_type=product&#038;p=1496"},"modified":"2025-07-15T08:43:20","modified_gmt":"2025-07-15T08:43:20","slug":"elite-ultra-protect-pinnottava-shampoo","status":"publish","type":"product","link":"https:\/\/voitelukeskus.fi\/sv\/tuote\/elite-ultra-protect-pinnottava-shampoo\/","title":{"rendered":"ELITE Ultra Protect ytbehandlingsschampo 10L"},"content":{"rendered":"<p><strong>Anv\u00e4ndarmanual<\/strong><\/p>\n<p>Sp\u00e4d med vatten beroende p\u00e5 appliceringsmetod. I borsttv\u00e4ttmaskiner 1:100-2:100. Borsta p\u00e5 bilytan f\u00f6r att t\u00e4cka \u00e4ven de sv\u00e5raste springorna. Vid handvaxning, sp\u00e4d 2:100-3:100 och applicera med en svamp p\u00e5 bilytan f\u00f6r att uppn\u00e5 en vaxning av h\u00f6gsta klass. Sk\u00f6lj noggrant efter behandling. Rekommenderas inte f\u00f6r applicering p\u00e5 ytor \u00f6ver +35 \u00b0C (handvarmt). Undvik alltid tv\u00e4tt i varma f\u00f6rh\u00e5llanden och solljus.<\/p>","protected":false},"excerpt":{"rendered":"<p><strong>H\u00f6gkvalitativt och snabbt anv\u00e4ndande v\u00e5tvax<\/strong>, vilket ger en skyddande yta och g\u00f6r framtida tv\u00e4tt enklare. H\u00f6gkvalitativt nanoteknologibaserat keramiskt v\u00e5tvax f\u00f6r snabb vaxning i borsttv\u00e4ttmaskiner och handvaxning.<\/p>\n<p>Skyddar lackytan fr\u00e5n v\u00e4gsalt och andra f\u00f6roreningar. En behaglig k\u00f6rsb\u00e4rsdoft uppst\u00e5r under torkningsprocessen.<\/p>\n<p><strong>F\u00f6rpackningsstorlekar:<\/strong><br \/>\n10L och 20L<\/p>","protected":false},"featured_media":1509,"comment_status":"closed","ping_status":"closed","template":"","meta":{"_acf_changed":false},"product_brand":[152],"product_cat":[38,90],"product_tag":[],"class_list":{"0":"post-1496","1":"product","2":"type-product","3":"status-publish","4":"has-post-thumbnail","6":"product_brand-elite","7":"product_cat-huoltokemikaalit-ja-puhdistusaineet","8":"product_cat-pesuaineet","10":"first","11":"instock","12":"taxable","13":"shipping-taxable","14":"purchasable","15":"product-type-simple"},"acf":[],"_links":{"self":[{"href":"https:\/\/voitelukeskus.fi\/sv\/wp-json\/wp\/v2\/product\/1496","targetHints":{"allow":["GET"]}}],"collection":[{"href":"https:\/\/voitelukeskus.fi\/sv\/wp-json\/wp\/v2\/product"}],"about":[{"href":"https:\/\/voitelukeskus.fi\/sv\/wp-json\/wp\/v2\/types\/product"}],"replies":[{"embeddable":true,"href":"https:\/\/voitelukeskus.fi\/sv\/wp-json\/wp\/v2\/comments?post=1496"}],"wp:featuredmedia":[{"embeddable":true,"href":"https:\/\/voitelukeskus.fi\/sv\/wp-json\/wp\/v2\/media\/1509"}],"wp:attachment":[{"href":"https:\/\/voitelukeskus.fi\/sv\/wp-json\/wp\/v2\/media?parent=1496"}],"wp:term":[{"taxonomy":"product_brand","embeddable":true,"href":"https:\/\/voitelukeskus.fi\/sv\/wp-json\/wp\/v2\/product_brand?post=1496"},{"taxonomy":"product_cat","embeddable":true,"href":"https:\/\/voitelukeskus.fi\/sv\/wp-json\/wp\/v2\/product_cat?post=1496"},{"taxonomy":"product_tag","embeddable":true,"href":"https:\/\/voitelukeskus.fi\/sv\/wp-json\/wp\/v2\/product_tag?post=1496"}],"curies":[{"name":"wp","href":"https:\/\/api.w.org\/{rel}","templated":true}]}}