{"id":1462,"date":"2025-03-24T08:55:55","date_gmt":"2025-03-24T08:55:55","guid":{"rendered":"https:\/\/voitelukeskus.fi\/?post_type=product&#038;p=1462"},"modified":"2025-06-05T08:57:19","modified_gmt":"2025-06-05T08:57:19","slug":"pemco-diesel-g-18-shpd-15w-40-raskaankaluston-moottorioljy","status":"publish","type":"product","link":"https:\/\/voitelukeskus.fi\/sv\/tuote\/pemco-diesel-g-18-shpd-15w-40-raskaankaluston-moottorioljy\/","title":{"rendered":"Pemco Diesel G-18 SHPD 15W-40 motorolja f\u00f6r kraftiga \u00e4ndam\u00e5l"},"content":{"rendered":"<p>Syntetisk dieselolja f\u00f6r tunga dieselmotorer f\u00f6r moderna turboladdade och naturligt aspirerade motorer. Tack vare de h\u00f6gkvalitativa syntetiska basoljorna finns det litet behov av viskositetsindexf\u00f6rb\u00e4ttrare, vilket inneb\u00e4r att oljeuttunningen \u00e4r minimal \u00e4ven under de mest kr\u00e4vande f\u00f6rh\u00e5llandena d\u00e4r oljetemperaturerna stiger till h\u00f6ga niv\u00e5er.<\/p>\n<p><strong>Produktegenskaper:<\/strong><br \/>\n<img decoding=\"async\" class=\"alignnone size-full wp-image-3672\" src=\"https:\/\/www.hitech.fi\/hitech\/wp-content\/uploads\/2024\/06\/PM_0718_ominaisuudet.jpg\" alt=\"\" \/><\/p>","protected":false},"excerpt":{"rendered":"<p><strong>Uppfyller f\u00f6ljande klassificeringar:<\/strong><br \/>\nSAE 15W-40; API CK-4; ACEA E8; ACEA E11; MB 228,31; MB 228,51; VOLVO VDS-4.5; CUMMINS CES 20086; MAN M 3775; IVECO (ACEA E6-2016); DAF (ACEA E6-2016); DETROIT DIESEL DDC93K222; RENAULT RLD-3; MACK EOS-4.5; CATERPILLAR ECF-3<\/p>\n<p><strong>F\u00f6rpackningsstorlekar:<\/strong><br \/>\n208L<\/p>","protected":false},"featured_media":1435,"comment_status":"closed","ping_status":"closed","template":"","meta":{"_acf_changed":false},"product_brand":[134],"product_cat":[36,40],"product_tag":[161,131,133],"class_list":{"0":"post-1462","1":"product","2":"type-product","3":"status-publish","4":"has-post-thumbnail","6":"product_brand-pemco","7":"product_cat-oljyt","8":"product_cat-raskaan-kaluston-moottorioljyt","9":"product_tag-15w-40","10":"product_tag-pemco","11":"product_tag-raskaan-kaluston-moottorioljyt","13":"first","14":"instock","15":"taxable","16":"shipping-taxable","17":"purchasable","18":"product-type-simple"},"acf":[],"_links":{"self":[{"href":"https:\/\/voitelukeskus.fi\/sv\/wp-json\/wp\/v2\/product\/1462","targetHints":{"allow":["GET"]}}],"collection":[{"href":"https:\/\/voitelukeskus.fi\/sv\/wp-json\/wp\/v2\/product"}],"about":[{"href":"https:\/\/voitelukeskus.fi\/sv\/wp-json\/wp\/v2\/types\/product"}],"replies":[{"embeddable":true,"href":"https:\/\/voitelukeskus.fi\/sv\/wp-json\/wp\/v2\/comments?post=1462"}],"wp:featuredmedia":[{"embeddable":true,"href":"https:\/\/voitelukeskus.fi\/sv\/wp-json\/wp\/v2\/media\/1435"}],"wp:attachment":[{"href":"https:\/\/voitelukeskus.fi\/sv\/wp-json\/wp\/v2\/media?parent=1462"}],"wp:term":[{"taxonomy":"product_brand","embeddable":true,"href":"https:\/\/voitelukeskus.fi\/sv\/wp-json\/wp\/v2\/product_brand?post=1462"},{"taxonomy":"product_cat","embeddable":true,"href":"https:\/\/voitelukeskus.fi\/sv\/wp-json\/wp\/v2\/product_cat?post=1462"},{"taxonomy":"product_tag","embeddable":true,"href":"https:\/\/voitelukeskus.fi\/sv\/wp-json\/wp\/v2\/product_tag?post=1462"}],"curies":[{"name":"wp","href":"https:\/\/api.w.org\/{rel}","templated":true}]}}