{"id":1461,"date":"2025-03-24T08:55:55","date_gmt":"2025-03-24T08:55:55","guid":{"rendered":"https:\/\/voitelukeskus.fi\/?post_type=product&#038;p=1461"},"modified":"2025-07-16T08:54:42","modified_gmt":"2025-07-16T08:54:42","slug":"pemco-diesel-g-5-uhpd-10w-40-raskaankaluston-moottorioljy","status":"publish","type":"product","link":"https:\/\/voitelukeskus.fi\/sv\/tuote\/pemco-diesel-g-5-uhpd-10w-40-raskaankaluston-moottorioljy\/","title":{"rendered":"Pemco Diesel G-5 UHPD 10W-40 motorolja f\u00f6r tung drift 208 l"},"content":{"rendered":"<p>Innovativ halvsyntetisk esterbaserad dieselmotorolja f\u00f6r tunga fordon f\u00f6r \u00e5ret-runt-bruk i moderna, naturligt aspirerade och kompressormatade tunga dieselmotorer. Rekommenderas inte f\u00f6r motorer utrustade med dieselpartikelfilter (DPF).<\/p>\n<p><strong>Produktegenskaper:<\/strong><br \/>\n<img decoding=\"async\" class=\"alignnone size-full wp-image-3671\" src=\"https:\/\/www.hitech.fi\/hitech\/wp-content\/uploads\/2024\/06\/PM_0705_ominaisuudet.jpg\" alt=\"\" \/><\/p>","protected":false},"excerpt":{"rendered":"<p><strong>Uppfyller f\u00f6ljande klassificeringar:<\/strong><br \/>\nSAE 10W-40; API CI4 Plus CI-4\/CH-4\/SL; ACEA E7; JASO DH-1; GLOBAL DHD-1; CATERPILLAR ECF-2 \/ ECF-1-a; CUMMINS CES 20076\/077\/078; DETROIT DIESEL 93K215; DEUTZ DQC III; MACK EO-N \/ EO-M Plus; MAN M 3275; MB 228,3\/228,1; MTU Typ 2; RENAULT RLD-2; VOLVO VDS-3<\/p>\n<p><strong>F\u00f6rpackningsstorlekar:<\/strong><br \/>\n20L och 208L<\/p>","protected":false},"featured_media":1616,"comment_status":"closed","ping_status":"closed","template":"","meta":{"_acf_changed":false},"product_brand":[134],"product_cat":[36,40],"product_tag":[160,131,133],"class_list":{"0":"post-1461","1":"product","2":"type-product","3":"status-publish","4":"has-post-thumbnail","6":"product_brand-pemco","7":"product_cat-oljyt","8":"product_cat-raskaan-kaluston-moottorioljyt","9":"product_tag-10w-40","10":"product_tag-pemco","11":"product_tag-raskaan-kaluston-moottorioljyt","13":"first","14":"instock","15":"taxable","16":"shipping-taxable","17":"purchasable","18":"product-type-simple"},"acf":[],"_links":{"self":[{"href":"https:\/\/voitelukeskus.fi\/sv\/wp-json\/wp\/v2\/product\/1461","targetHints":{"allow":["GET"]}}],"collection":[{"href":"https:\/\/voitelukeskus.fi\/sv\/wp-json\/wp\/v2\/product"}],"about":[{"href":"https:\/\/voitelukeskus.fi\/sv\/wp-json\/wp\/v2\/types\/product"}],"replies":[{"embeddable":true,"href":"https:\/\/voitelukeskus.fi\/sv\/wp-json\/wp\/v2\/comments?post=1461"}],"wp:featuredmedia":[{"embeddable":true,"href":"https:\/\/voitelukeskus.fi\/sv\/wp-json\/wp\/v2\/media\/1616"}],"wp:attachment":[{"href":"https:\/\/voitelukeskus.fi\/sv\/wp-json\/wp\/v2\/media?parent=1461"}],"wp:term":[{"taxonomy":"product_brand","embeddable":true,"href":"https:\/\/voitelukeskus.fi\/sv\/wp-json\/wp\/v2\/product_brand?post=1461"},{"taxonomy":"product_cat","embeddable":true,"href":"https:\/\/voitelukeskus.fi\/sv\/wp-json\/wp\/v2\/product_cat?post=1461"},{"taxonomy":"product_tag","embeddable":true,"href":"https:\/\/voitelukeskus.fi\/sv\/wp-json\/wp\/v2\/product_tag?post=1461"}],"curies":[{"name":"wp","href":"https:\/\/api.w.org\/{rel}","templated":true}]}}