{"id":1455,"date":"2025-03-24T08:55:54","date_gmt":"2025-03-24T08:55:54","guid":{"rendered":"https:\/\/voitelukeskus.fi\/?post_type=product&#038;p=1455"},"modified":"2026-01-16T09:22:42","modified_gmt":"2026-01-16T07:22:42","slug":"stardust-dbs-diesel-booster-serum","status":"publish","type":"product","link":"https:\/\/voitelukeskus.fi\/sv\/tuote\/stardust-dbs-diesel-booster-serum\/","title":{"rendered":"Stardust DBS Diesel Booster Serum"},"content":{"rendered":"<p>\u25cf F\u00f6rb\u00e4ttrar br\u00e4nslekvaliteten, f\u00f6rbr\u00e4nningen och \u00f6kar motoreffekten<br \/>\n\u25cf \u00d6kar br\u00e4nslets cetantal<br \/>\n\u25cf Reng\u00f6r och sm\u00f6rjer br\u00e4nslesystemet<br \/>\n\u25cf F\u00f6rb\u00e4ttrar prestandan hos insprutare, turbo, EGR-ventil och DPF-partikelfilter<br \/>\n\u25cf Minskar br\u00e4nslef\u00f6rbrukning och utsl\u00e4pp<br \/>\n\u25cf Minskar underh\u00e5lls- och reparationskostnader<br \/>\n\u25cf Avl\u00e4gsnar vatten fr\u00e5n tanken och br\u00e4nslesystemet och f\u00f6rhindrar bakterietillv\u00e4xt<\/p>\n<p><strong>Rekommenderas f\u00f6r anv\u00e4ndning i alla dieselmotorer och med alla dieselkvaliteter:<\/strong><br \/>\n\u25cf Lastbilar<br \/>\n\u25cf Maskiner och traktorer<br \/>\n\u25cf Personbilar och sk\u00e5pbilar<br \/>\n\u25cf Diesel- och eldningsoljev\u00e4rmare<\/p>\n<p><strong>Bruksanvisning:<\/strong><br \/>\n1. Tills\u00e4tt i tanken\/beh\u00e5llaren f\u00f6re tankning.<br \/>\n2. Dosering:<br \/>\n\u2022 Rekommendation f\u00f6r kontinuerlig anv\u00e4ndning 1:2000, dvs. 1 l DBS till 2000 l br\u00e4nsle (kan sp\u00e4das ut upp till 1:4000)<br \/>\n\u2022 Intensivbehandling och reng\u00f6ring 1:1000, dvs. 1 l DBS per 1000 liter br\u00e4nsle (f\u00f6r 1\u20132 tankar)<br \/>\n\u2022 Rekommenderas inte f\u00f6r anv\u00e4ndning i en blandning starkare \u00e4n 1:500<\/p>","protected":false},"excerpt":{"rendered":"<p>DBS Diesel Booster Serum \u00e4r ett h\u00f6gkvalitativt, starkt koncentrat av diesel- och eldningsoljeadditiv som f\u00f6rb\u00e4ttrar br\u00e4nslef\u00f6rbr\u00e4nningen, sm\u00f6rjer, reng\u00f6r och skyddar motorn. S\u00e4ker att anv\u00e4nda i nya och gamla dieselmotorer. Rekommenderas f\u00f6r regelbunden anv\u00e4ndning.<\/p>\n<p><strong>Paketstorlek:<\/strong><br \/>\n5L-beh\u00e5llare<\/p>","protected":false},"featured_media":1480,"comment_status":"closed","ping_status":"closed","template":"","meta":{"_acf_changed":false},"product_brand":[137],"product_cat":[126,45],"product_tag":[167],"class_list":{"0":"post-1455","1":"product","2":"type-product","3":"status-publish","4":"has-post-thumbnail","6":"product_brand-stradust","7":"product_cat-lisaaineet","8":"product_cat-lisaaineet-dieseliin-ja-adblue-sailioon","9":"product_tag-diesel-lisaaineet","11":"first","12":"instock","13":"taxable","14":"shipping-taxable","15":"purchasable","16":"product-type-simple"},"acf":[],"_links":{"self":[{"href":"https:\/\/voitelukeskus.fi\/sv\/wp-json\/wp\/v2\/product\/1455","targetHints":{"allow":["GET"]}}],"collection":[{"href":"https:\/\/voitelukeskus.fi\/sv\/wp-json\/wp\/v2\/product"}],"about":[{"href":"https:\/\/voitelukeskus.fi\/sv\/wp-json\/wp\/v2\/types\/product"}],"replies":[{"embeddable":true,"href":"https:\/\/voitelukeskus.fi\/sv\/wp-json\/wp\/v2\/comments?post=1455"}],"wp:featuredmedia":[{"embeddable":true,"href":"https:\/\/voitelukeskus.fi\/sv\/wp-json\/wp\/v2\/media\/1480"}],"wp:attachment":[{"href":"https:\/\/voitelukeskus.fi\/sv\/wp-json\/wp\/v2\/media?parent=1455"}],"wp:term":[{"taxonomy":"product_brand","embeddable":true,"href":"https:\/\/voitelukeskus.fi\/sv\/wp-json\/wp\/v2\/product_brand?post=1455"},{"taxonomy":"product_cat","embeddable":true,"href":"https:\/\/voitelukeskus.fi\/sv\/wp-json\/wp\/v2\/product_cat?post=1455"},{"taxonomy":"product_tag","embeddable":true,"href":"https:\/\/voitelukeskus.fi\/sv\/wp-json\/wp\/v2\/product_tag?post=1455"}],"curies":[{"name":"wp","href":"https:\/\/api.w.org\/{rel}","templated":true}]}}