{"id":1441,"date":"2025-03-24T08:55:52","date_gmt":"2025-03-24T08:55:52","guid":{"rendered":"https:\/\/voitelukeskus.fi\/?post_type=product&#038;p=1441"},"modified":"2025-07-10T09:47:29","modified_gmt":"2025-07-10T09:47:29","slug":"elite-ice-stop-jaansulatus-ja-jaatymisenestoaine","status":"publish","type":"product","link":"https:\/\/voitelukeskus.fi\/sv\/tuote\/elite-ice-stop-jaansulatus-ja-jaatymisenestoaine\/","title":{"rendered":"Elite Ice-Stop issm\u00e4ltare och frostskyddsmedel 20L"},"content":{"rendered":"<p><strong>Anv\u00e4ndningsomr\u00e5den: <\/strong><\/p>\n<p>Flak, tak och h\u00e4ngr\u00e4nnor, brunnslock, broar, parkeringsytor, lastomr\u00e5den, trappor, fartyg och hamnomr\u00e5den, etc.\u2026<\/p>","protected":false},"excerpt":{"rendered":"<p><strong>Mycket effektivt flytande, biologiskt nedbrytbart avisnings- och frysskyddsmedel.<\/strong><\/p>\n<p>Mycket effektivt flytande avisningsmedel och f\u00f6rebyggande anti-isbildningsmedel f\u00f6r till\u00e4mpningar d\u00e4r traditionella avisningsgranulat inte kan anv\u00e4ndas.<\/p>\n<p>Produkten \u00e4r ofarlig f\u00f6r naturen och \u00e4r biologiskt nedbrytbar och skadar inte grundvattnet. Tina upp och f\u00f6rhindrar frysning samt st\u00f6ter bort smuts. S\u00e4ker att anv\u00e4nda p\u00e5 alla ytor, rostar inte metall eller betong. Utformad f\u00f6r nordiska f\u00f6rh\u00e5llanden och fungerar i alla minusgrader.<\/p>\n<p><strong>F\u00f6rpackningsstorlekar: <\/strong><br \/>\n20L, 200L, 1000L IBC<\/p>","protected":false},"featured_media":1464,"comment_status":"closed","ping_status":"closed","template":"","meta":{"_acf_changed":false},"product_brand":[152],"product_cat":[38,100],"product_tag":[],"class_list":{"0":"post-1441","1":"product","2":"type-product","3":"status-publish","4":"has-post-thumbnail","6":"product_brand-elite","7":"product_cat-huoltokemikaalit-ja-puhdistusaineet","8":"product_cat-jaansulatus-ja-ehkaisy","10":"first","11":"instock","12":"taxable","13":"shipping-taxable","14":"purchasable","15":"product-type-simple"},"acf":[],"_links":{"self":[{"href":"https:\/\/voitelukeskus.fi\/sv\/wp-json\/wp\/v2\/product\/1441","targetHints":{"allow":["GET"]}}],"collection":[{"href":"https:\/\/voitelukeskus.fi\/sv\/wp-json\/wp\/v2\/product"}],"about":[{"href":"https:\/\/voitelukeskus.fi\/sv\/wp-json\/wp\/v2\/types\/product"}],"replies":[{"embeddable":true,"href":"https:\/\/voitelukeskus.fi\/sv\/wp-json\/wp\/v2\/comments?post=1441"}],"wp:featuredmedia":[{"embeddable":true,"href":"https:\/\/voitelukeskus.fi\/sv\/wp-json\/wp\/v2\/media\/1464"}],"wp:attachment":[{"href":"https:\/\/voitelukeskus.fi\/sv\/wp-json\/wp\/v2\/media?parent=1441"}],"wp:term":[{"taxonomy":"product_brand","embeddable":true,"href":"https:\/\/voitelukeskus.fi\/sv\/wp-json\/wp\/v2\/product_brand?post=1441"},{"taxonomy":"product_cat","embeddable":true,"href":"https:\/\/voitelukeskus.fi\/sv\/wp-json\/wp\/v2\/product_cat?post=1441"},{"taxonomy":"product_tag","embeddable":true,"href":"https:\/\/voitelukeskus.fi\/sv\/wp-json\/wp\/v2\/product_tag?post=1441"}],"curies":[{"name":"wp","href":"https:\/\/api.w.org\/{rel}","templated":true}]}}