{"id":1440,"date":"2025-03-24T08:55:52","date_gmt":"2025-03-24T08:55:52","guid":{"rendered":"https:\/\/voitelukeskus.fi\/?post_type=product&#038;p=1440"},"modified":"2025-09-11T05:02:17","modified_gmt":"2025-09-11T05:02:17","slug":"elite-1000-rasvanpoistaja","status":"publish","type":"product","link":"https:\/\/voitelukeskus.fi\/sv\/tuote\/elite-1000-rasvanpoistaja\/","title":{"rendered":"Elite 1000 avfettningsmedel"},"content":{"rendered":"<p><strong>Bruksanvisning: <\/strong><\/p>\n<p>Anv\u00e4nd som det \u00e4r, sp\u00e4d inte ut med vatten.<\/p>","protected":false},"excerpt":{"rendered":"<p><strong>Effektiv borttagare av fett och smuts. &quot;Bromsreng\u00f6ring&quot;.<\/strong> Avl\u00e4gsnar \u00e4ven den mest envisa oljan, fettet, asfalten och andra f\u00f6roreningar fr\u00e5n alla h\u00e5rda ytor.<\/p>\n<p>\u00c4ven v\u00e4l l\u00e4mpad f\u00f6r grundlig reng\u00f6ring av m\u00e5lade och limmade f\u00f6rem\u00e5l, samt broms- och kopplingsytor.<\/p>\n<p>Inneh\u00e5ller inte aceton.<\/p>\n<p><strong>Paketstorlek:<\/strong><br \/>\n20 liter<\/p>","protected":false},"featured_media":1463,"comment_status":"closed","ping_status":"closed","template":"","meta":{"_acf_changed":false},"product_brand":[152],"product_cat":[38,90],"product_tag":[],"class_list":{"0":"post-1440","1":"product","2":"type-product","3":"status-publish","4":"has-post-thumbnail","6":"product_brand-elite","7":"product_cat-huoltokemikaalit-ja-puhdistusaineet","8":"product_cat-pesuaineet","10":"first","11":"instock","12":"taxable","13":"shipping-taxable","14":"purchasable","15":"product-type-simple"},"acf":[],"_links":{"self":[{"href":"https:\/\/voitelukeskus.fi\/sv\/wp-json\/wp\/v2\/product\/1440","targetHints":{"allow":["GET"]}}],"collection":[{"href":"https:\/\/voitelukeskus.fi\/sv\/wp-json\/wp\/v2\/product"}],"about":[{"href":"https:\/\/voitelukeskus.fi\/sv\/wp-json\/wp\/v2\/types\/product"}],"replies":[{"embeddable":true,"href":"https:\/\/voitelukeskus.fi\/sv\/wp-json\/wp\/v2\/comments?post=1440"}],"wp:featuredmedia":[{"embeddable":true,"href":"https:\/\/voitelukeskus.fi\/sv\/wp-json\/wp\/v2\/media\/1463"}],"wp:attachment":[{"href":"https:\/\/voitelukeskus.fi\/sv\/wp-json\/wp\/v2\/media?parent=1440"}],"wp:term":[{"taxonomy":"product_brand","embeddable":true,"href":"https:\/\/voitelukeskus.fi\/sv\/wp-json\/wp\/v2\/product_brand?post=1440"},{"taxonomy":"product_cat","embeddable":true,"href":"https:\/\/voitelukeskus.fi\/sv\/wp-json\/wp\/v2\/product_cat?post=1440"},{"taxonomy":"product_tag","embeddable":true,"href":"https:\/\/voitelukeskus.fi\/sv\/wp-json\/wp\/v2\/product_tag?post=1440"}],"curies":[{"name":"wp","href":"https:\/\/api.w.org\/{rel}","templated":true}]}}