{"id":1412,"date":"2025-03-24T08:54:18","date_gmt":"2025-03-24T08:54:18","guid":{"rendered":"https:\/\/voitelukeskus.fi\/?post_type=product&#038;p=1412"},"modified":"2025-07-10T11:01:02","modified_gmt":"2025-07-10T11:01:02","slug":"teho-betwex-betonin-ja-kalkinpoistoaine","status":"publish","type":"product","link":"https:\/\/voitelukeskus.fi\/sv\/tuote\/teho-betwex-betonin-ja-kalkinpoistoaine\/","title":{"rendered":"TEHO BetWex Betong- och kalkborttagare 20L"},"content":{"rendered":"<p><strong>Anv\u00e4ndarmanual<\/strong>:<\/p>\n<p>Sp\u00e4d med vatten beroende p\u00e5 smutsgrad och appliceringsmetod.<br \/>\nSp\u00e4d 1:1 \u2013 1:10. Applicera med en syrabest\u00e4ndig l\u00e5gtrycksspruta.<br \/>\nL\u00e5t verka tills smuts, h\u00e5rda avlagringar eller rester \u00e4r borta, cirka 2\u201310 minuter. Anv\u00e4nd en borste vid behov.<br \/>\nSk\u00f6lj med rent vatten under h\u00f6gtryck och avsluta med ett neutraliserande alkaliskt reng\u00f6ringsmedel. Testa alltid ytans motst\u00e5ndskraft p\u00e5 ett litet omr\u00e5de f\u00f6rst. Rekommenderas inte f\u00f6r ytor av natursten, aluminium, m\u00e4ssing eller rostfritt st\u00e5l.<\/p>\n<p>Anv\u00e4nd skyddshandskar.<\/p>","protected":false},"excerpt":{"rendered":"<p><strong>BetWex \u00e4r en robust aktiv ingrediens som \u00e4ven biter in i br\u00e4nd betong och kalk.<\/strong> BetWex \u00e4r avsedd f\u00f6r mycket kr\u00e4vande betong- och kalkborttagning.<br \/>\nProduktens sura ingredienser tar effektivt bort betong och kalkavlagringar, \u00e4ven fastbr\u00e4nda s\u00e5dana. BetWex tar \u00e4ven effektivt bort alger och sj\u00f6mossa.<\/p>\n<p><strong>Applikationer<\/strong><br \/>\nBetongbilar, golv och arbetsutrustning, sopbilar och andra omr\u00e5den d\u00e4r betong- och kalkborttagning kr\u00e4vs. \u00c4ven l\u00e4mplig f\u00f6r reng\u00f6ring av marina f\u00f6roreningar.<\/p>\n<p><strong>F\u00f6rpackningsstorlekar:<\/strong><br \/>\n20 liter, 200 liter<\/p>","protected":false},"featured_media":1438,"comment_status":"closed","ping_status":"closed","template":"","meta":{"_acf_changed":false},"product_brand":[136],"product_cat":[38,90],"product_tag":[],"class_list":{"0":"post-1412","1":"product","2":"type-product","3":"status-publish","4":"has-post-thumbnail","6":"product_brand-teho","7":"product_cat-huoltokemikaalit-ja-puhdistusaineet","8":"product_cat-pesuaineet","10":"first","11":"instock","12":"taxable","13":"shipping-taxable","14":"purchasable","15":"product-type-simple"},"acf":[],"_links":{"self":[{"href":"https:\/\/voitelukeskus.fi\/sv\/wp-json\/wp\/v2\/product\/1412","targetHints":{"allow":["GET"]}}],"collection":[{"href":"https:\/\/voitelukeskus.fi\/sv\/wp-json\/wp\/v2\/product"}],"about":[{"href":"https:\/\/voitelukeskus.fi\/sv\/wp-json\/wp\/v2\/types\/product"}],"replies":[{"embeddable":true,"href":"https:\/\/voitelukeskus.fi\/sv\/wp-json\/wp\/v2\/comments?post=1412"}],"wp:featuredmedia":[{"embeddable":true,"href":"https:\/\/voitelukeskus.fi\/sv\/wp-json\/wp\/v2\/media\/1438"}],"wp:attachment":[{"href":"https:\/\/voitelukeskus.fi\/sv\/wp-json\/wp\/v2\/media?parent=1412"}],"wp:term":[{"taxonomy":"product_brand","embeddable":true,"href":"https:\/\/voitelukeskus.fi\/sv\/wp-json\/wp\/v2\/product_brand?post=1412"},{"taxonomy":"product_cat","embeddable":true,"href":"https:\/\/voitelukeskus.fi\/sv\/wp-json\/wp\/v2\/product_cat?post=1412"},{"taxonomy":"product_tag","embeddable":true,"href":"https:\/\/voitelukeskus.fi\/sv\/wp-json\/wp\/v2\/product_tag?post=1412"}],"curies":[{"name":"wp","href":"https:\/\/api.w.org\/{rel}","templated":true}]}}