{"id":1411,"date":"2025-03-24T08:54:18","date_gmt":"2025-03-24T08:54:18","guid":{"rendered":"https:\/\/voitelukeskus.fi\/?post_type=product&#038;p=1411"},"modified":"2025-12-10T10:06:13","modified_gmt":"2025-12-10T08:06:13","slug":"elite-power-acid-erikoishappo","status":"publish","type":"product","link":"https:\/\/voitelukeskus.fi\/sv\/tuote\/elite-power-acid-erikoishappo\/","title":{"rendered":"Elite Power Acid specialsyra"},"content":{"rendered":"<p><strong>Bruksanvisning:<\/strong><\/p>\n<p>Sp\u00e4d med vatten 1:5 \u2013 1:10 beroende p\u00e5 smutsgrad.<br \/>\nObs! H\u00e4ll f\u00f6rst p\u00e5 vatten, sedan syra. Applicera med l\u00e5gtrycksspruta och l\u00e5t verka i 1\u201310 minuter. Skrubba sv\u00e5ra omr\u00e5den med borste\/svamp. Sk\u00f6lj med rent h\u00f6gtrycksvatten och avsluta med ett alkaliskt reng\u00f6ringsmedel. Det \u00e4r mycket viktigt att neutralisera ytan med ett alkaliskt reng\u00f6ringsmedel efter syra! Rekommenderas inte f\u00f6r reng\u00f6ring av galvaniserade ytor. Ej l\u00e4mplig f\u00f6r kromade\/h\u00f6gglanspolerade ytor.<\/p>\n<p>Testa alltid ytans h\u00e5llbarhet p\u00e5 ett litet omr\u00e5de f\u00f6rst.<\/p>\n<p>Anv\u00e4nd skyddshandskar.<\/p>","protected":false},"excerpt":{"rendered":"<p><strong>Power Acid \u00e4r en m\u00e5ngsidig precisionsprodukt som framg\u00e5ngsrikt h\u00f6gtrycksreng\u00f6r olika metall- och st\u00e5lytor och ger dem ett nytt utseende!<\/strong><\/p>\n<p>Power Acid fungerar snabbt och tar bort bromsdamm fr\u00e5n till exempel f\u00e4lgar. Det \u00e4r s\u00e4rskilt l\u00e4mpligt f\u00f6r att ta bort oxidation fr\u00e5n aluminiumytor, sten, kakel och andra syrabest\u00e4ndiga ytor inom metallindustrin.<\/p>\n<p>Power Acid kan ocks\u00e5 anv\u00e4ndas f\u00f6r att ta bort skyddande fetter, sk\u00e4rv\u00e4tskor etc. fr\u00e5n behandlade ytor. Den t\u00e4cker \u00e4ven ytorna p\u00e5 delar, vilket s\u00e4kerst\u00e4ller god vidh\u00e4ftning av exempelvis f\u00e4rger. L\u00e4mplig f\u00f6r tv\u00e4tt av hallgolv med en mer utsp\u00e4dd blandning (2\u20135 %).<\/p>\n<p>Produktens pH-v\u00e4rde i koncentrat &lt; 1.<\/p>\n<p><strong>Paketstorlek:<\/strong><br \/>\n20 liter<\/p>","protected":false},"featured_media":1437,"comment_status":"closed","ping_status":"closed","template":"","meta":{"_acf_changed":false},"product_brand":[152],"product_cat":[38,90],"product_tag":[],"class_list":{"0":"post-1411","1":"product","2":"type-product","3":"status-publish","4":"has-post-thumbnail","6":"product_brand-elite","7":"product_cat-huoltokemikaalit-ja-puhdistusaineet","8":"product_cat-pesuaineet","10":"first","11":"instock","12":"taxable","13":"shipping-taxable","14":"purchasable","15":"product-type-simple"},"acf":[],"_links":{"self":[{"href":"https:\/\/voitelukeskus.fi\/sv\/wp-json\/wp\/v2\/product\/1411","targetHints":{"allow":["GET"]}}],"collection":[{"href":"https:\/\/voitelukeskus.fi\/sv\/wp-json\/wp\/v2\/product"}],"about":[{"href":"https:\/\/voitelukeskus.fi\/sv\/wp-json\/wp\/v2\/types\/product"}],"replies":[{"embeddable":true,"href":"https:\/\/voitelukeskus.fi\/sv\/wp-json\/wp\/v2\/comments?post=1411"}],"wp:featuredmedia":[{"embeddable":true,"href":"https:\/\/voitelukeskus.fi\/sv\/wp-json\/wp\/v2\/media\/1437"}],"wp:attachment":[{"href":"https:\/\/voitelukeskus.fi\/sv\/wp-json\/wp\/v2\/media?parent=1411"}],"wp:term":[{"taxonomy":"product_brand","embeddable":true,"href":"https:\/\/voitelukeskus.fi\/sv\/wp-json\/wp\/v2\/product_brand?post=1411"},{"taxonomy":"product_cat","embeddable":true,"href":"https:\/\/voitelukeskus.fi\/sv\/wp-json\/wp\/v2\/product_cat?post=1411"},{"taxonomy":"product_tag","embeddable":true,"href":"https:\/\/voitelukeskus.fi\/sv\/wp-json\/wp\/v2\/product_tag?post=1411"}],"curies":[{"name":"wp","href":"https:\/\/api.w.org\/{rel}","templated":true}]}}