{"id":1410,"date":"2025-03-24T08:54:18","date_gmt":"2025-03-24T08:54:18","guid":{"rendered":"https:\/\/voitelukeskus.fi\/?post_type=product&#038;p=1410"},"modified":"2025-07-16T08:26:25","modified_gmt":"2025-07-16T08:26:25","slug":"teho-multi-pro-6-liuotinpohjainen-voiteluaine","status":"publish","type":"product","link":"https:\/\/voitelukeskus.fi\/sv\/tuote\/teho-multi-pro-6-liuotinpohjainen-voiteluaine\/","title":{"rendered":"TEHO Multi Pro 6 L\u00f6sningsmedelsbaserat sm\u00f6rjmedel"},"content":{"rendered":"<p><strong>TEHO Multi Pro \u00e4r ett mycket effektivt l\u00f6sningsmedelsbaserat penetrerande sm\u00f6rjmedel som sm\u00f6rjer och avl\u00e4gsnar fukt.<\/strong> Tr\u00e4nger snabbt in och hj\u00e4lper till att lossa korroderade, rostiga och fastsittande delar som muttrar och bultar, r\u00f6rkopplingar, ventiler, l\u00e5s etc. F\u00f6rtr\u00e4nger fukt i elektrisk utrustning och \u00e4r icke-ledande. Skyddar effektivt mot korrosion och kan \u00e4ven anv\u00e4ndas som skyddande olja p\u00e5 metallytor. Inneh\u00e5ller inte silikon.<\/p>\n<p>Rekommenderas f\u00f6r anv\u00e4ndning i verkst\u00e4der, industri, fastighetsunderh\u00e5ll och \u00f6verallt d\u00e4r en effektiv sm\u00f6rjmedels- och skyddsolja f\u00f6r att avl\u00e4gsna fastnade delar beh\u00f6vs. Utm\u00e4rkt produkt f\u00f6r att avl\u00e4gsna fukt och oxidation fr\u00e5n elkontakter.<\/p>\n<p><strong>OBS: ENDAST F\u00d6R PROFESSIONELLT BRUK!<\/strong><\/p>\n<p><strong>BRUKSANVISNING:<\/strong><\/p>\n<p>1. Skaka burken<br \/>\n2. Spraya rikligt p\u00e5 m\u00e5let.<br \/>\n3. L\u00e5t det p\u00e5verka<br \/>\n4. Fastkl\u00e4mda delar kan knackas l\u00e4tt, t.ex. med en hammare.<br \/>\n5. F\u00f6rtr\u00e4nger effektivt fukt i rel\u00e4er, kontaktledningar och f\u00f6rdelare.<br \/>\n6. F\u00f6rhindrar \u00e4ven tr\u00e5dkl\u00e4mning.<br \/>\nProduktnummer: 5006<\/p>\n<p>F\u00f6r professionellt bruk.<\/p>","protected":false},"excerpt":{"rendered":"<p><strong>Mycket effektivt l\u00f6sningsmedelsbaserat sm\u00f6rjmedel:<\/strong><\/p>\n<p><strong>1.<\/strong> Penetrerar<br \/>\n<strong>2.<\/strong> Sm\u00f6rjer<br \/>\n<strong>3.<\/strong> L\u00e5ser upp korroderade, rostiga och fastnade delar<br \/>\n<strong>4.<\/strong> Avl\u00e4gsnar fukt fr\u00e5n elektriska apparater<br \/>\n<strong>5.<\/strong> Icke-ledande<br \/>\n<strong>6.<\/strong> Skyddar mot korrosion<\/p>\n<p><strong>Produkten \u00e4r f\u00f6rpackad i en aerosolburk med en nettovolym p\u00e5 600 ml. F\u00f6rs\u00e4ljningskvantiteten \u00e4r en (1) f\u00f6rpackning inneh\u00e5llande 12 flaskor. <\/strong><\/p>","protected":false},"featured_media":1436,"comment_status":"closed","ping_status":"closed","template":"","meta":{"_acf_changed":false},"product_brand":[136],"product_cat":[78,38],"product_tag":[],"class_list":{"0":"post-1410","1":"product","2":"type-product","3":"status-publish","4":"has-post-thumbnail","6":"product_brand-teho","7":"product_cat-aerosolit-ja-sprayt","8":"product_cat-huoltokemikaalit-ja-puhdistusaineet","10":"first","11":"instock","12":"taxable","13":"shipping-taxable","14":"purchasable","15":"product-type-simple"},"acf":[],"_links":{"self":[{"href":"https:\/\/voitelukeskus.fi\/sv\/wp-json\/wp\/v2\/product\/1410","targetHints":{"allow":["GET"]}}],"collection":[{"href":"https:\/\/voitelukeskus.fi\/sv\/wp-json\/wp\/v2\/product"}],"about":[{"href":"https:\/\/voitelukeskus.fi\/sv\/wp-json\/wp\/v2\/types\/product"}],"replies":[{"embeddable":true,"href":"https:\/\/voitelukeskus.fi\/sv\/wp-json\/wp\/v2\/comments?post=1410"}],"wp:featuredmedia":[{"embeddable":true,"href":"https:\/\/voitelukeskus.fi\/sv\/wp-json\/wp\/v2\/media\/1436"}],"wp:attachment":[{"href":"https:\/\/voitelukeskus.fi\/sv\/wp-json\/wp\/v2\/media?parent=1410"}],"wp:term":[{"taxonomy":"product_brand","embeddable":true,"href":"https:\/\/voitelukeskus.fi\/sv\/wp-json\/wp\/v2\/product_brand?post=1410"},{"taxonomy":"product_cat","embeddable":true,"href":"https:\/\/voitelukeskus.fi\/sv\/wp-json\/wp\/v2\/product_cat?post=1410"},{"taxonomy":"product_tag","embeddable":true,"href":"https:\/\/voitelukeskus.fi\/sv\/wp-json\/wp\/v2\/product_tag?post=1410"}],"curies":[{"name":"wp","href":"https:\/\/api.w.org\/{rel}","templated":true}]}}