{"id":1409,"date":"2025-03-24T08:54:18","date_gmt":"2025-03-24T08:54:18","guid":{"rendered":"https:\/\/voitelukeskus.fi\/?post_type=product&#038;p=1409"},"modified":"2025-06-05T09:00:25","modified_gmt":"2025-06-05T09:00:25","slug":"pemco-430-atf-diii-automaattivaihteistooljy","status":"publish","type":"product","link":"https:\/\/voitelukeskus.fi\/sv\/tuote\/pemco-430-atf-diii-automaattivaihteistooljy\/","title":{"rendered":"Pemco 430 ATF DIII Automatv\u00e4xell\u00e5dsolja"},"content":{"rendered":"<p>Syntetisk automatv\u00e4xell\u00e5dsolja (ATF) f\u00f6r \u00e5ret runt-bruk. Den \u00e4r l\u00e4mplig f\u00f6r automatv\u00e4xell\u00e5dor, hydrauliska omvandlare, servostyrning och andra v\u00e4tskestyrda system d\u00e4r ATF-klassad olja kr\u00e4vs, \u00e4ven n\u00e4r utrustningen arbetar under de mest kr\u00e4vande driftsf\u00f6rh\u00e5llandena. Den s\u00e4kerst\u00e4ller en smidig och ekonomisk drift av v\u00e4xell\u00e5dan samt l\u00e5gt slitage. Detta garanterar b\u00e4sta m\u00f6jliga funktionalitet och h\u00e5llbarhet hos v\u00e4xell\u00e5dan under hela serviceintervallet. Vid utvecklingen har s\u00e4rskild uppm\u00e4rksamhet \u00e4gnats \u00e5t de krav som GM och Ford st\u00e4ller f\u00f6r automatv\u00e4xell\u00e5dsolja.<\/p>\n<p><strong>Produktegenskaper:<\/strong><br \/>\n<img decoding=\"async\" class=\"alignnone size-full wp-image-1686\" src=\"https:\/\/www.hitech.fi\/hitech\/wp-content\/uploads\/2024\/02\/PM_430_ominaisuudet_FIN.jpg\" alt=\"\" \/><\/p>","protected":false},"excerpt":{"rendered":"<p><strong>Uppfyller f\u00f6ljande krav:<\/strong><\/p>\n<p>GM Dexron III H; GM Dexron III G; GM Dexron III F; FORD Mercon V; FORD ESP-M2C138-CJ; FORD ESP-M2C166-H; ZF TE-ML 09; ZF TE-ML 11; ZF TE-ML 14; MB 236.1; ALLISON C4; VOITH H55.6335xx (G607); CATERPILLAR TO-2<\/p>\n<p><strong>F\u00f6rpackningsstorlekar:<\/strong><br \/>\n208 liter<\/p>","protected":false},"featured_media":1435,"comment_status":"closed","ping_status":"closed","template":"","meta":{"_acf_changed":false},"product_brand":[134],"product_cat":[36,42],"product_tag":[],"class_list":{"0":"post-1409","1":"product","2":"type-product","3":"status-publish","4":"has-post-thumbnail","6":"product_brand-pemco","7":"product_cat-oljyt","8":"product_cat-vaihteisto-ja-voimansiirtooljyt","10":"first","11":"instock","12":"taxable","13":"shipping-taxable","14":"purchasable","15":"product-type-simple"},"acf":[],"_links":{"self":[{"href":"https:\/\/voitelukeskus.fi\/sv\/wp-json\/wp\/v2\/product\/1409","targetHints":{"allow":["GET"]}}],"collection":[{"href":"https:\/\/voitelukeskus.fi\/sv\/wp-json\/wp\/v2\/product"}],"about":[{"href":"https:\/\/voitelukeskus.fi\/sv\/wp-json\/wp\/v2\/types\/product"}],"replies":[{"embeddable":true,"href":"https:\/\/voitelukeskus.fi\/sv\/wp-json\/wp\/v2\/comments?post=1409"}],"wp:featuredmedia":[{"embeddable":true,"href":"https:\/\/voitelukeskus.fi\/sv\/wp-json\/wp\/v2\/media\/1435"}],"wp:attachment":[{"href":"https:\/\/voitelukeskus.fi\/sv\/wp-json\/wp\/v2\/media?parent=1409"}],"wp:term":[{"taxonomy":"product_brand","embeddable":true,"href":"https:\/\/voitelukeskus.fi\/sv\/wp-json\/wp\/v2\/product_brand?post=1409"},{"taxonomy":"product_cat","embeddable":true,"href":"https:\/\/voitelukeskus.fi\/sv\/wp-json\/wp\/v2\/product_cat?post=1409"},{"taxonomy":"product_tag","embeddable":true,"href":"https:\/\/voitelukeskus.fi\/sv\/wp-json\/wp\/v2\/product_tag?post=1409"}],"curies":[{"name":"wp","href":"https:\/\/api.w.org\/{rel}","templated":true}]}}