{"id":1394,"date":"2025-03-24T08:54:15","date_gmt":"2025-03-24T08:54:15","guid":{"rendered":"https:\/\/voitelukeskus.fi\/?post_type=product&#038;p=1394"},"modified":"2025-05-26T11:32:55","modified_gmt":"2025-05-26T11:32:55","slug":"stardust-pcl-ep-0","status":"publish","type":"product","link":"https:\/\/voitelukeskus.fi\/sv\/tuote\/stardust-pcl-ep-0\/","title":{"rendered":"Stardust PCL EP 0\u201318 kg"},"content":{"rendered":"<p><strong>EP litiumbaserad universalsm\u00f6rjning \u2013 lager- och kopplingsfett<\/strong><br \/>\nStardust EP-fett \u00e4r ett utm\u00e4rkt litiumm\u00e4ttat universalfett baserat p\u00e5 h\u00f6graffinerad mineralbasolja f\u00f6r tung och generell anv\u00e4ndning, s\u00e4rskilt f\u00f6r lager, allm\u00e4n sm\u00f6rjning och centrala trycksm\u00f6rjsystem. EP-fetter har mycket god vidh\u00e4ftning, god vattenbest\u00e4ndighet, goda startegenskaper \u00e4ven i kalla f\u00f6rh\u00e5llanden och en h\u00f6g droppunkt, egenskaper som ger mycket breda driftsf\u00f6rh\u00e5llanden f\u00f6r m\u00e5nga anv\u00e4ndningsomr\u00e5den, inklusive mobil utrustning, sj\u00f6transport, industri etc.<\/p>\n<p>Litiumhalten i EP-fetter s\u00e4kerst\u00e4ller god stabilitet \u00e4ven i v\u00e5ta f\u00f6rh\u00e5llanden, och utm\u00e4rkt bred till\u00e4mpbarhet f\u00f6r olika sm\u00f6rjtill\u00e4mpningar. Fettets tekniska och kemiska egenskaper s\u00e4kerst\u00e4ller ett utm\u00e4rkt brett anv\u00e4ndningsomr\u00e5de.<\/p>\n<p><strong>Klassificeringar, godk\u00e4nnanden och specifikationer:<\/strong><br \/>\n<img decoding=\"async\" alt=\"\" class=\"alignnone size-full wp-image-1632\" src=\"https:\/\/www.hitech.fi\/hitech\/wp-content\/uploads\/2024\/02\/Stardust_keskusvoitelu_hyvaksynnat_luokitukset.jpg\"\/><\/p>\n<p><img decoding=\"async\" alt=\"\" class=\"alignnone size-full wp-image-1633\" src=\"https:\/\/www.hitech.fi\/hitech\/wp-content\/uploads\/2024\/02\/Stardust_keskusvoitelu_ominaisuudet.jpg\"\/><\/p>","protected":false},"excerpt":{"rendered":"<p><strong>Centralsm\u00f6rjfett<\/strong><br \/>\nH\u00f6gkvalitativt litiumbaserat NLGI 0 universalfett f\u00f6r kr\u00e4vande applikationer inneh\u00e5llande hydrokeramiska ingredienser. Mycket god vidh\u00e4ftning, vattenbest\u00e4ndighet och startegenskaper. Driftstemperaturomr\u00e5de -30 \u00b0C \u2013 +120 \u00b0C.<\/p>\n<p><strong>F\u00f6rpackningsstorlekar<\/strong><br \/>\n18 kg pl\u00e5think<\/p>","protected":false},"featured_media":1420,"comment_status":"closed","ping_status":"closed","template":"","meta":{"_acf_changed":false},"product_brand":[137],"product_cat":[169,15],"product_tag":[172,171],"class_list":{"0":"post-1394","1":"product","2":"type-product","3":"status-publish","4":"has-post-thumbnail","6":"product_brand-stradust","7":"product_cat-keskuvoitelurasvat","8":"product_cat-rasvat","9":"product_tag-keskusvoitelu","10":"product_tag-korkeapainerasvat","12":"first","13":"instock","14":"taxable","15":"shipping-taxable","16":"product-type-simple"},"acf":[],"_links":{"self":[{"href":"https:\/\/voitelukeskus.fi\/sv\/wp-json\/wp\/v2\/product\/1394","targetHints":{"allow":["GET"]}}],"collection":[{"href":"https:\/\/voitelukeskus.fi\/sv\/wp-json\/wp\/v2\/product"}],"about":[{"href":"https:\/\/voitelukeskus.fi\/sv\/wp-json\/wp\/v2\/types\/product"}],"replies":[{"embeddable":true,"href":"https:\/\/voitelukeskus.fi\/sv\/wp-json\/wp\/v2\/comments?post=1394"}],"wp:featuredmedia":[{"embeddable":true,"href":"https:\/\/voitelukeskus.fi\/sv\/wp-json\/wp\/v2\/media\/1420"}],"wp:attachment":[{"href":"https:\/\/voitelukeskus.fi\/sv\/wp-json\/wp\/v2\/media?parent=1394"}],"wp:term":[{"taxonomy":"product_brand","embeddable":true,"href":"https:\/\/voitelukeskus.fi\/sv\/wp-json\/wp\/v2\/product_brand?post=1394"},{"taxonomy":"product_cat","embeddable":true,"href":"https:\/\/voitelukeskus.fi\/sv\/wp-json\/wp\/v2\/product_cat?post=1394"},{"taxonomy":"product_tag","embeddable":true,"href":"https:\/\/voitelukeskus.fi\/sv\/wp-json\/wp\/v2\/product_tag?post=1394"}],"curies":[{"name":"wp","href":"https:\/\/api.w.org\/{rel}","templated":true}]}}