{"id":1390,"date":"2025-03-24T08:54:14","date_gmt":"2025-03-24T08:54:14","guid":{"rendered":"https:\/\/voitelukeskus.fi\/?post_type=product&#038;p=1390"},"modified":"2025-06-06T10:14:50","modified_gmt":"2025-06-06T10:14:50","slug":"pemco-hydro-hv-iso-22-vi245-hydraulioljy","status":"publish","type":"product","link":"https:\/\/voitelukeskus.fi\/sv\/tuote\/pemco-hydro-hv-iso-22-vi245-hydraulioljy\/","title":{"rendered":"Pemco Hydro HV ISO 22 VI245 hydraulolja"},"content":{"rendered":"<p>HYDRO HV 22 VI245 \u00e4r en syntetisk hydraulolja med ett mycket h\u00f6gt viskositetsindex. Den \u00e4r speciellt utformad f\u00f6r system som arbetar i arktiska f\u00f6rh\u00e5llanden. Dess utm\u00e4rkta egenskaper vid kyla i kombination med f\u00f6rstklassiga tillsatser skyddar hydraulpumpar fr\u00e5n slitage och s\u00e4kerst\u00e4ller systemets funktion fr\u00e5n start. Tack vare det h\u00f6ga viskositetsindexet f\u00f6rblir produkten otunn \u00e4ven i varma f\u00f6rh\u00e5llanden, d\u00e4r oljetemperaturen kan stiga till mycket h\u00f6ga niv\u00e5er under drift. Dessa egenskaper g\u00f6r den till en utm\u00e4rkt produkt f\u00f6r \u00e5ret runt-anv\u00e4ndning.<\/p>\n<p><strong>Produktegenskaper:<\/strong><br \/>\n<img decoding=\"async\" class=\"alignnone size-full wp-image-1517\" src=\"https:\/\/www.hitech.fi\/hitech\/wp-content\/uploads\/2024\/01\/PM_2204_ominaisuudet_FIN.jpg\" alt=\"\" \/><\/p>","protected":false},"excerpt":{"rendered":"<p><strong>Uppfylla f\u00f6ljande krav\/klassificeringar:<\/strong><br \/>\nSAE MS 1004; ISO viskositetsklass 22; Viskositetsindex min 245; DIN 51524-2 (HM)\/-3 (HV); ISO 11158 (HM, HV); ASTM USA D6158; ANSI AGMA 9005-E02-RO; AIST 126\/127; JCMAS P041 HK Hydraulisk specifikation; TYSK ST\u00c5LINDUSTRI SEB; 181222 BOSCH REXROTH RE 90220; EATON M-2950-S; EATON I-286-S3; GM LS2; MAG CINCINNATI P-68; PARKER DENISON HF-0\/-1\/-2; SPERRY VICKERS M-2950-S; SPERRY VICKERS I-286-S3<\/p>\n<p><strong>Paketstorlek:<\/strong><br \/>\n208L<\/p>","protected":false},"featured_media":1415,"comment_status":"closed","ping_status":"closed","template":"","meta":{"_acf_changed":false},"product_brand":[134],"product_cat":[41,36],"product_tag":[65,18,66],"class_list":{"0":"post-1390","1":"product","2":"type-product","3":"status-publish","4":"has-post-thumbnail","6":"product_brand-pemco","7":"product_cat-hydraulioljyt","8":"product_cat-oljyt","9":"product_tag-hvlp-hydrauliikkaoljy","10":"product_tag-hydrauliikkaoljy","11":"product_tag-korkean-viskositeetti-indeksin-oljy","13":"first","14":"instock","15":"taxable","16":"shipping-taxable","17":"purchasable","18":"product-type-simple"},"acf":[],"_links":{"self":[{"href":"https:\/\/voitelukeskus.fi\/sv\/wp-json\/wp\/v2\/product\/1390","targetHints":{"allow":["GET"]}}],"collection":[{"href":"https:\/\/voitelukeskus.fi\/sv\/wp-json\/wp\/v2\/product"}],"about":[{"href":"https:\/\/voitelukeskus.fi\/sv\/wp-json\/wp\/v2\/types\/product"}],"replies":[{"embeddable":true,"href":"https:\/\/voitelukeskus.fi\/sv\/wp-json\/wp\/v2\/comments?post=1390"}],"wp:featuredmedia":[{"embeddable":true,"href":"https:\/\/voitelukeskus.fi\/sv\/wp-json\/wp\/v2\/media\/1415"}],"wp:attachment":[{"href":"https:\/\/voitelukeskus.fi\/sv\/wp-json\/wp\/v2\/media?parent=1390"}],"wp:term":[{"taxonomy":"product_brand","embeddable":true,"href":"https:\/\/voitelukeskus.fi\/sv\/wp-json\/wp\/v2\/product_brand?post=1390"},{"taxonomy":"product_cat","embeddable":true,"href":"https:\/\/voitelukeskus.fi\/sv\/wp-json\/wp\/v2\/product_cat?post=1390"},{"taxonomy":"product_tag","embeddable":true,"href":"https:\/\/voitelukeskus.fi\/sv\/wp-json\/wp\/v2\/product_tag?post=1390"}],"curies":[{"name":"wp","href":"https:\/\/api.w.org\/{rel}","templated":true}]}}