{"id":1143,"date":"2025-02-20T10:56:42","date_gmt":"2025-02-20T10:56:42","guid":{"rendered":"https:\/\/voitelukeskus.fi\/?post_type=product&#038;p=1143"},"modified":"2025-05-07T08:59:06","modified_gmt":"2025-05-07T08:59:06","slug":"teho-oljynpoistaja-biohajoava","status":"publish","type":"product","link":"https:\/\/voitelukeskus.fi\/sv\/tuote\/teho-oljynpoistaja-biohajoava\/","title":{"rendered":"TEHO Oljeborttagare (biologiskt nedbrytbar)"},"content":{"rendered":"<p><strong>TEHO Oil Remover \u00e4r en mycket effektiv biologiskt nedbrytbar olje-, diesel- och fettborttagare. Anv\u00e4nds f\u00f6r att ta bort olja, diesel och fett fr\u00e5n uppfarter, garage och verkst\u00e4der, trottoarer, bensinstationer, olycksplatser etc. <\/strong><\/p>\n<p><strong>\u00a0<\/strong><\/p>\n<p>TEHO Oil Remover \u00e4r baserad p\u00e5 avancerad, ny generation kemi som tr\u00e4nger djupt in i por\u00f6sa ytor som betong, asfalt och bel\u00e4ggning. Den stannar inte bara kvar p\u00e5 ytan, utan tr\u00e4nger \u00e4ven in under ytan och lyfter upp fet smuts. Den \u00e4r \u00e4ven utm\u00e4rkt f\u00f6r att ta bort ytolja och fett fr\u00e5n maskiner och utrustning, motorer, jordbruksmaskiner, motorcyklar etc.<\/p>\n<p>&nbsp;<\/p>\n<p><strong>Utm\u00e4rkt f\u00f6r tv\u00e4tt av motorer och \u00e4r inte s\u00e4rskilt korrosiv mot k\u00e4nsliga aluminiumytor.<\/strong>.<\/p>\n<p><strong>\u00a0<\/strong><\/p>\n<p><strong>Utm\u00e4rkt produkt f\u00f6r reng\u00f6ring efter oljespill<\/strong>Absorbera flytande olja eller diesel med absorberande material och tv\u00e4tta sedan omr\u00e5det med TEHO oljeborttagare.<\/p>\n<ul>\n<li><strong>Biologiskt nedbrytbar<\/strong><\/li>\n<li><strong>Ej brandfarlig<\/strong><\/li>\n<li><strong>L\u00f6sningsmedelsfri<\/strong><\/li>\n<li><strong>Inneh\u00e5ller inte slipmedel<\/strong><\/li>\n<li><strong>Ekonomisk att anv\u00e4nda<\/strong><\/li>\n<\/ul>\n<p><strong>\u00a0<\/strong><\/p>\n<p><strong>BRUKSANVISNING: <\/strong><\/p>\n<p><strong>\u00a0<\/strong><\/p>\n<ul>\n<li>Blanda 2\u201310 st % av produkten med vatten beroende p\u00e5 hur smutsig ytan \u00e4r (mycket smutsig 20%).<\/li>\n<li>Spraya eller fukta ytan som ska behandlas och l\u00e5t verka i minst 5\u201315 minuter.<\/li>\n<li>P\u00e5 por\u00f6sa ytor som betong, asfalt, stenl\u00e4ggning och tegel, skrubba med en styv borste efter behov.<\/li>\n<li>Sk\u00f6lj med slang, h\u00f6gtryckstv\u00e4tt eller h\u00f6gtryckstv\u00e4tt (t.ex. gatuspolare).<\/li>\n<\/ul>\n<p>&nbsp;<\/p>\n<p>Produktnummer: 2045<\/p>","protected":false},"excerpt":{"rendered":"<p><strong>POWER Oljeborttagare <\/strong>\u00e4r en mycket effektiv biologiskt nedbrytbar olje-, diesel- och fettborttagare. Anv\u00e4nds f\u00f6r att ta bort olja, diesel och fett fr\u00e5n uppfarter, garage och verkst\u00e4der, trottoarer, bensinstationer, olycksplatser etc.<\/p>\n<p>F\u00f6rpackningsstorlek 5L<\/p>","protected":false},"featured_media":1193,"comment_status":"closed","ping_status":"closed","template":"","meta":{"_acf_changed":false},"product_brand":[136],"product_cat":[38,90],"product_tag":[],"class_list":{"0":"post-1143","1":"product","2":"type-product","3":"status-publish","4":"has-post-thumbnail","6":"product_brand-teho","7":"product_cat-huoltokemikaalit-ja-puhdistusaineet","8":"product_cat-pesuaineet","10":"first","11":"instock","12":"taxable","13":"shipping-taxable","14":"purchasable","15":"product-type-simple"},"acf":[],"_links":{"self":[{"href":"https:\/\/voitelukeskus.fi\/sv\/wp-json\/wp\/v2\/product\/1143","targetHints":{"allow":["GET"]}}],"collection":[{"href":"https:\/\/voitelukeskus.fi\/sv\/wp-json\/wp\/v2\/product"}],"about":[{"href":"https:\/\/voitelukeskus.fi\/sv\/wp-json\/wp\/v2\/types\/product"}],"replies":[{"embeddable":true,"href":"https:\/\/voitelukeskus.fi\/sv\/wp-json\/wp\/v2\/comments?post=1143"}],"wp:featuredmedia":[{"embeddable":true,"href":"https:\/\/voitelukeskus.fi\/sv\/wp-json\/wp\/v2\/media\/1193"}],"wp:attachment":[{"href":"https:\/\/voitelukeskus.fi\/sv\/wp-json\/wp\/v2\/media?parent=1143"}],"wp:term":[{"taxonomy":"product_brand","embeddable":true,"href":"https:\/\/voitelukeskus.fi\/sv\/wp-json\/wp\/v2\/product_brand?post=1143"},{"taxonomy":"product_cat","embeddable":true,"href":"https:\/\/voitelukeskus.fi\/sv\/wp-json\/wp\/v2\/product_cat?post=1143"},{"taxonomy":"product_tag","embeddable":true,"href":"https:\/\/voitelukeskus.fi\/sv\/wp-json\/wp\/v2\/product_tag?post=1143"}],"curies":[{"name":"wp","href":"https:\/\/api.w.org\/{rel}","templated":true}]}}