{"id":1113,"date":"2025-02-20T10:55:51","date_gmt":"2025-02-20T10:55:51","guid":{"rendered":"https:\/\/voitelukeskus.fi\/?post_type=product&#038;p=1113"},"modified":"2026-02-04T08:29:50","modified_gmt":"2026-02-04T06:29:50","slug":"teho-tohryn-poistaja-aerosoli","status":"publish","type":"product","link":"https:\/\/voitelukeskus.fi\/sv\/tuote\/teho-tohryn-poistaja-aerosoli\/","title":{"rendered":"TEHO Fl\u00e4ckborttagare Aerosol"},"content":{"rendered":"<p><strong>Mycket effektiv aerosol f\u00f6r borttagning av graffiti och fl\u00e4ckar inneh\u00e5llande aromatiska och klorerade kolv\u00e4ten, ketoner och alkoholer. <\/strong><\/p>\n<p>&nbsp;<\/p>\n<p>KRAFTFULL Fl\u00e4ckborttagare tar snabbt bort \u00e4ven de mest envisa och sv\u00e5r\u00e5tkomliga fl\u00e4ckarna, inklusive sprayf\u00e4rger, tusch- och kulspetspennor, l\u00e4ppstift, bl\u00e4ck, lim och lim.<\/p>\n<p>KRAFTFULL Fl\u00e4ckborttagare arbetar snabbt och minskar kostnaderna f\u00f6r omm\u00e5lning, omkl\u00e4dning (vinyl), sandbl\u00e4string. L\u00e4mplig f\u00f6r de flesta h\u00e5rda ytor som keramikplattor, glas, metall, aluminium, linoleum etc.<\/p>\n<p>&nbsp;<\/p>\n<p><strong>OBS: ENDAST F\u00d6R PROFESSIONELLT BRUK!<\/strong><\/p>\n<p><strong>BRUKSANVISNING:<\/strong><\/p>\n<ul>\n<li>Skaka v\u00e4l.<\/li>\n<li>Spraya p\u00e5 ytan som ska reng\u00f6ras fr\u00e5n ett avst\u00e5nd av ca 20 cm.<\/li>\n<li>L\u00e5t det sitta en stund och torka av med en ren, torr trasa.<\/li>\n<li>OBS! F\u00f6r m\u00e5lade och plastbaserade ytor, testa f\u00f6rst p\u00e5 ett undanskymt omr\u00e5de.<\/li>\n<\/ul>\n<p>&nbsp;<\/p>\n<p>Produktnummer: 5115<\/p>\n<p>Endast f\u00f6r professionellt bruk.<\/p>","protected":false},"excerpt":{"rendered":"<p><strong>KRAFTFULL Fl\u00e4ckborttagare<\/strong> \u00e4r en mycket effektiv aerosol f\u00f6r borttagning av graffiti och fl\u00e4ckar som bland annat inneh\u00e5ller aromatiska och klorerade kolv\u00e4ten, ketoner och alkoholer.<\/p>\n<p><strong>Produkten \u00e4r f\u00f6rpackad i en aerosolburk med en nettovolym p\u00e5 500 ml. F\u00f6rs\u00e4ljningskvantiteten \u00e4r en (1) f\u00f6rpackning inneh\u00e5llande 12 flaskor.<\/strong><\/p>","protected":false},"featured_media":1169,"comment_status":"closed","ping_status":"closed","template":"","meta":{"_acf_changed":false},"product_brand":[136],"product_cat":[78,38],"product_tag":[],"class_list":{"0":"post-1113","1":"product","2":"type-product","3":"status-publish","4":"has-post-thumbnail","6":"product_brand-teho","7":"product_cat-aerosolit-ja-sprayt","8":"product_cat-huoltokemikaalit-ja-puhdistusaineet","10":"first","11":"instock","12":"taxable","13":"shipping-taxable","14":"purchasable","15":"product-type-simple"},"acf":[],"_links":{"self":[{"href":"https:\/\/voitelukeskus.fi\/sv\/wp-json\/wp\/v2\/product\/1113","targetHints":{"allow":["GET"]}}],"collection":[{"href":"https:\/\/voitelukeskus.fi\/sv\/wp-json\/wp\/v2\/product"}],"about":[{"href":"https:\/\/voitelukeskus.fi\/sv\/wp-json\/wp\/v2\/types\/product"}],"replies":[{"embeddable":true,"href":"https:\/\/voitelukeskus.fi\/sv\/wp-json\/wp\/v2\/comments?post=1113"}],"wp:featuredmedia":[{"embeddable":true,"href":"https:\/\/voitelukeskus.fi\/sv\/wp-json\/wp\/v2\/media\/1169"}],"wp:attachment":[{"href":"https:\/\/voitelukeskus.fi\/sv\/wp-json\/wp\/v2\/media?parent=1113"}],"wp:term":[{"taxonomy":"product_brand","embeddable":true,"href":"https:\/\/voitelukeskus.fi\/sv\/wp-json\/wp\/v2\/product_brand?post=1113"},{"taxonomy":"product_cat","embeddable":true,"href":"https:\/\/voitelukeskus.fi\/sv\/wp-json\/wp\/v2\/product_cat?post=1113"},{"taxonomy":"product_tag","embeddable":true,"href":"https:\/\/voitelukeskus.fi\/sv\/wp-json\/wp\/v2\/product_tag?post=1113"}],"curies":[{"name":"wp","href":"https:\/\/api.w.org\/{rel}","templated":true}]}}