{"id":1108,"date":"2025-02-20T10:55:49","date_gmt":"2025-02-20T10:55:49","guid":{"rendered":"https:\/\/voitelukeskus.fi\/?post_type=product&#038;p=1108"},"modified":"2025-07-16T08:23:01","modified_gmt":"2025-07-16T08:23:01","slug":"teho-tarttuva-painerasva","status":"publish","type":"product","link":"https:\/\/voitelukeskus.fi\/sv\/tuote\/teho-tarttuva-painerasva\/","title":{"rendered":"POWER sj\u00e4lvh\u00e4ftande tryckfett"},"content":{"rendered":"<p><strong>TEHO Adherent Pressure Grease \u00e4r ett syntetiskt h\u00f6gtrycksfett med utm\u00e4rkt vidh\u00e4ftning och sm\u00f6rjning. <\/strong><\/p>\n<p><strong>\u00a0<\/strong><\/p>\n<p>S\u00e4kerst\u00e4ller effektiv och l\u00e5ngvarig sm\u00f6rjning av r\u00f6rliga delar. Kan anv\u00e4ndas i kr\u00e4vande fuktighets- och temperaturf\u00f6rh\u00e5llanden (driftstemperatur mellan -40\u00b0C och +210\u00b0C). Anv\u00e4nds s\u00e4rskilt f\u00f6r sm\u00f6rjning av snabbr\u00f6rliga delar som kedjor, d\u00e4r utm\u00e4rkt vidh\u00e4ftning och sm\u00f6rjning kr\u00e4vs.<\/p>\n<p><strong>Rekommenderas f\u00f6r anv\u00e4ndning vid kr\u00e4vande sm\u00f6rjning: g\u00e5ngj\u00e4rn, kedjor, kugghjul, transportband, v\u00e4ndskivor, chassidelar, dragkrokar och dragspinnar etc. <\/strong><\/p>\n<p><strong>\u00a0<\/strong><\/p>\n<p><strong>OBS: ENDAST F\u00d6R PROFESSIONELLT BRUK!<\/strong><\/p>\n<p><strong>BRUKSANVISNING:<\/strong><\/p>\n<ol>\n<li>Skaka flaskan v\u00e4l (mer \u00e4n 7 sekunder) f\u00f6re anv\u00e4ndning.<\/li>\n<li>Se till att alla r\u00f6rliga delar p\u00e5 f\u00f6rem\u00e5let som ska sm\u00f6rjas \u00e4r avst\u00e4ngda.<\/li>\n<li>Spraya fettet \u00f6ver hela f\u00f6rem\u00e5let som ska sm\u00f6rjas.<\/li>\n<li>L\u00e5t fettet tr\u00e4nga in och f\u00e4sta vid f\u00f6rem\u00e5let som ska sm\u00f6rjas, och v\u00e4nta tills de intr\u00e4ngande ingredienserna har avdunstat innan du anv\u00e4nder f\u00f6rem\u00e5let\/maskinen\/anordningen.<\/li>\n<\/ol>\n<p><strong>NOTERA:<\/strong> Om tjockare fettlager \u00f6nskas kan fett injiceras i m\u00e5let var 30\u201360:e sekund.<\/p>\n<p><strong>\u00a0<\/strong><\/p>\n<p><strong>Produktnummer: 5049<\/strong><\/p>","protected":false},"excerpt":{"rendered":"<p><strong>POWER sj\u00e4lvh\u00e4ftande tryckfett <\/strong>\u00e4r ett syntetiskt h\u00f6gtrycksfett med utm\u00e4rkt vidh\u00e4ftning och sm\u00f6rjning.<\/p>\n<p><strong>Produkten \u00e4r f\u00f6rpackad i en aerosolburk med en nettovolym p\u00e5 600 ml. F\u00f6rs\u00e4ljningskvantiteten \u00e4r en (1) f\u00f6rpackning inneh\u00e5llande 12 flaskor. <\/strong><\/p>","protected":false},"featured_media":1157,"comment_status":"closed","ping_status":"closed","template":"","meta":{"_acf_changed":false},"product_brand":[136],"product_cat":[78,38],"product_tag":[],"class_list":{"0":"post-1108","1":"product","2":"type-product","3":"status-publish","4":"has-post-thumbnail","6":"product_brand-teho","7":"product_cat-aerosolit-ja-sprayt","8":"product_cat-huoltokemikaalit-ja-puhdistusaineet","10":"first","11":"instock","12":"taxable","13":"shipping-taxable","14":"purchasable","15":"product-type-simple"},"acf":[],"_links":{"self":[{"href":"https:\/\/voitelukeskus.fi\/sv\/wp-json\/wp\/v2\/product\/1108","targetHints":{"allow":["GET"]}}],"collection":[{"href":"https:\/\/voitelukeskus.fi\/sv\/wp-json\/wp\/v2\/product"}],"about":[{"href":"https:\/\/voitelukeskus.fi\/sv\/wp-json\/wp\/v2\/types\/product"}],"replies":[{"embeddable":true,"href":"https:\/\/voitelukeskus.fi\/sv\/wp-json\/wp\/v2\/comments?post=1108"}],"wp:featuredmedia":[{"embeddable":true,"href":"https:\/\/voitelukeskus.fi\/sv\/wp-json\/wp\/v2\/media\/1157"}],"wp:attachment":[{"href":"https:\/\/voitelukeskus.fi\/sv\/wp-json\/wp\/v2\/media?parent=1108"}],"wp:term":[{"taxonomy":"product_brand","embeddable":true,"href":"https:\/\/voitelukeskus.fi\/sv\/wp-json\/wp\/v2\/product_brand?post=1108"},{"taxonomy":"product_cat","embeddable":true,"href":"https:\/\/voitelukeskus.fi\/sv\/wp-json\/wp\/v2\/product_cat?post=1108"},{"taxonomy":"product_tag","embeddable":true,"href":"https:\/\/voitelukeskus.fi\/sv\/wp-json\/wp\/v2\/product_tag?post=1108"}],"curies":[{"name":"wp","href":"https:\/\/api.w.org\/{rel}","templated":true}]}}