{"id":1106,"date":"2025-02-20T10:55:48","date_gmt":"2025-02-20T10:55:48","guid":{"rendered":"https:\/\/voitelukeskus.fi\/?post_type=product&#038;p=1106"},"modified":"2025-07-16T08:07:41","modified_gmt":"2025-07-16T08:07:41","slug":"teho-super-fast-cleaner-rasvanpoistoaerosoli","status":"publish","type":"product","link":"https:\/\/voitelukeskus.fi\/sv\/tuote\/teho-super-fast-cleaner-rasvanpoistoaerosoli\/","title":{"rendered":"TEHO Super Fast Cleaner avfettningsmedel aerosol"},"content":{"rendered":"<p><strong>Mycket snabbt avdunstande industriellt avfettningsmedel. Reng\u00f6r utan att l\u00e4mna n\u00e5gra rester:<\/strong><\/p>\n<ul>\n<li>Alla bromsdelar<\/li>\n<li>Motordelar<\/li>\n<li>Industriella maskiner och utrustning<\/li>\n<li>L\u00c4MNAR INGA RESTER!<\/li>\n<\/ul>\n<p><strong>\u00a0<\/strong><\/p>\n<p><strong>TEHO Super Fast Cleaner \u00e4r en mycket snabbt avdunstande industriell avfettningsaerosol, <\/strong>som best\u00e5r av en blandning av effektiva l\u00f6sningsmedel. Produkten \u00e4r m\u00e5ngsidig och l\u00e4mplig f\u00f6r anv\u00e4ndning i olika till\u00e4mpningar d\u00e4r mycket snabb avdunstning och torkning kr\u00e4vs. L\u00e4mnar inga rester. Utm\u00e4rkt f\u00f6r anv\u00e4ndning p\u00e5 alla bromsdelar (trummor, skivor, kolvar etc.), samt p\u00e5 alla metallytor f\u00f6r reng\u00f6ring av fetter, oljor, bitumen, silikonfetter, lim, tryckf\u00e4rg etc. Produkten \u00e4r en f\u00e4rgl\u00f6s v\u00e4tska och dess densitet vid 20 \u00b0C \u00e4r 0,80. Inneh\u00e5ller inte klorerade kolv\u00e4ten och orsakar inte korrosion. Testa dock alltid p\u00e5 ett litet omr\u00e5de f\u00f6re anv\u00e4ndning.<\/p>\n<p><strong>\u00a0<\/strong><\/p>\n<p><strong>OBS: ENDAST F\u00d6R PROFESSIONELLT BRUK!<\/strong><\/p>\n<p><strong>BRUKSANVISNING:<\/strong><\/p>\n<ol>\n<li>Skaka burken v\u00e4l. Anv\u00e4nd endast i v\u00e4lventilerade utrymmen.<\/li>\n<li>Spraya rikligt p\u00e5 ytan som ska reng\u00f6ras fr\u00e5n ett avst\u00e5nd av ca 20 cm.<\/li>\n<li>L\u00e5t produkten verka i n\u00e5gra sekunder. Upprepa behandlingen omedelbart vid behov, beroende p\u00e5 f\u00f6rem\u00e5lets smutsgrad och \u00f6nskat resultat.<\/li>\n<li><strong>VIKTIG!<\/strong> Anv\u00e4nd inte n\u00e4ra heta f\u00f6rem\u00e5l och ant\u00e4ndningsk\u00e4llor (t.ex. svetsutrustning under svetsning).<\/li>\n<\/ol>\n<p>&nbsp;<\/p>\n<p>Produktnummer: 5045<\/p>\n<p>F\u00f6r professionellt bruk.<\/p>","protected":false},"excerpt":{"rendered":"<p><strong>POWER Super Snabb Reng\u00f6ringsmedel <\/strong>\u00e4r en mycket snabbt avdunstande industriell avfettningsaerosol, best\u00e5ende av en blandning av effektiva l\u00f6sningsmedel. Produkten \u00e4r m\u00e5ngsidig och l\u00e4mplig f\u00f6r anv\u00e4ndning i olika till\u00e4mpningar d\u00e4r mycket snabb avdunstning och torkning kr\u00e4vs. Den l\u00e4mnar inga rester.<\/p>\n<p><strong>Produkten \u00e4r f\u00f6rpackad i en aerosolburk med en nettovolym p\u00e5 400 ml. F\u00f6rs\u00e4ljningskvantiteten \u00e4r en (1) f\u00f6rpackning inneh\u00e5llande 12 flaskor. <\/strong><\/p>","protected":false},"featured_media":1155,"comment_status":"closed","ping_status":"closed","template":"","meta":{"_acf_changed":false},"product_brand":[136],"product_cat":[78,38],"product_tag":[],"class_list":{"0":"post-1106","1":"product","2":"type-product","3":"status-publish","4":"has-post-thumbnail","6":"product_brand-teho","7":"product_cat-aerosolit-ja-sprayt","8":"product_cat-huoltokemikaalit-ja-puhdistusaineet","10":"first","11":"instock","12":"taxable","13":"shipping-taxable","14":"purchasable","15":"product-type-simple"},"acf":[],"_links":{"self":[{"href":"https:\/\/voitelukeskus.fi\/sv\/wp-json\/wp\/v2\/product\/1106","targetHints":{"allow":["GET"]}}],"collection":[{"href":"https:\/\/voitelukeskus.fi\/sv\/wp-json\/wp\/v2\/product"}],"about":[{"href":"https:\/\/voitelukeskus.fi\/sv\/wp-json\/wp\/v2\/types\/product"}],"replies":[{"embeddable":true,"href":"https:\/\/voitelukeskus.fi\/sv\/wp-json\/wp\/v2\/comments?post=1106"}],"wp:featuredmedia":[{"embeddable":true,"href":"https:\/\/voitelukeskus.fi\/sv\/wp-json\/wp\/v2\/media\/1155"}],"wp:attachment":[{"href":"https:\/\/voitelukeskus.fi\/sv\/wp-json\/wp\/v2\/media?parent=1106"}],"wp:term":[{"taxonomy":"product_brand","embeddable":true,"href":"https:\/\/voitelukeskus.fi\/sv\/wp-json\/wp\/v2\/product_brand?post=1106"},{"taxonomy":"product_cat","embeddable":true,"href":"https:\/\/voitelukeskus.fi\/sv\/wp-json\/wp\/v2\/product_cat?post=1106"},{"taxonomy":"product_tag","embeddable":true,"href":"https:\/\/voitelukeskus.fi\/sv\/wp-json\/wp\/v2\/product_tag?post=1106"}],"curies":[{"name":"wp","href":"https:\/\/api.w.org\/{rel}","templated":true}]}}