{"id":1068,"date":"2025-02-20T10:54:54","date_gmt":"2025-02-20T10:54:54","guid":{"rendered":"https:\/\/voitelukeskus.fi\/?post_type=product&#038;p=1068"},"modified":"2025-07-16T08:20:53","modified_gmt":"2025-07-16T08:20:53","slug":"teho-brake-cleaner-jarrujen-puhdistusaine","status":"publish","type":"product","link":"https:\/\/voitelukeskus.fi\/sv\/tuote\/teho-brake-cleaner-jarrujen-puhdistusaine\/","title":{"rendered":"TEHO Bromsreng\u00f6ring+"},"content":{"rendered":"<p><strong>TEHO Bromsreng\u00f6ring \u00e4r en mycket snabb och effektiv bromsreng\u00f6ringsaerosol. <\/strong><\/p>\n<p><strong>Aerosol speciellt framtagen f\u00f6r reng\u00f6ring av bromsar och kopplingar. Utm\u00e4rkt l\u00f6sningsmedel f\u00f6r att avl\u00e4gsna bromsv\u00e4tska, olja, fett, bel\u00e4ggningar, damm och metallrester. F\u00f6rb\u00e4ttrar bromsprestandan genom att avl\u00e4gsna skadligt damm. Eliminerar \u00e4ven bromsgnissel.<\/strong><\/p>\n<p>Kr\u00e4ver inte demontering av bromssystemet. L\u00e4mnar inga rester. Produktens avdunstningshastighet \u00e4r optimerad f\u00f6r att uppn\u00e5 b\u00e4sta m\u00f6jliga resultat. L\u00f6sningsmedlet har tid att tr\u00e4nga in i systemet och effektivt avl\u00e4gsna damm, smuts och metallrester. Snabb, effektiv och l\u00e5ngvarig effekt. Praktisk aerosolf\u00f6rpackning ger \u00e5tkomst \u00e4ven till de sv\u00e5raste st\u00e4llena.<\/p>\n<p>Inneh\u00e5ller inte klorerade l\u00f6sningsmedel eller glykoleter.<\/p>\n<p>&nbsp;<\/p>\n<p><strong>OBS: ENDAST F\u00d6R PROFESSIONELLT BRUK!<\/strong><\/p>\n<p><strong>BRUKSANVISNING:<\/strong><\/p>\n<ol>\n<li>Spraya rikligt p\u00e5 de delar som ska reng\u00f6ras.<\/li>\n<li>Torka av med en ren trasa eller l\u00e5t torka fritt.<\/li>\n<li>Upprepa behandlingen vid behov.<\/li>\n<\/ol>\n<p>&nbsp;<\/p>\n<p>Produktnummer: 5144<\/p>\n<p>F\u00f6r professionellt bruk.<\/p>","protected":false},"excerpt":{"rendered":"<p><strong>TEHO Bromsreng\u00f6ring <\/strong>\u00e4r en mycket snabb och effektiv bromsreng\u00f6ringsaerosol. En aerosol speciellt framtagen f\u00f6r reng\u00f6ring av bromsar och kopplingar. Ett utm\u00e4rkt l\u00f6sningsmedel f\u00f6r att avl\u00e4gsna bromsv\u00e4tska, olja, fett, bel\u00e4ggningar, damm och metallrester. F\u00f6rb\u00e4ttrar bromsprestandan genom att avl\u00e4gsna skadligt damm. Eliminerar \u00e4ven bromsgnissel.<\/p>\n<p><strong>Produkten \u00e4r f\u00f6rpackad i en aerosolburk med en nettovolym p\u00e5 600 ml. F\u00f6rs\u00e4ljningskvantiteten \u00e4r en (1) f\u00f6rpackning inneh\u00e5llande 12 flaskor.<\/strong><\/p>","protected":false},"featured_media":1117,"comment_status":"closed","ping_status":"closed","template":"","meta":{"_acf_changed":false},"product_brand":[136],"product_cat":[78,38],"product_tag":[],"class_list":{"0":"post-1068","1":"product","2":"type-product","3":"status-publish","4":"has-post-thumbnail","6":"product_brand-teho","7":"product_cat-aerosolit-ja-sprayt","8":"product_cat-huoltokemikaalit-ja-puhdistusaineet","10":"first","11":"instock","12":"taxable","13":"shipping-taxable","14":"purchasable","15":"product-type-simple"},"acf":[],"_links":{"self":[{"href":"https:\/\/voitelukeskus.fi\/sv\/wp-json\/wp\/v2\/product\/1068","targetHints":{"allow":["GET"]}}],"collection":[{"href":"https:\/\/voitelukeskus.fi\/sv\/wp-json\/wp\/v2\/product"}],"about":[{"href":"https:\/\/voitelukeskus.fi\/sv\/wp-json\/wp\/v2\/types\/product"}],"replies":[{"embeddable":true,"href":"https:\/\/voitelukeskus.fi\/sv\/wp-json\/wp\/v2\/comments?post=1068"}],"wp:featuredmedia":[{"embeddable":true,"href":"https:\/\/voitelukeskus.fi\/sv\/wp-json\/wp\/v2\/media\/1117"}],"wp:attachment":[{"href":"https:\/\/voitelukeskus.fi\/sv\/wp-json\/wp\/v2\/media?parent=1068"}],"wp:term":[{"taxonomy":"product_brand","embeddable":true,"href":"https:\/\/voitelukeskus.fi\/sv\/wp-json\/wp\/v2\/product_brand?post=1068"},{"taxonomy":"product_cat","embeddable":true,"href":"https:\/\/voitelukeskus.fi\/sv\/wp-json\/wp\/v2\/product_cat?post=1068"},{"taxonomy":"product_tag","embeddable":true,"href":"https:\/\/voitelukeskus.fi\/sv\/wp-json\/wp\/v2\/product_tag?post=1068"}],"curies":[{"name":"wp","href":"https:\/\/api.w.org\/{rel}","templated":true}]}}