{"id":1066,"date":"2025-02-20T10:54:53","date_gmt":"2025-02-20T10:54:53","guid":{"rendered":"https:\/\/voitelukeskus.fi\/?post_type=product&#038;p=1066"},"modified":"2025-07-15T08:37:04","modified_gmt":"2025-07-15T08:37:04","slug":"teho-autopesu-all-in-one-autoshampoo","status":"publish","type":"product","link":"https:\/\/voitelukeskus.fi\/sv\/tuote\/teho-autopesu-all-in-one-autoshampoo\/","title":{"rendered":"TEHO Autopesu Allt-i-ett bilschampo"},"content":{"rendered":"<p><strong>Ett mycket effektivt bilschampo och h\u00f6gtryckstv\u00e4tt som \u00f6kar glansen p\u00e5 ytor.<\/strong><\/p>\n<p>Produkten \u00e4r ett h\u00f6geffektivt bilschampo p\u00e5 akrylbasis som l\u00e4mnar ett skyddande molekyl\u00e4rt lager och \u00f6kar ytans glans. Produkten \u00e4r utformad f\u00f6r professionell anv\u00e4ndning i finska f\u00f6rh\u00e5llanden.<\/p>\n<p><strong>Kan anv\u00e4ndas f\u00f6r f\u00f6rtv\u00e4tt\/h\u00f6gtryckstv\u00e4tt av fordon, samt f\u00f6r handtv\u00e4tt med svamp eller tv\u00e4ttvante.<\/strong> Kan anv\u00e4ndas f\u00f6r tv\u00e4tt av bilar, sk\u00e5pbilar, lastbilar och utrustning. Avl\u00e4gsnar effektivt v\u00e4gsmuts, luftf\u00f6roreningar, br\u00e4nslerester, f\u00e5gelspillning och insektsm\u00e4rken. Produkten bildar ett rikt aktivt skum, men sk\u00f6ljs l\u00e4tt bort.<\/p>\n<p><strong>Prisv\u00e4rd att anv\u00e4nda:<\/strong> Fungerande l\u00f6sning f\u00f6r normal tv\u00e4tt med h\u00f6gtryckstv\u00e4tt \u00e4r 1-5%, och f\u00f6r handtv\u00e4tt med svamp eller tv\u00e4ttvante r\u00e4cker 1\u20134 korkar tv\u00e4ttmedel f\u00f6r en hink p\u00e5 10\u201320 liter. Produkten \u00e4r &quot;vaxs\u00e4ker&quot; n\u00e4r den anv\u00e4nds som en blandning upp till 5% och skadar inte f\u00e4rg, krom, glas eller lackerade ytor. Biologiskt nedbrytbar.<\/p>\n<p><strong>\u00a0<\/strong><\/p>\n<p><strong>OBS: ENDAST F\u00d6R PROFESSIONELLT BRUK!<\/strong><\/p>\n<p><strong>BRUKSANVISNING:<\/strong><\/p>\n<p>L\u00e5t inte tv\u00e4ttmedlet torka p\u00e5 ytan som ska tv\u00e4ttas. Undvik att tv\u00e4tta fordonet i direkt solljus eller n\u00e4r ytorna \u00e4r varma.<\/p>\n<p><strong>F\u00f6rtv\u00e4tt och h\u00f6gtryckstv\u00e4tt:<\/strong><\/p>\n<ol>\n<li>Spraya ytan som ska tv\u00e4ttas nerifr\u00e5n och upp som en blandning av 1-5%. B\u00e4st resultat uppn\u00e5s genom att anv\u00e4nda skummedlet fr\u00e5n en h\u00f6gtryckstv\u00e4tt, vilket skapar ett aktivt tjockt lager av skum, eller sn\u00f6skum, p\u00e5 ytan som f\u00f6rb\u00e4ttrar reng\u00f6ringen.<\/li>\n<li>L\u00e5t det verka i n\u00e5gra minuter, l\u00e5t inte tv\u00e4ttmedlet torka in p\u00e5 ytan som ska tv\u00e4ttas.<\/li>\n<li>Sk\u00f6lj med en h\u00f6gtryckstv\u00e4tt med kallt eller varmt vatten uppifr\u00e5n och ner.<\/li>\n<\/ol>\n<p>&nbsp;<\/p>\n<p><strong>Handtv\u00e4tt:<\/strong><\/p>\n<ol>\n<li>Blanda 1\u20134 korkar tv\u00e4ttmedel i en hink p\u00e5 10\u201320 liter.<\/li>\n<li>Tv\u00e4tta fordonet med en svamp eller vante av god kvalitet.<\/li>\n<li>L\u00e5t inte tv\u00e4ttmedlet torka p\u00e5 ytan som ska tv\u00e4ttas. Undvik att tv\u00e4tta fordonet i direkt solljus eller n\u00e4r ytorna \u00e4r varma.<\/li>\n<li>Sk\u00f6lj med h\u00f6gtryckstv\u00e4tt eller helst med vattenslang.<\/li>\n<li>Slutligen kan ytorna torkas med en s\u00e4mskskinns- eller mikrofiberduk av god kvalitet, vilket ytterligare f\u00f6rst\u00e4rker glansen p\u00e5 de tv\u00e4ttade ytorna.<\/li>\n<\/ol>\n<p>&nbsp;<\/p>\n<p>Produktnummer: 2131<\/p>\n<p>F\u00f6r professionellt bruk.<\/p>","protected":false},"excerpt":{"rendered":"<p><strong>TEHO Biltv\u00e4tt Allt-i-ett <\/strong>\u00e4r ett mycket effektivt bilschampo och h\u00f6gtryckstv\u00e4tt som \u00f6kar ytornas glans. Produkten \u00e4r ett mycket effektivt akrylbaserat bilschampo som l\u00e4mnar ett skyddande molekyl\u00e4rt lager och \u00f6kar ytans glans. Produkten \u00e4r avsedd f\u00f6r professionell anv\u00e4ndning i finska f\u00f6rh\u00e5llanden. Kan anv\u00e4ndas f\u00f6r f\u00f6rtv\u00e4tt\/h\u00f6gtryckstv\u00e4tt av fordon, samt f\u00f6r handtv\u00e4tt med svamp eller tv\u00e4ttvante.<\/p>\n<p><strong>Produkten \u00e4r f\u00f6rpackad i en 5-liters plastbeh\u00e5llare. F\u00f6rs\u00e4ljningspartiet \u00e4r en (1) l\u00e5da inneh\u00e5llande 4 beh\u00e5llare. <\/strong><\/p>","protected":false},"featured_media":1115,"comment_status":"closed","ping_status":"closed","template":"","meta":{"_acf_changed":false},"product_brand":[136],"product_cat":[38,90],"product_tag":[],"class_list":{"0":"post-1066","1":"product","2":"type-product","3":"status-publish","4":"has-post-thumbnail","6":"product_brand-teho","7":"product_cat-huoltokemikaalit-ja-puhdistusaineet","8":"product_cat-pesuaineet","10":"first","11":"instock","12":"taxable","13":"shipping-taxable","14":"purchasable","15":"product-type-simple"},"acf":[],"_links":{"self":[{"href":"https:\/\/voitelukeskus.fi\/sv\/wp-json\/wp\/v2\/product\/1066","targetHints":{"allow":["GET"]}}],"collection":[{"href":"https:\/\/voitelukeskus.fi\/sv\/wp-json\/wp\/v2\/product"}],"about":[{"href":"https:\/\/voitelukeskus.fi\/sv\/wp-json\/wp\/v2\/types\/product"}],"replies":[{"embeddable":true,"href":"https:\/\/voitelukeskus.fi\/sv\/wp-json\/wp\/v2\/comments?post=1066"}],"wp:featuredmedia":[{"embeddable":true,"href":"https:\/\/voitelukeskus.fi\/sv\/wp-json\/wp\/v2\/media\/1115"}],"wp:attachment":[{"href":"https:\/\/voitelukeskus.fi\/sv\/wp-json\/wp\/v2\/media?parent=1066"}],"wp:term":[{"taxonomy":"product_brand","embeddable":true,"href":"https:\/\/voitelukeskus.fi\/sv\/wp-json\/wp\/v2\/product_brand?post=1066"},{"taxonomy":"product_cat","embeddable":true,"href":"https:\/\/voitelukeskus.fi\/sv\/wp-json\/wp\/v2\/product_cat?post=1066"},{"taxonomy":"product_tag","embeddable":true,"href":"https:\/\/voitelukeskus.fi\/sv\/wp-json\/wp\/v2\/product_tag?post=1066"}],"curies":[{"name":"wp","href":"https:\/\/api.w.org\/{rel}","templated":true}]}}