{"id":1049,"date":"2025-02-20T10:54:29","date_gmt":"2025-02-20T10:54:29","guid":{"rendered":"https:\/\/voitelukeskus.fi\/?post_type=product&#038;p=1049"},"modified":"2025-07-16T08:24:30","modified_gmt":"2025-07-16T08:24:30","slug":"teho-ptfe-painerasva","status":"publish","type":"product","link":"https:\/\/voitelukeskus.fi\/sv\/tuote\/teho-ptfe-painerasva\/","title":{"rendered":"TEHO PTFE tryckfett"},"content":{"rendered":"<p><strong>Mycket halt och l\u00e5ngvarigt PTFE h\u00f6gtrycksfett:<\/strong><\/p>\n<ul>\n<li>F\u00f6r sm\u00f6rjning av bommar, glidytor och lager<\/li>\n<li>Bra sm\u00f6rjf\u00f6rm\u00e5ga och v\u00e4derbest\u00e4ndighet<\/li>\n<li>Skyddar delar fr\u00e5n att sk\u00e4ras<strong><br \/>\n<\/strong><strong>\u00a0<\/strong><\/li>\n<\/ul>\n<p><strong>TEHO PTFE tryckfett<\/strong> \u00e4r ett mycket effektivt h\u00f6gtryckssm\u00f6rjmedel och fett som effektivt sk\u00e4r igenom gammalt fett och smuts. Det f\u00e4ster mycket starkt p\u00e5 de ytor som ska sm\u00f6rjas och s\u00e4kerst\u00e4ller l\u00e5ngvariga sm\u00f6rjegenskaper under extrema f\u00f6rh\u00e5llanden. Ingen droppbildning.<\/p>\n<p>Sm\u00f6rjer effektivt vid temperaturer fr\u00e5n -20\u00b0C till +180\u00b0C (tillf\u00e4lligt +200\u00b0C, fryspunkt -25\u00b0C). Inneh\u00e5ller en unik kombination av naturliga och syntetiska sm\u00f6rjmedel. PTFE f\u00f6rb\u00e4ttrar sm\u00f6rjf\u00f6rm\u00e5gan och minskar friktionen avsev\u00e4rt.<\/p>\n<p>Produkten \u00e4r vattenavvisande, skyddar mot korrosion och \u00e4r l\u00e4mplig f\u00f6r marina f\u00f6rh\u00e5llanden. Effektivt antik\u00e4rvningsmedel f\u00f6r rostfritt st\u00e5l, aluminium och andra metallytor. Ljus i f\u00e4rgen.<\/p>\n<p>Sm\u00f6rjer effektivt bommar och glidytor, leder, lager, kedjor, styrningar\/glidskenor, kugghjul, ventiler etc.<\/p>\n<p>L\u00e4mplig f\u00f6r anv\u00e4ndning i fordon, maskiner, fartyg, industri och jordbruk.<\/p>\n<p><strong><br \/>\nOBS: ENDAST F\u00d6R PROFESSIONELLT BRUK!<\/strong><\/p>\n<p><strong>BRUKSANVISNING: <\/strong><\/p>\n<ol>\n<li>Skaka flaskan v\u00e4l (mer \u00e4n 7 sekunder) f\u00f6re anv\u00e4ndning.<\/li>\n<li>Se till att alla r\u00f6rliga delar p\u00e5 f\u00f6rem\u00e5let som ska sm\u00f6rjas \u00e4r avst\u00e4ngda.<\/li>\n<li>Spraya fettet \u00f6ver hela f\u00f6rem\u00e5let som ska sm\u00f6rjas.<\/li>\n<li>L\u00e5t fettet tr\u00e4nga in och f\u00e4sta vid f\u00f6rem\u00e5let som ska sm\u00f6rjas och v\u00e4nta tills de intr\u00e4ngande ingredienserna har avdunstat innan du anv\u00e4nder f\u00f6rem\u00e5let\/maskinen\/anordningen.<\/li>\n<li>Efter att l\u00f6sningsmedlet avdunstat bildas en slitstark sm\u00f6rjande yta.<\/li>\n<\/ol>\n<p>Produktnummer: 5084<\/p>\n<p>F\u00f6r professionellt bruk.<\/p>","protected":false},"excerpt":{"rendered":"<p><strong>TEHO PTFE tryckfett<\/strong> \u00e4r ett mycket effektivt h\u00f6gtryckssm\u00f6rjmedel och fett som effektivt sk\u00e4r igenom gammalt fett och smuts. Det f\u00e4ster mycket starkt p\u00e5 de ytor som ska sm\u00f6rjas och s\u00e4kerst\u00e4ller l\u00e5ngvariga sm\u00f6rjegenskaper under extrema f\u00f6rh\u00e5llanden. Droppar inte.<\/p>\n<p><strong>Produkten \u00e4r f\u00f6rpackad i en aerosolburk med en nettovolym p\u00e5 600 ml. F\u00f6rs\u00e4ljningskvantiteten \u00e4r en (1) f\u00f6rpackning inneh\u00e5llande 12 flaskor. <\/strong><\/p>","protected":false},"featured_media":1100,"comment_status":"closed","ping_status":"closed","template":"","meta":{"_acf_changed":false},"product_brand":[136],"product_cat":[78,38],"product_tag":[],"class_list":{"0":"post-1049","1":"product","2":"type-product","3":"status-publish","4":"has-post-thumbnail","6":"product_brand-teho","7":"product_cat-aerosolit-ja-sprayt","8":"product_cat-huoltokemikaalit-ja-puhdistusaineet","10":"first","11":"instock","12":"taxable","13":"shipping-taxable","14":"purchasable","15":"product-type-simple"},"acf":[],"_links":{"self":[{"href":"https:\/\/voitelukeskus.fi\/sv\/wp-json\/wp\/v2\/product\/1049","targetHints":{"allow":["GET"]}}],"collection":[{"href":"https:\/\/voitelukeskus.fi\/sv\/wp-json\/wp\/v2\/product"}],"about":[{"href":"https:\/\/voitelukeskus.fi\/sv\/wp-json\/wp\/v2\/types\/product"}],"replies":[{"embeddable":true,"href":"https:\/\/voitelukeskus.fi\/sv\/wp-json\/wp\/v2\/comments?post=1049"}],"wp:featuredmedia":[{"embeddable":true,"href":"https:\/\/voitelukeskus.fi\/sv\/wp-json\/wp\/v2\/media\/1100"}],"wp:attachment":[{"href":"https:\/\/voitelukeskus.fi\/sv\/wp-json\/wp\/v2\/media?parent=1049"}],"wp:term":[{"taxonomy":"product_brand","embeddable":true,"href":"https:\/\/voitelukeskus.fi\/sv\/wp-json\/wp\/v2\/product_brand?post=1049"},{"taxonomy":"product_cat","embeddable":true,"href":"https:\/\/voitelukeskus.fi\/sv\/wp-json\/wp\/v2\/product_cat?post=1049"},{"taxonomy":"product_tag","embeddable":true,"href":"https:\/\/voitelukeskus.fi\/sv\/wp-json\/wp\/v2\/product_tag?post=1049"}],"curies":[{"name":"wp","href":"https:\/\/api.w.org\/{rel}","templated":true}]}}