{"id":1045,"date":"2025-02-20T10:54:28","date_gmt":"2025-02-20T10:54:28","guid":{"rendered":"https:\/\/voitelukeskus.fi\/?post_type=product&#038;p=1045"},"modified":"2025-07-16T08:27:59","modified_gmt":"2025-07-16T08:27:59","slug":"teho-multi-450-ptfe-voiteluaine","status":"publish","type":"product","link":"https:\/\/voitelukeskus.fi\/sv\/tuote\/teho-multi-450-ptfe-voiteluaine\/","title":{"rendered":"TEHO Multi 450 PTFE-sm\u00f6rjmedel"},"content":{"rendered":"<p><strong>Multifunktionellt PTFE-baserat sm\u00f6rjmedel som effektivt sk\u00e4r igenom fett och smuts, sm\u00f6rjer och skyddar -48\u00b0C \u2013 +246\u00b0C. \u00d6verl\u00e4gsen \u00f6ppningsf\u00f6rm\u00e5ga f\u00f6r fastnade delar.<\/strong><\/p>\n<p>TEHO Multi 450 \u00e4r ett m\u00e5ngsidigt, h\u00f6geffektivt sm\u00f6rjmedel som inneh\u00e5ller PTFE, effektivt sk\u00e4r igenom gammalt fett och smuts, sm\u00f6rjer och skyddar vid temperaturer fr\u00e5n -48\u00b0C till +246\u00b0C.<\/p>\n<p>Tar effektivt bort delar som fastnat p\u00e5 grund av slitage, rost, smuts eller fett; den ultimata \u00f6ppnaren f\u00f6r fastnade delar.<\/p>\n<p>Minskar friktion och sm\u00f6rjer alla r\u00f6rliga delar, samt avl\u00e4gsnar fett och smuts. Skyddar mot korrosion. Utm\u00e4rkt universalsm\u00f6rjmedel. Samlar inte smuts efter att de penetrerande ingredienserna avdunstat (utm\u00e4rkt f\u00f6r sm\u00f6rjning av l\u00e5s). F\u00e4rgl\u00f6s och mycket mild lukt, l\u00e4mnar inga fl\u00e4ckar p\u00e5 f\u00f6rem\u00e5len som sm\u00f6rjs. Kan \u00e4ven anv\u00e4ndas som en f\u00e4rgl\u00f6s skyddande olja f\u00f6r metalldelar.<\/p>\n<p>Rekommenderas f\u00f6r anv\u00e4ndning i verkst\u00e4der, industri, fastighetsunderh\u00e5ll och \u00f6verallt d\u00e4r ett effektivt, icke-klibbigt, fastkl\u00e4mt lossningsmedel, sm\u00f6rjmedel och skyddsolja beh\u00f6vs. Vid regelbunden anv\u00e4ndning \u00e4r det ett utm\u00e4rkt, icke-fl\u00e4ckande sm\u00f6rjmedel f\u00f6r cykelkedjor och delar.<\/p>\n<p><strong>OBS: ENDAST F\u00d6R PROFESSIONELLT BRUK!<\/strong><\/p>\n<p><strong>BRUKSANVISNING:<\/strong><\/p>\n<ol>\n<li>Skaka flaskan v\u00e4l (mer \u00e4n 7 sekunder).<\/li>\n<li>Spraya p\u00e5 f\u00f6rem\u00e5l som ska tas bort, sm\u00f6rjas, reng\u00f6ras eller skyddas.<\/li>\n<li>L\u00e5t produkten verka p\u00e5 sm\u00f6rjpunkterna eller de fastnade delarna.<\/li>\n<li>Tills\u00e4tt produkt om det beh\u00f6vs.<\/li>\n<li>Torka bort \u00f6verfl\u00f6digt material (t.ex. l\u00e5stungor och andra delar) vid behov.<\/li>\n<\/ol>\n<p>Produktnummer: 5105<\/p>\n<p>F\u00f6r professionellt bruk.<\/p>","protected":false},"excerpt":{"rendered":"<p><strong>POWER Multi 450<\/strong> \u00e4r ett m\u00e5ngsidigt, h\u00f6geffektivt sm\u00f6rjmedel inneh\u00e5llande PTFE, som effektivt sk\u00e4r igenom gammalt fett och smuts, sm\u00f6rjer och skyddar vid temperaturer fr\u00e5n -48\u00b0C till +246\u00b0C.<\/p>\n<p><strong>Produkten \u00e4r f\u00f6rpackad i en aerosolburk med en nettovolym p\u00e5 600 ml. F\u00f6rs\u00e4ljningskvantiteten \u00e4r en (1) f\u00f6rpackning inneh\u00e5llande 12 flaskor. <\/strong><\/p>","protected":false},"featured_media":1096,"comment_status":"closed","ping_status":"closed","template":"","meta":{"_acf_changed":false},"product_brand":[136],"product_cat":[78,38],"product_tag":[],"class_list":{"0":"post-1045","1":"product","2":"type-product","3":"status-publish","4":"has-post-thumbnail","6":"product_brand-teho","7":"product_cat-aerosolit-ja-sprayt","8":"product_cat-huoltokemikaalit-ja-puhdistusaineet","10":"first","11":"instock","12":"featured","13":"taxable","14":"shipping-taxable","15":"purchasable","16":"product-type-simple"},"acf":[],"_links":{"self":[{"href":"https:\/\/voitelukeskus.fi\/sv\/wp-json\/wp\/v2\/product\/1045","targetHints":{"allow":["GET"]}}],"collection":[{"href":"https:\/\/voitelukeskus.fi\/sv\/wp-json\/wp\/v2\/product"}],"about":[{"href":"https:\/\/voitelukeskus.fi\/sv\/wp-json\/wp\/v2\/types\/product"}],"replies":[{"embeddable":true,"href":"https:\/\/voitelukeskus.fi\/sv\/wp-json\/wp\/v2\/comments?post=1045"}],"wp:featuredmedia":[{"embeddable":true,"href":"https:\/\/voitelukeskus.fi\/sv\/wp-json\/wp\/v2\/media\/1096"}],"wp:attachment":[{"href":"https:\/\/voitelukeskus.fi\/sv\/wp-json\/wp\/v2\/media?parent=1045"}],"wp:term":[{"taxonomy":"product_brand","embeddable":true,"href":"https:\/\/voitelukeskus.fi\/sv\/wp-json\/wp\/v2\/product_brand?post=1045"},{"taxonomy":"product_cat","embeddable":true,"href":"https:\/\/voitelukeskus.fi\/sv\/wp-json\/wp\/v2\/product_cat?post=1045"},{"taxonomy":"product_tag","embeddable":true,"href":"https:\/\/voitelukeskus.fi\/sv\/wp-json\/wp\/v2\/product_tag?post=1045"}],"curies":[{"name":"wp","href":"https:\/\/api.w.org\/{rel}","templated":true}]}}